{"id":3641,"date":"2020-03-12T14:01:08","date_gmt":"2020-03-12T14:01:08","guid":{"rendered":"https:\/\/www.rezilio.com\/decouvrez-rezilio\/"},"modified":"2023-10-02T16:27:11","modified_gmt":"2023-10-02T16:27:11","slug":"descubrir-rezilio","status":"publish","type":"page","link":"https:\/\/www.rezilio.com\/es\/descubrir-rezilio\/","title":{"rendered":"Descubrir REZILIO"},"content":{"rendered":"<style>#kt-layout-id_1fb6db-dd > .kt-row-column-wrap{align-content:start;}:where(#kt-layout-id_1fb6db-dd > .kt-row-column-wrap) > .wp-block-kadence-column{justify-content:start;}#kt-layout-id_1fb6db-dd > .kt-row-column-wrap{column-gap:var(--global-kb-gap-md, 2rem);row-gap:var(--global-kb-gap-md, 2rem);max-width:var( --global-content-width, 1290px );padding-left:var(--global-content-edge-padding);padding-right:var(--global-content-edge-padding);padding-top:var( --global-kb-row-default-top, 25px );padding-bottom:var( --global-kb-row-default-bottom, 25px );padding-top:75px;grid-template-columns:minmax(0, calc(50% - ((var(--global-kb-gap-md, 2rem) * 1 )\/2)))minmax(0, calc(50% - ((var(--global-kb-gap-md, 2rem) * 1 )\/2)));}#kt-layout-id_1fb6db-dd > .kt-row-layout-overlay{opacity:0.30;}@media all and (max-width: 1024px){#kt-layout-id_1fb6db-dd > .kt-row-column-wrap{grid-template-columns:repeat(2, minmax(0, 1fr));}}@media all and (max-width: 767px){#kt-layout-id_1fb6db-dd > .kt-row-column-wrap{grid-template-columns:minmax(0, 1fr);}}<\/style>\n<div class=\"wp-block-kadence-rowlayout alignnone\"><div id=\"kt-layout-id_1fb6db-dd\" class=\"kt-row-layout-inner kt-layout-id_1fb6db-dd\"><div class=\"kt-row-column-wrap kt-has-2-columns kt-gutter-default kt-v-gutter-default kt-row-valign-top kt-row-layout-equal kt-tab-layout-inherit kt-m-colapse-left-to-right kt-mobile-layout-row  kt-custom-first-width-50  kt-custom-second-width-50 kb-theme-content-width\"><style>.kadence-column_ed36ac-da > .kt-inside-inner-col{padding-top:0px;}.kadence-column_ed36ac-da > .kt-inside-inner-col{border-top-width:0px;border-right-width:0px;border-bottom-width:0px;border-left-width:0px;}.kadence-column_ed36ac-da > .kt-inside-inner-col,.kadence-column_ed36ac-da > .kt-inside-inner-col:before{border-top-left-radius:0px;border-top-right-radius:0px;border-bottom-right-radius:0px;border-bottom-left-radius:0px;}.kadence-column_ed36ac-da > .kt-inside-inner-col{column-gap:var(--global-kb-gap-sm, 1rem);}.kadence-column_ed36ac-da > .kt-inside-inner-col{flex-direction:column;}.kadence-column_ed36ac-da > .kt-inside-inner-col > .aligncenter{width:100%;}.kadence-column_ed36ac-da > .kt-inside-inner-col:before{opacity:0.3;}.kadence-column_ed36ac-da{position:relative;}@media all and (max-width: 1024px){.kadence-column_ed36ac-da > .kt-inside-inner-col{flex-direction:column;justify-content:center;}}@media all and (max-width: 767px){.kadence-column_ed36ac-da > .kt-inside-inner-col{flex-direction:column;justify-content:center;}}<\/style>\n<div class=\"wp-block-kadence-column inner-column-1 kadence-column_ed36ac-da\"><div class=\"kt-inside-inner-col\"><style>.wp-block-kadence-advancedheading.kt-adv-heading_864e8b-74, .wp-block-kadence-advancedheading.kt-adv-heading_864e8b-74[data-kb-block=\"kb-adv-heading_864e8b-74\"]{text-align:left;font-style:normal;}.wp-block-kadence-advancedheading.kt-adv-heading_864e8b-74 mark.kt-highlight, .wp-block-kadence-advancedheading.kt-adv-heading_864e8b-74[data-kb-block=\"kb-adv-heading_864e8b-74\"] mark.kt-highlight{font-style:normal;color:#f76a0c;-webkit-box-decoration-break:clone;box-decoration-break:clone;padding-top:0px;padding-right:0px;padding-bottom:0px;padding-left:0px;}<\/style>\n<h3 class=\"kt-adv-heading_864e8b-74 wp-block-kadence-advancedheading\" data-kb-block=\"kb-adv-heading_864e8b-74\"><em><em><em>\u00bfListo para descubrir Rezilio?<\/em><\/em><\/em><\/h3>\n\n\n<style>.wp-block-kadence-advancedheading.kt-adv-heading_00c713-e1, .wp-block-kadence-advancedheading.kt-adv-heading_00c713-e1[data-kb-block=\"kb-adv-heading_00c713-e1\"]{text-align:left;font-style:normal;}.wp-block-kadence-advancedheading.kt-adv-heading_00c713-e1 mark.kt-highlight, .wp-block-kadence-advancedheading.kt-adv-heading_00c713-e1[data-kb-block=\"kb-adv-heading_00c713-e1\"] mark.kt-highlight{font-style:normal;color:#f76a0c;-webkit-box-decoration-break:clone;box-decoration-break:clone;padding-top:0px;padding-right:0px;padding-bottom:0px;padding-left:0px;}<\/style>\n<h4 class=\"kt-adv-heading_00c713-e1 wp-block-kadence-advancedheading\" data-kb-block=\"kb-adv-heading_00c713-e1\"><em><em><em>Reserva ahora tu visita privada con uno de nuestros expertos.<\/em><\/em><\/em><\/h4>\n\n\n\n<p>Rezilio es una de las soluciones m\u00e1s avanzadas y completas del mercado para hacer frente a las crisis y las cat\u00e1strofes.<\/p>\n\n\n<style>.wp-block-kadence-iconlist.kt-svg-icon-list-items_9d3166-30:not(.this-stops-third-party-issues){margin-top:0px;margin-bottom:0px;}.wp-block-kadence-iconlist.kt-svg-icon-list-items_9d3166-30 ul.kt-svg-icon-list:not(.this-prevents-issues):not(.this-stops-third-party-issues):not(.tijsloc){margin-top:0px;margin-right:0px;margin-bottom:10px;margin-left:0px;}.wp-block-kadence-iconlist.kt-svg-icon-list-items_9d3166-30 ul.kt-svg-icon-list{grid-row-gap:15px;}.wp-block-kadence-iconlist.kt-svg-icon-list-items_9d3166-30 ul.kt-svg-icon-list .kt-svg-icon-list-item-wrap .kt-svg-icon-list-single{margin-right:15px;}.kt-svg-icon-list-items_9d3166-30 ul.kt-svg-icon-list .kt-svg-icon-list-level-0 .kt-svg-icon-list-single svg{font-size:25px;}.kt-svg-icon-list-items_9d3166-30 ul.kt-svg-icon-list .kt-svg-icon-list-level-1 .kt-svg-icon-list-single svg{font-size:25px;}.kt-svg-icon-list-items_9d3166-30 ul.kt-svg-icon-list .kt-svg-icon-list-level-2 .kt-svg-icon-list-single svg{font-size:25px;}<\/style>\n<div class=\"wp-block-kadence-iconlist kt-svg-icon-list-items kt-svg-icon-list-items_9d3166-30 kt-svg-icon-list-columns-1 alignnone\"><ul class=\"kt-svg-icon-list\"><li class=\"kt-svg-icon-list-style-default kt-svg-icon-list-item-wrap kt-svg-icon-list-item-0\"><div style=\"display:inline-flex;justify-content:center;align-items:center;color:var(--global-palette1)\" class=\"kt-svg-icon-list-single kt-svg-icon-list-single-ic_check\"><svg style=\"display:inline-block;vertical-align:middle\" viewbox=\"0 0 8 8\" height=\"25\" width=\"25\" fill=\"currentColor\" xmlns=\"http:\/\/www.w3.org\/2000\/svg\" aria-hidden=\"true\"><path d=\"M6.41 0l-.69.72-2.78 2.78-.81-.78-.72-.72-1.41 1.41.72.72 1.5 1.5.69.72.72-.72 3.5-3.5.72-.72-1.44-1.41z\" transform=\"translate(0 1)\"><\/path><\/svg><\/div><span class=\"kt-svg-icon-list-text\">Simple, intuitivo y personalizable<\/span><\/li><li class=\"kt-svg-icon-list-style-default kt-svg-icon-list-item-wrap kt-svg-icon-list-item-1\"><div style=\"display:inline-flex;justify-content:center;align-items:center;color:var(--global-palette1)\" class=\"kt-svg-icon-list-single kt-svg-icon-list-single-ic_check\"><svg style=\"display:inline-block;vertical-align:middle\" viewbox=\"0 0 8 8\" height=\"25\" width=\"25\" fill=\"currentColor\" xmlns=\"http:\/\/www.w3.org\/2000\/svg\" aria-hidden=\"true\"><path d=\"M6.41 0l-.69.72-2.78 2.78-.81-.78-.72-.72-1.41 1.41.72.72 1.5 1.5.69.72.72-.72 3.5-3.5.72-.72-1.44-1.41z\" transform=\"translate(0 1)\"><\/path><\/svg><\/div><span class=\"kt-svg-icon-list-text\"><meta charset=\"utf-8\">Implantaci\u00f3n f\u00e1cil y r\u00e1pida<\/span><\/li><li class=\"kt-svg-icon-list-style-default kt-svg-icon-list-item-wrap kt-svg-icon-list-item-2\"><div style=\"display:inline-flex;justify-content:center;align-items:center;color:var(--global-palette1)\" class=\"kt-svg-icon-list-single kt-svg-icon-list-single-ic_check\"><svg style=\"display:inline-block;vertical-align:middle\" viewbox=\"0 0 8 8\" height=\"25\" width=\"25\" fill=\"currentColor\" xmlns=\"http:\/\/www.w3.org\/2000\/svg\" aria-hidden=\"true\"><path d=\"M6.41 0l-.69.72-2.78 2.78-.81-.78-.72-.72-1.41 1.41.72.72 1.5 1.5.69.72.72-.72 3.5-3.5.72-.72-1.44-1.41z\" transform=\"translate(0 1)\"><\/path><\/svg><\/div><span class=\"kt-svg-icon-list-text\"><meta charset=\"utf-8\">Ahorro en tiempo y costes demostrado<\/span><\/li><\/ul><\/div>\n\n\n\n<p><meta charset=\"utf-8\">\u00a1Conoce lo que Rezilio puede hacer por tu organizaci\u00f3n!<br>Rellena este formulario y un experto se pondr\u00e1 en contacto contigo en los pr\u00f3ximos d\u00edas para programar una reuni\u00f3n.<\/p>\n<\/div><\/div>\n\n\n<style>.kadence-column_a8c3b5-1a > .kt-inside-inner-col{padding-top:35px;padding-left:15px;padding-right:15px;}.kadence-column_a8c3b5-1a > .kt-inside-inner-col{border-top-width:0px;border-right-width:0px;border-bottom-width:0px;border-left-width:0px;}.kadence-column_a8c3b5-1a > .kt-inside-inner-col,.kadence-column_a8c3b5-1a > .kt-inside-inner-col:before{border-top-left-radius:7px;border-top-right-radius:7px;border-bottom-right-radius:7px;border-bottom-left-radius:7px;}.kadence-column_a8c3b5-1a > .kt-inside-inner-col{column-gap:var(--global-kb-gap-sm, 1rem);}.kadence-column_a8c3b5-1a > .kt-inside-inner-col{flex-direction:column;}.kadence-column_a8c3b5-1a > .kt-inside-inner-col > .aligncenter{width:100%;}.kadence-column_a8c3b5-1a > .kt-inside-inner-col{background-color:var(--global-palette8, #F7FAFC);}.kadence-column_a8c3b5-1a > .kt-inside-inner-col:before{opacity:0.3;}.kadence-column_a8c3b5-1a{position:relative;}.wp-block-kadence-column.kadence-column_a8c3b5-1a > .kt-inside-inner-col{margin-right:25px;margin-left:25px;}@media all and (max-width: 1024px){.kadence-column_a8c3b5-1a > .kt-inside-inner-col{flex-direction:column;justify-content:center;}}@media all and (max-width: 767px){.kadence-column_a8c3b5-1a > .kt-inside-inner-col{flex-direction:column;justify-content:center;}}<\/style>\n<div class=\"wp-block-kadence-column inner-column-2 kadence-column_a8c3b5-1a\"><div class=\"kt-inside-inner-col\" style=\"background:var(--global-palette8)\">\n<iframe frameborder=\"0\" style=\"height:500px;width:99%;border:none;\" src='https:\/\/forms.zohopublic.com\/reziliotechnologieinc\/form\/SolicituddedemostracinV12023\/formperma\/IgpGsK6gqyKtB_HDr8BU8GRtCxpvb4q1fbe5fixCHkI'><\/iframe>\n<\/div><\/div>\n<\/div><\/div><\/div>\n<span class=\"kt-load-after-post\"><\/span>","protected":false},"excerpt":{"rendered":"<p>\u00bfListo para descubrir Rezilio? Reserva ahora tu visita privada con uno de nuestros expertos. Rezilio es una de las soluciones m\u00e1s avanzadas y completas del mercado para hacer frente a las crisis y las cat\u00e1strofes. \u00a1Conoce lo que Rezilio puede hacer por tu organizaci\u00f3n!Rellena este formulario y un experto se pondr\u00e1 en contacto contigo en&#8230;<\/p>\n","protected":false},"author":2,"featured_media":0,"parent":0,"menu_order":0,"comment_status":"closed","ping_status":"closed","template":"","meta":{"_kad_blocks_custom_css":"","_kad_blocks_head_custom_js":"","_kad_blocks_body_custom_js":"","_kad_blocks_footer_custom_js":"","_kad_post_transparent":"","_kad_post_title":"","_kad_post_layout":"","_kad_post_sidebar_id":"","_kad_post_content_style":"","_kad_post_vertical_padding":"","_kad_post_feature":"","_kad_post_feature_position":"","_kad_post_header":false,"_kad_post_footer":false,"footnotes":""},"class_list":["post-3641","page","type-page","status-publish","hentry"],"yoast_head":"<!-- This site is optimized with the Yoast SEO plugin v17.4 - https:\/\/yoast.com\/wordpress\/plugins\/seo\/ -->\n<title>Descubrir REZILIO - Rezilio Technology Inc.<\/title>\n<meta name=\"description\" content=\"Descubra la tecnolog\u00eda m\u00e1s avanzada y completa del mercado : Rezilio con la ayuda de uno de nuestros expertos.\" \/>\n<meta name=\"robots\" content=\"index, follow, max-snippet:-1, max-image-preview:large, max-video-preview:-1\" \/>\n<link rel=\"canonical\" href=\"https:\/\/www.rezilio.com\/es\/descubrir-rezilio\/\" \/>\n<meta property=\"og:locale\" content=\"es_ES\" \/>\n<meta property=\"og:type\" content=\"article\" \/>\n<meta property=\"og:title\" content=\"Descubrir REZILIO - Rezilio Technology Inc.\" \/>\n<meta property=\"og:description\" content=\"Descubra la tecnolog\u00eda m\u00e1s avanzada y completa del mercado : Rezilio con la ayuda de uno de nuestros expertos.\" \/>\n<meta property=\"og:url\" content=\"https:\/\/www.rezilio.com\/es\/descubrir-rezilio\/\" \/>\n<meta property=\"og:site_name\" content=\"Rezilio Technologie Inc.\" \/>\n<meta property=\"article:modified_time\" content=\"2023-10-02T16:27:11+00:00\" \/>\n<meta name=\"twitter:card\" content=\"summary_large_image\" \/>\n<meta name=\"twitter:label1\" content=\"Est. reading time\" \/>\n\t<meta name=\"twitter:data1\" content=\"1 minute\" \/>\n<script type=\"application\/ld+json\" class=\"yoast-schema-graph\">{\"@context\":\"https:\/\/schema.org\",\"@graph\":[{\"@type\":\"Organization\",\"@id\":\"https:\/\/www.rezilio.com\/#organization\",\"name\":\"Rezilio\",\"url\":\"https:\/\/www.rezilio.com\/\",\"sameAs\":[],\"logo\":{\"@type\":\"ImageObject\",\"@id\":\"https:\/\/www.rezilio.com\/#logo\",\"inLanguage\":\"es\",\"url\":\"https:\/\/www.rezilio.com\/wp-content\/uploads\/2020\/03\/rezilio-logo.png\",\"contentUrl\":\"https:\/\/www.rezilio.com\/wp-content\/uploads\/2020\/03\/rezilio-logo.png\",\"width\":201,\"height\":45,\"caption\":\"Rezilio\"},\"image\":{\"@id\":\"https:\/\/www.rezilio.com\/#logo\"}},{\"@type\":\"WebSite\",\"@id\":\"https:\/\/www.rezilio.com\/#website\",\"url\":\"https:\/\/www.rezilio.com\/\",\"name\":\"Rezilio Technologie Inc.\",\"description\":\"\",\"publisher\":{\"@id\":\"https:\/\/www.rezilio.com\/#organization\"},\"potentialAction\":[{\"@type\":\"SearchAction\",\"target\":{\"@type\":\"EntryPoint\",\"urlTemplate\":\"https:\/\/www.rezilio.com\/?s={search_term_string}\"},\"query-input\":\"required name=search_term_string\"}],\"inLanguage\":\"es\"},{\"@type\":\"WebPage\",\"@id\":\"https:\/\/www.rezilio.com\/es\/descubrir-rezilio\/#webpage\",\"url\":\"https:\/\/www.rezilio.com\/es\/descubrir-rezilio\/\",\"name\":\"Descubrir REZILIO - Rezilio Technology Inc.\",\"isPartOf\":{\"@id\":\"https:\/\/www.rezilio.com\/#website\"},\"datePublished\":\"2020-03-12T14:01:08+00:00\",\"dateModified\":\"2023-10-02T16:27:11+00:00\",\"description\":\"Descubra la tecnolog\\u00eda m\\u00e1s avanzada y completa del mercado : Rezilio con la ayuda de uno de nuestros expertos.\",\"breadcrumb\":{\"@id\":\"https:\/\/www.rezilio.com\/es\/descubrir-rezilio\/#breadcrumb\"},\"inLanguage\":\"es\",\"potentialAction\":[{\"@type\":\"ReadAction\",\"target\":[\"https:\/\/www.rezilio.com\/es\/descubrir-rezilio\/\"]}]},{\"@type\":\"BreadcrumbList\",\"@id\":\"https:\/\/www.rezilio.com\/es\/descubrir-rezilio\/#breadcrumb\",\"itemListElement\":[{\"@type\":\"ListItem\",\"position\":1,\"name\":\"Accueil\",\"item\":\"https:\/\/www.rezilio.com\/es\/\"},{\"@type\":\"ListItem\",\"position\":2,\"name\":\"Descubrir REZILIO\"}]}]}<\/script>\n<!-- \/ Yoast SEO plugin. -->","yoast_head_json":{"title":"Descubrir REZILIO - Rezilio Technology Inc.","description":"Descubra la tecnolog\u00eda m\u00e1s avanzada y completa del mercado : Rezilio con la ayuda de uno de nuestros expertos.","robots":{"index":"index","follow":"follow","max-snippet":"max-snippet:-1","max-image-preview":"max-image-preview:large","max-video-preview":"max-video-preview:-1"},"canonical":"https:\/\/www.rezilio.com\/es\/descubrir-rezilio\/","og_locale":"es_ES","og_type":"article","og_title":"Descubrir REZILIO - Rezilio Technology Inc.","og_description":"Descubra la tecnolog\u00eda m\u00e1s avanzada y completa del mercado : Rezilio con la ayuda de uno de nuestros expertos.","og_url":"https:\/\/www.rezilio.com\/es\/descubrir-rezilio\/","og_site_name":"Rezilio Technologie Inc.","article_modified_time":"2023-10-02T16:27:11+00:00","twitter_card":"summary_large_image","twitter_misc":{"Est. reading time":"1 minute"},"schema":{"@context":"https:\/\/schema.org","@graph":[{"@type":"Organization","@id":"https:\/\/www.rezilio.com\/#organization","name":"Rezilio","url":"https:\/\/www.rezilio.com\/","sameAs":[],"logo":{"@type":"ImageObject","@id":"https:\/\/www.rezilio.com\/#logo","inLanguage":"es","url":"https:\/\/www.rezilio.com\/wp-content\/uploads\/2020\/03\/rezilio-logo.png","contentUrl":"https:\/\/www.rezilio.com\/wp-content\/uploads\/2020\/03\/rezilio-logo.png","width":201,"height":45,"caption":"Rezilio"},"image":{"@id":"https:\/\/www.rezilio.com\/#logo"}},{"@type":"WebSite","@id":"https:\/\/www.rezilio.com\/#website","url":"https:\/\/www.rezilio.com\/","name":"Rezilio Technologie Inc.","description":"","publisher":{"@id":"https:\/\/www.rezilio.com\/#organization"},"potentialAction":[{"@type":"SearchAction","target":{"@type":"EntryPoint","urlTemplate":"https:\/\/www.rezilio.com\/?s={search_term_string}"},"query-input":"required name=search_term_string"}],"inLanguage":"es"},{"@type":"WebPage","@id":"https:\/\/www.rezilio.com\/es\/descubrir-rezilio\/#webpage","url":"https:\/\/www.rezilio.com\/es\/descubrir-rezilio\/","name":"Descubrir REZILIO - Rezilio Technology Inc.","isPartOf":{"@id":"https:\/\/www.rezilio.com\/#website"},"datePublished":"2020-03-12T14:01:08+00:00","dateModified":"2023-10-02T16:27:11+00:00","description":"Descubra la tecnolog\u00eda m\u00e1s avanzada y completa del mercado : Rezilio con la ayuda de uno de nuestros expertos.","breadcrumb":{"@id":"https:\/\/www.rezilio.com\/es\/descubrir-rezilio\/#breadcrumb"},"inLanguage":"es","potentialAction":[{"@type":"ReadAction","target":["https:\/\/www.rezilio.com\/es\/descubrir-rezilio\/"]}]},{"@type":"BreadcrumbList","@id":"https:\/\/www.rezilio.com\/es\/descubrir-rezilio\/#breadcrumb","itemListElement":[{"@type":"ListItem","position":1,"name":"Accueil","item":"https:\/\/www.rezilio.com\/es\/"},{"@type":"ListItem","position":2,"name":"Descubrir REZILIO"}]}]}},"taxonomy_info":[],"featured_image_src_large":false,"author_info":{"display_name":"Web Standish","author_link":"https:\/\/www.rezilio.com\/es\/author\/standish\/"},"comment_info":0,"_links":{"self":[{"href":"https:\/\/www.rezilio.com\/es\/wp-json\/wp\/v2\/pages\/3641","targetHints":{"allow":["GET"]}}],"collection":[{"href":"https:\/\/www.rezilio.com\/es\/wp-json\/wp\/v2\/pages"}],"about":[{"href":"https:\/\/www.rezilio.com\/es\/wp-json\/wp\/v2\/types\/page"}],"author":[{"embeddable":true,"href":"https:\/\/www.rezilio.com\/es\/wp-json\/wp\/v2\/users\/2"}],"replies":[{"embeddable":true,"href":"https:\/\/www.rezilio.com\/es\/wp-json\/wp\/v2\/comments?post=3641"}],"version-history":[{"count":13,"href":"https:\/\/www.rezilio.com\/es\/wp-json\/wp\/v2\/pages\/3641\/revisions"}],"predecessor-version":[{"id":5012,"href":"https:\/\/www.rezilio.com\/es\/wp-json\/wp\/v2\/pages\/3641\/revisions\/5012"}],"wp:attachment":[{"href":"https:\/\/www.rezilio.com\/es\/wp-json\/wp\/v2\/media?parent=3641"}],"curies":[{"name":"wp","href":"https:\/\/api.w.org\/{rel}","templated":true}]}}