{"id":3649,"date":"2020-05-01T13:13:22","date_gmt":"2020-05-01T13:13:22","guid":{"rendered":"https:\/\/www.rezilio.com\/devenir-partenaire\/"},"modified":"2024-07-12T15:38:47","modified_gmt":"2024-07-12T15:38:47","slug":"socios","status":"publish","type":"page","link":"https:\/\/www.rezilio.com\/es\/socios\/","title":{"rendered":"Socios"},"content":{"rendered":"<style>#kt-layout-id_52ba19-00 > .kt-row-column-wrap{align-content:start;}:where(#kt-layout-id_52ba19-00 > .kt-row-column-wrap) > .wp-block-kadence-column{justify-content:start;}#kt-layout-id_52ba19-00 > .kt-row-column-wrap{column-gap:var(--global-kb-gap-md, 2rem);row-gap:var(--global-kb-gap-md, 2rem);max-width:800px;margin-left:auto;margin-right:auto;padding-top:var( --global-kb-row-default-top, 25px );padding-bottom:var( --global-kb-row-default-bottom, 25px );grid-template-columns:minmax(0, 1fr);}#kt-layout-id_52ba19-00 > .kt-row-layout-overlay{opacity:0.30;}@media all and (max-width: 1024px){#kt-layout-id_52ba19-00 > .kt-row-column-wrap{grid-template-columns:minmax(0, 1fr);}}@media all and (max-width: 767px){#kt-layout-id_52ba19-00 > .kt-row-column-wrap{padding-bottom:0px;grid-template-columns:minmax(0, 1fr);}}<\/style>\n<div class=\"wp-block-kadence-rowlayout alignnone\"><div id=\"kt-layout-id_52ba19-00\" class=\"kt-row-layout-inner kt-layout-id_52ba19-00\"><div class=\"kt-row-column-wrap kt-has-1-columns kt-gutter-default kt-v-gutter-default kt-row-valign-top kt-row-layout-equal kt-tab-layout-inherit kt-m-colapse-left-to-right kt-mobile-layout-row\"><style>.kadence-column_3876ad-d1 > .kt-inside-inner-col{border-top-width:0px;border-right-width:0px;border-bottom-width:0px;border-left-width:0px;}.kadence-column_3876ad-d1 > .kt-inside-inner-col,.kadence-column_3876ad-d1 > .kt-inside-inner-col:before{border-top-left-radius:0px;border-top-right-radius:0px;border-bottom-right-radius:0px;border-bottom-left-radius:0px;}.kadence-column_3876ad-d1 > .kt-inside-inner-col{column-gap:var(--global-kb-gap-sm, 1rem);}.kadence-column_3876ad-d1 > .kt-inside-inner-col{flex-direction:column;}.kadence-column_3876ad-d1 > .kt-inside-inner-col > .aligncenter{width:100%;}.kadence-column_3876ad-d1 > .kt-inside-inner-col:before{opacity:0.3;}.kadence-column_3876ad-d1{position:relative;}@media all and (max-width: 1024px){.kadence-column_3876ad-d1 > .kt-inside-inner-col{flex-direction:column;justify-content:center;}}@media all and (max-width: 767px){.kadence-column_3876ad-d1 > .kt-inside-inner-col{flex-direction:column;justify-content:center;}}<\/style>\n<div class=\"wp-block-kadence-column inner-column-1 kadence-column_3876ad-d1\"><div class=\"kt-inside-inner-col\"><style>.wp-block-kadence-advancedheading.kt-adv-heading_4dfa70-91, .wp-block-kadence-advancedheading.kt-adv-heading_4dfa70-91[data-kb-block=\"kb-adv-heading_4dfa70-91\"]{text-align:center;font-style:normal;}.wp-block-kadence-advancedheading.kt-adv-heading_4dfa70-91 mark.kt-highlight, .wp-block-kadence-advancedheading.kt-adv-heading_4dfa70-91[data-kb-block=\"kb-adv-heading_4dfa70-91\"] mark.kt-highlight{font-style:normal;color:#f76a0c;-webkit-box-decoration-break:clone;box-decoration-break:clone;padding-top:0px;padding-right:0px;padding-bottom:0px;padding-left:0px;}<\/style>\n<h6 class=\"kt-adv-heading_4dfa70-91 wp-block-kadence-advancedheading\" data-kb-block=\"kb-adv-heading_4dfa70-91\"><em>T\u00fa tambi\u00e9n puedes estar preparado para cualquier eventualidad<\/em><\/h6>\n<\/div><\/div>\n<\/div><\/div><\/div>\n\n\n<style>#kt-layout-id_dcbbc0-c4 > .kt-row-column-wrap{align-content:start;}:where(#kt-layout-id_dcbbc0-c4 > .kt-row-column-wrap) > .wp-block-kadence-column{justify-content:start;}#kt-layout-id_dcbbc0-c4 > .kt-row-column-wrap{column-gap:var(--global-kb-gap-md, 2rem);row-gap:var(--global-kb-gap-md, 2rem);padding-top:var( --global-kb-row-default-top, 25px );padding-bottom:var( --global-kb-row-default-bottom, 25px );padding-top:75px;grid-template-columns:minmax(0, calc(50% - ((var(--global-kb-gap-md, 2rem) * 1 )\/2)))minmax(0, calc(50% - ((var(--global-kb-gap-md, 2rem) * 1 )\/2)));}#kt-layout-id_dcbbc0-c4 > .kt-row-layout-overlay{opacity:0.30;}@media all and (max-width: 1024px){#kt-layout-id_dcbbc0-c4 > .kt-row-column-wrap{grid-template-columns:repeat(2, minmax(0, 1fr));}}@media all and (max-width: 767px){#kt-layout-id_dcbbc0-c4 > .kt-row-column-wrap{padding-top:0px;grid-template-columns:minmax(0, 1fr);}}<\/style>\n<div class=\"wp-block-kadence-rowlayout alignnone\"><div id=\"kt-layout-id_dcbbc0-c4\" class=\"kt-row-layout-inner kt-layout-id_dcbbc0-c4\"><div class=\"kt-row-column-wrap kt-has-2-columns kt-gutter-default kt-v-gutter-default kt-row-valign-top kt-row-layout-equal kt-tab-layout-inherit kt-m-colapse-left-to-right kt-mobile-layout-row  kt-custom-first-width-50  kt-custom-second-width-50\"><style>.kadence-column_d2ccd9-f4 > .kt-inside-inner-col{padding-top:40px;}.kadence-column_d2ccd9-f4 > .kt-inside-inner-col{border-top-width:0px;border-right-width:0px;border-bottom-width:0px;border-left-width:0px;}.kadence-column_d2ccd9-f4 > .kt-inside-inner-col,.kadence-column_d2ccd9-f4 > .kt-inside-inner-col:before{border-top-left-radius:0px;border-top-right-radius:0px;border-bottom-right-radius:0px;border-bottom-left-radius:0px;}.kadence-column_d2ccd9-f4 > .kt-inside-inner-col{column-gap:var(--global-kb-gap-sm, 1rem);}.kadence-column_d2ccd9-f4 > .kt-inside-inner-col{flex-direction:column;}.kadence-column_d2ccd9-f4 > .kt-inside-inner-col > .aligncenter{width:100%;}.kadence-column_d2ccd9-f4 > .kt-inside-inner-col:before{opacity:0.3;}.kadence-column_d2ccd9-f4{position:relative;}@media all and (max-width: 1024px){.kadence-column_d2ccd9-f4 > .kt-inside-inner-col{flex-direction:column;justify-content:center;}}@media all and (max-width: 767px){.kadence-column_d2ccd9-f4 > .kt-inside-inner-col{flex-direction:column;justify-content:center;}}<\/style>\n<div class=\"wp-block-kadence-column inner-column-1 kadence-column_d2ccd9-f4\"><div class=\"kt-inside-inner-col\">\n<p><meta charset=\"utf-8\">\u00bfEs usted una empresa de consultor\u00eda que opera en el \u00e1mbito de la prevenci\u00f3n de riesgos, la gesti\u00f3n de crisis y la continuidad de negocio?  <\/p>\n\n\n\n<p>\u00bfQuiere contribuir a mejorar la resiliencia de las organizaciones para que est\u00e9n mejor preparadas para afrontar crisis y cat\u00e1strofes?    <\/p>\n\n\n\n<p>\u00a1H\u00e1gase socio de Rezilio hoy mismo! \u00a0<\/p>\n\n\n\n<p><strong><meta charset=\"utf-8\">Convertirse en Partner de REZILIO le permitir\u00e1 :<\/strong><\/p>\n\n\n<style>.wp-block-kadence-iconlist.kt-svg-icon-list-items_efbe3e-9d:not(.this-stops-third-party-issues){margin-top:0px;margin-bottom:0px;}.wp-block-kadence-iconlist.kt-svg-icon-list-items_efbe3e-9d ul.kt-svg-icon-list:not(.this-prevents-issues):not(.this-stops-third-party-issues):not(.tijsloc){margin-top:0px;margin-right:0px;margin-bottom:var(--global-kb-spacing-sm, 1.5rem);margin-left:0px;}.wp-block-kadence-iconlist.kt-svg-icon-list-items_efbe3e-9d ul.kt-svg-icon-list{grid-row-gap:5px;}.wp-block-kadence-iconlist.kt-svg-icon-list-items_efbe3e-9d ul.kt-svg-icon-list .kt-svg-icon-list-item-wrap .kt-svg-icon-list-single{margin-right:15px;}.kt-svg-icon-list-items_efbe3e-9d ul.kt-svg-icon-list .kt-svg-icon-list-level-0 .kt-svg-icon-list-single svg{font-size:25px;}.kt-svg-icon-list-items_efbe3e-9d ul.kt-svg-icon-list .kt-svg-icon-list-level-1 .kt-svg-icon-list-single svg{font-size:25px;}.kt-svg-icon-list-items_efbe3e-9d ul.kt-svg-icon-list .kt-svg-icon-list-level-2 .kt-svg-icon-list-single svg{font-size:25px;}.kt-svg-icon-list-items_efbe3e-9d ul.kt-svg-icon-list .kt-svg-icon-list-level-3 .kt-svg-icon-list-single svg{font-size:25px;}<\/style>\n<div class=\"wp-block-kadence-iconlist kt-svg-icon-list-items kt-svg-icon-list-items_efbe3e-9d kt-svg-icon-list-columns-1 alignnone\"><ul class=\"kt-svg-icon-list\"><li class=\"kt-svg-icon-list-style-default kt-svg-icon-list-item-wrap kt-svg-icon-list-item-0\"><div style=\"display:inline-flex;justify-content:center;align-items:center;color:var(--global-palette1)\" class=\"kt-svg-icon-list-single kt-svg-icon-list-single-fe_checkCircle\"><svg style=\"display:inline-block;vertical-align:middle\" viewbox=\"0 0 24 24\" height=\"25\" width=\"25\" fill=\"none\" stroke=\"currentColor\" xmlns=\"http:\/\/www.w3.org\/2000\/svg\" stroke-width=\"2\" stroke-linecap=\"round\" stroke-linejoin=\"round\" aria-hidden=\"true\"><path d=\"M22 11.08V12a10 10 0 1 1-5.93-9.14\"><\/path><polyline points=\"22 4 12 14.01 9 11.01\"><\/polyline><\/svg><\/div><span class=\"kt-svg-icon-list-text\">Fidelizar a sus clientes<\/span><\/li><li class=\"kt-svg-icon-list-style-default kt-svg-icon-list-item-wrap kt-svg-icon-list-item-1\"><div style=\"display:inline-flex;justify-content:center;align-items:center;color:var(--global-palette1)\" class=\"kt-svg-icon-list-single kt-svg-icon-list-single-fe_checkCircle\"><svg style=\"display:inline-block;vertical-align:middle\" viewbox=\"0 0 24 24\" height=\"25\" width=\"25\" fill=\"none\" stroke=\"currentColor\" xmlns=\"http:\/\/www.w3.org\/2000\/svg\" stroke-width=\"2\" stroke-linecap=\"round\" stroke-linejoin=\"round\" aria-hidden=\"true\"><path d=\"M22 11.08V12a10 10 0 1 1-5.93-9.14\"><\/path><polyline points=\"22 4 12 14.01 9 11.01\"><\/polyline><\/svg><\/div><span class=\"kt-svg-icon-list-text\">Generar ingresos anuales recurrentes<\/span><\/li><li class=\"kt-svg-icon-list-style-default kt-svg-icon-list-item-wrap kt-svg-icon-list-item-2\"><div style=\"display:inline-flex;justify-content:center;align-items:center;color:var(--global-palette1)\" class=\"kt-svg-icon-list-single kt-svg-icon-list-single-fe_checkCircle\"><svg style=\"display:inline-block;vertical-align:middle\" viewbox=\"0 0 24 24\" height=\"25\" width=\"25\" fill=\"none\" stroke=\"currentColor\" xmlns=\"http:\/\/www.w3.org\/2000\/svg\" stroke-width=\"2\" stroke-linecap=\"round\" stroke-linejoin=\"round\" aria-hidden=\"true\"><path d=\"M22 11.08V12a10 10 0 1 1-5.93-9.14\"><\/path><polyline points=\"22 4 12 14.01 9 11.01\"><\/polyline><\/svg><\/div><span class=\"kt-svg-icon-list-text\">Aumentar sus beneficios<\/span><\/li><li class=\"kt-svg-icon-list-style-default kt-svg-icon-list-item-wrap kt-svg-icon-list-item-3\"><div style=\"display:inline-flex;justify-content:center;align-items:center;color:var(--global-palette1)\" class=\"kt-svg-icon-list-single kt-svg-icon-list-single-fe_checkCircle\"><svg style=\"display:inline-block;vertical-align:middle\" viewbox=\"0 0 24 24\" height=\"25\" width=\"25\" fill=\"none\" stroke=\"currentColor\" xmlns=\"http:\/\/www.w3.org\/2000\/svg\" stroke-width=\"2\" stroke-linecap=\"round\" stroke-linejoin=\"round\" aria-hidden=\"true\"><path d=\"M22 11.08V12a10 10 0 1 1-5.93-9.14\"><\/path><polyline points=\"22 4 12 14.01 9 11.01\"><\/polyline><\/svg><\/div><span class=\"kt-svg-icon-list-text\">Desarrollar nuevos mercados en todo el mundo*<\/span><\/li><\/ul><\/div>\n\n\n\n<p class=\"has-normal-font-size\">Para saber m\u00e1s sobre nuestro Programa de Partenariado y c\u00f3mo puede beneficiar a su organizaci\u00f3n, p\u00f3ngase en contacto con nosotros con total confianza.<\/p>\n\n\n\n<p class=\"has-normal-font-size\">Como REZILIO, \u00a1prep\u00e1rate para todo!<\/p>\n\n\n\n<p class=\"has-small-font-size\"><meta charset=\"utf-8\">*Se aplican algunas restricciones.<\/p>\n<\/div><\/div>\n\n\n<style>.kadence-column_e47de3-c8 > .kt-inside-inner-col{border-top-width:0px;border-right-width:0px;border-bottom-width:0px;border-left-width:0px;}.kadence-column_e47de3-c8 > .kt-inside-inner-col,.kadence-column_e47de3-c8 > .kt-inside-inner-col:before{border-top-left-radius:7px;border-top-right-radius:7px;border-bottom-right-radius:7px;border-bottom-left-radius:7px;}.kadence-column_e47de3-c8 > .kt-inside-inner-col{column-gap:var(--global-kb-gap-sm, 1rem);}.kadence-column_e47de3-c8 > .kt-inside-inner-col{flex-direction:column;}.kadence-column_e47de3-c8 > .kt-inside-inner-col > .aligncenter{width:100%;}.kadence-column_e47de3-c8 > .kt-inside-inner-col{background-color:var(--global-palette8, #F7FAFC);}.kadence-column_e47de3-c8 > .kt-inside-inner-col:before{opacity:0.3;}.kadence-column_e47de3-c8{position:relative;}@media all and (max-width: 1024px){.kadence-column_e47de3-c8 > .kt-inside-inner-col{flex-direction:column;justify-content:center;}}@media all and (max-width: 767px){.kadence-column_e47de3-c8 > .kt-inside-inner-col{flex-direction:column;justify-content:center;}}<\/style>\n<div class=\"wp-block-kadence-column inner-column-2 kadence-column_e47de3-c8\"><div class=\"kt-inside-inner-col\" style=\"background:var(--global-palette8)\"><style>.wp-block-kadence-advancedheading.kt-adv-heading_338a09-98, .wp-block-kadence-advancedheading.kt-adv-heading_338a09-98[data-kb-block=\"kb-adv-heading_338a09-98\"]{padding-top:30px;text-align:center;font-style:normal;}.wp-block-kadence-advancedheading.kt-adv-heading_338a09-98 mark.kt-highlight, .wp-block-kadence-advancedheading.kt-adv-heading_338a09-98[data-kb-block=\"kb-adv-heading_338a09-98\"] mark.kt-highlight{font-style:normal;color:var(--global-palette2, #2B6CB0);-webkit-box-decoration-break:clone;box-decoration-break:clone;padding-top:0px;padding-right:0px;padding-bottom:0px;padding-left:0px;}<\/style>\n<h2 class=\"kt-adv-heading_338a09-98 underline dark wp-block-kadence-advancedheading\" data-kb-block=\"kb-adv-heading_338a09-98\"><mark class=\"kt-highlight\"><meta charset=\"utf-8\"><mark class=\"kt-highlight\"><meta charset=\"utf-8\"><mark class=\"kt-highlight\">Hazte socio<\/mark><\/mark><\/mark><\/h2>\n\n\n\n<iframe frameborder=\"0\" style=\"height:500px;width:99%;border:none;\" src=\"https:\/\/forms.zohopublic.com\/reziliotechnologieinc\/form\/Haztesocio\/formperma\/8iKx_z65muUh6HCZgNP4pe1IN10d7-gJOQr-PsldadE\"><\/iframe>\n<\/div><\/div>\n<\/div><\/div><\/div>\n<span class=\"kt-load-after-post\"><\/span>","protected":false},"excerpt":{"rendered":"<p>T\u00fa tambi\u00e9n puedes estar preparado para cualquier eventualidad \u00bfEs usted una empresa de consultor\u00eda que opera en el \u00e1mbito de la prevenci\u00f3n de riesgos, la gesti\u00f3n de crisis y la continuidad de negocio? \u00bfQuiere contribuir a mejorar la resiliencia de las organizaciones para que est\u00e9n mejor preparadas para afrontar crisis y cat\u00e1strofes? \u00a1H\u00e1gase socio de&#8230;<\/p>\n","protected":false},"author":2,"featured_media":0,"parent":0,"menu_order":0,"comment_status":"closed","ping_status":"closed","template":"","meta":{"_kad_blocks_custom_css":"","_kad_blocks_head_custom_js":"","_kad_blocks_body_custom_js":"","_kad_blocks_footer_custom_js":"","_kad_post_transparent":"","_kad_post_title":"","_kad_post_layout":"","_kad_post_sidebar_id":"","_kad_post_content_style":"","_kad_post_vertical_padding":"","_kad_post_feature":"","_kad_post_feature_position":"","_kad_post_header":false,"_kad_post_footer":false,"footnotes":""},"class_list":["post-3649","page","type-page","status-publish","hentry"],"yoast_head":"<!-- This site is optimized with the Yoast SEO plugin v17.4 - https:\/\/yoast.com\/wordpress\/plugins\/seo\/ -->\n<title>Socios - Rezilio Technology Inc.<\/title>\n<meta name=\"description\" content=\"Para poder contribuir a una mejor preparaci\u00f3n de las organizaciones en tiempos de crisis, h\u00e1gase socio.\" \/>\n<meta name=\"robots\" content=\"index, follow, max-snippet:-1, max-image-preview:large, max-video-preview:-1\" \/>\n<link rel=\"canonical\" href=\"https:\/\/www.rezilio.com\/es\/socios\/\" \/>\n<meta property=\"og:locale\" content=\"es_ES\" \/>\n<meta property=\"og:type\" content=\"article\" \/>\n<meta property=\"og:title\" content=\"Socios - Rezilio Technology Inc.\" \/>\n<meta property=\"og:description\" content=\"Para poder contribuir a una mejor preparaci\u00f3n de las organizaciones en tiempos de crisis, h\u00e1gase socio.\" \/>\n<meta property=\"og:url\" content=\"https:\/\/www.rezilio.com\/es\/socios\/\" \/>\n<meta property=\"og:site_name\" content=\"Rezilio Technologie Inc.\" \/>\n<meta property=\"article:modified_time\" content=\"2024-07-12T15:38:47+00:00\" \/>\n<meta name=\"twitter:card\" content=\"summary_large_image\" \/>\n<meta name=\"twitter:label1\" content=\"Est. reading time\" \/>\n\t<meta name=\"twitter:data1\" content=\"1 minute\" \/>\n<script type=\"application\/ld+json\" class=\"yoast-schema-graph\">{\"@context\":\"https:\/\/schema.org\",\"@graph\":[{\"@type\":\"Organization\",\"@id\":\"https:\/\/www.rezilio.com\/#organization\",\"name\":\"Rezilio\",\"url\":\"https:\/\/www.rezilio.com\/\",\"sameAs\":[],\"logo\":{\"@type\":\"ImageObject\",\"@id\":\"https:\/\/www.rezilio.com\/#logo\",\"inLanguage\":\"es\",\"url\":\"https:\/\/www.rezilio.com\/wp-content\/uploads\/2020\/03\/rezilio-logo.png\",\"contentUrl\":\"https:\/\/www.rezilio.com\/wp-content\/uploads\/2020\/03\/rezilio-logo.png\",\"width\":201,\"height\":45,\"caption\":\"Rezilio\"},\"image\":{\"@id\":\"https:\/\/www.rezilio.com\/#logo\"}},{\"@type\":\"WebSite\",\"@id\":\"https:\/\/www.rezilio.com\/#website\",\"url\":\"https:\/\/www.rezilio.com\/\",\"name\":\"Rezilio Technologie Inc.\",\"description\":\"\",\"publisher\":{\"@id\":\"https:\/\/www.rezilio.com\/#organization\"},\"potentialAction\":[{\"@type\":\"SearchAction\",\"target\":{\"@type\":\"EntryPoint\",\"urlTemplate\":\"https:\/\/www.rezilio.com\/?s={search_term_string}\"},\"query-input\":\"required name=search_term_string\"}],\"inLanguage\":\"es\"},{\"@type\":\"WebPage\",\"@id\":\"https:\/\/www.rezilio.com\/es\/socios\/#webpage\",\"url\":\"https:\/\/www.rezilio.com\/es\/socios\/\",\"name\":\"Socios - Rezilio Technology Inc.\",\"isPartOf\":{\"@id\":\"https:\/\/www.rezilio.com\/#website\"},\"datePublished\":\"2020-05-01T13:13:22+00:00\",\"dateModified\":\"2024-07-12T15:38:47+00:00\",\"description\":\"Para poder contribuir a una mejor preparaci\\u00f3n de las organizaciones en tiempos de crisis, h\\u00e1gase socio.\",\"breadcrumb\":{\"@id\":\"https:\/\/www.rezilio.com\/es\/socios\/#breadcrumb\"},\"inLanguage\":\"es\",\"potentialAction\":[{\"@type\":\"ReadAction\",\"target\":[\"https:\/\/www.rezilio.com\/es\/socios\/\"]}]},{\"@type\":\"BreadcrumbList\",\"@id\":\"https:\/\/www.rezilio.com\/es\/socios\/#breadcrumb\",\"itemListElement\":[{\"@type\":\"ListItem\",\"position\":1,\"name\":\"Accueil\",\"item\":\"https:\/\/www.rezilio.com\/es\/\"},{\"@type\":\"ListItem\",\"position\":2,\"name\":\"Socios\"}]}]}<\/script>\n<!-- \/ Yoast SEO plugin. -->","yoast_head_json":{"title":"Socios - Rezilio Technology Inc.","description":"Para poder contribuir a una mejor preparaci\u00f3n de las organizaciones en tiempos de crisis, h\u00e1gase socio.","robots":{"index":"index","follow":"follow","max-snippet":"max-snippet:-1","max-image-preview":"max-image-preview:large","max-video-preview":"max-video-preview:-1"},"canonical":"https:\/\/www.rezilio.com\/es\/socios\/","og_locale":"es_ES","og_type":"article","og_title":"Socios - Rezilio Technology Inc.","og_description":"Para poder contribuir a una mejor preparaci\u00f3n de las organizaciones en tiempos de crisis, h\u00e1gase socio.","og_url":"https:\/\/www.rezilio.com\/es\/socios\/","og_site_name":"Rezilio Technologie Inc.","article_modified_time":"2024-07-12T15:38:47+00:00","twitter_card":"summary_large_image","twitter_misc":{"Est. reading time":"1 minute"},"schema":{"@context":"https:\/\/schema.org","@graph":[{"@type":"Organization","@id":"https:\/\/www.rezilio.com\/#organization","name":"Rezilio","url":"https:\/\/www.rezilio.com\/","sameAs":[],"logo":{"@type":"ImageObject","@id":"https:\/\/www.rezilio.com\/#logo","inLanguage":"es","url":"https:\/\/www.rezilio.com\/wp-content\/uploads\/2020\/03\/rezilio-logo.png","contentUrl":"https:\/\/www.rezilio.com\/wp-content\/uploads\/2020\/03\/rezilio-logo.png","width":201,"height":45,"caption":"Rezilio"},"image":{"@id":"https:\/\/www.rezilio.com\/#logo"}},{"@type":"WebSite","@id":"https:\/\/www.rezilio.com\/#website","url":"https:\/\/www.rezilio.com\/","name":"Rezilio Technologie Inc.","description":"","publisher":{"@id":"https:\/\/www.rezilio.com\/#organization"},"potentialAction":[{"@type":"SearchAction","target":{"@type":"EntryPoint","urlTemplate":"https:\/\/www.rezilio.com\/?s={search_term_string}"},"query-input":"required name=search_term_string"}],"inLanguage":"es"},{"@type":"WebPage","@id":"https:\/\/www.rezilio.com\/es\/socios\/#webpage","url":"https:\/\/www.rezilio.com\/es\/socios\/","name":"Socios - Rezilio Technology Inc.","isPartOf":{"@id":"https:\/\/www.rezilio.com\/#website"},"datePublished":"2020-05-01T13:13:22+00:00","dateModified":"2024-07-12T15:38:47+00:00","description":"Para poder contribuir a una mejor preparaci\u00f3n de las organizaciones en tiempos de crisis, h\u00e1gase socio.","breadcrumb":{"@id":"https:\/\/www.rezilio.com\/es\/socios\/#breadcrumb"},"inLanguage":"es","potentialAction":[{"@type":"ReadAction","target":["https:\/\/www.rezilio.com\/es\/socios\/"]}]},{"@type":"BreadcrumbList","@id":"https:\/\/www.rezilio.com\/es\/socios\/#breadcrumb","itemListElement":[{"@type":"ListItem","position":1,"name":"Accueil","item":"https:\/\/www.rezilio.com\/es\/"},{"@type":"ListItem","position":2,"name":"Socios"}]}]}},"taxonomy_info":[],"featured_image_src_large":false,"author_info":{"display_name":"Web Standish","author_link":"https:\/\/www.rezilio.com\/es\/author\/standish\/"},"comment_info":0,"_links":{"self":[{"href":"https:\/\/www.rezilio.com\/es\/wp-json\/wp\/v2\/pages\/3649","targetHints":{"allow":["GET"]}}],"collection":[{"href":"https:\/\/www.rezilio.com\/es\/wp-json\/wp\/v2\/pages"}],"about":[{"href":"https:\/\/www.rezilio.com\/es\/wp-json\/wp\/v2\/types\/page"}],"author":[{"embeddable":true,"href":"https:\/\/www.rezilio.com\/es\/wp-json\/wp\/v2\/users\/2"}],"replies":[{"embeddable":true,"href":"https:\/\/www.rezilio.com\/es\/wp-json\/wp\/v2\/comments?post=3649"}],"version-history":[{"count":23,"href":"https:\/\/www.rezilio.com\/es\/wp-json\/wp\/v2\/pages\/3649\/revisions"}],"predecessor-version":[{"id":5429,"href":"https:\/\/www.rezilio.com\/es\/wp-json\/wp\/v2\/pages\/3649\/revisions\/5429"}],"wp:attachment":[{"href":"https:\/\/www.rezilio.com\/es\/wp-json\/wp\/v2\/media?parent=3649"}],"curies":[{"name":"wp","href":"https:\/\/api.w.org\/{rel}","templated":true}]}}