{"id":3711,"date":"2020-10-02T18:29:57","date_gmt":"2020-10-02T18:29:57","guid":{"rendered":"https:\/\/www.rezilio.com\/sectores\/aeroportuaire-et-portuaire\/"},"modified":"2022-05-30T18:30:31","modified_gmt":"2022-05-30T18:30:31","slug":"aeropuerto-y-puerto","status":"publish","type":"page","link":"https:\/\/www.rezilio.com\/es\/sectores\/aeropuerto-y-puerto\/","title":{"rendered":"Aeropuerto y puerto"},"content":{"rendered":"<style>#kt-layout-id_0d78af-c2 > .kt-row-column-wrap{align-content:start;}:where(#kt-layout-id_0d78af-c2 > .kt-row-column-wrap) > .wp-block-kadence-column{justify-content:start;}#kt-layout-id_0d78af-c2 > .kt-row-column-wrap{column-gap:var(--global-kb-gap-md, 2rem);row-gap:var(--global-kb-gap-md, 2rem);max-width:800px;margin-left:auto;margin-right:auto;padding-top:var( --global-kb-row-default-top, 25px );padding-bottom:var( --global-kb-row-default-bottom, 25px );padding-top:var(--global-kb-spacing-sm, 1.5rem);padding-bottom:var(--global-kb-spacing-sm, 1.5rem);grid-template-columns:minmax(0, 1fr);}#kt-layout-id_0d78af-c2 > .kt-row-layout-overlay{opacity:0.30;}@media all and (max-width: 1024px){#kt-layout-id_0d78af-c2 > .kt-row-column-wrap{grid-template-columns:minmax(0, 1fr);}}@media all and (max-width: 767px){#kt-layout-id_0d78af-c2 > .kt-row-column-wrap{grid-template-columns:minmax(0, 1fr);}}<\/style>\n<div class=\"wp-block-kadence-rowlayout alignnone\"><div id=\"kt-layout-id_0d78af-c2\" class=\"kt-row-layout-inner kt-layout-id_0d78af-c2\"><div class=\"kt-row-column-wrap kt-has-1-columns kt-gutter-default kt-v-gutter-default kt-row-valign-top kt-row-layout-equal kt-tab-layout-inherit kt-m-colapse-left-to-right kt-mobile-layout-row\"><style>.kadence-column_d1f063-29 > .kt-inside-inner-col{border-top-width:0px;border-right-width:0px;border-bottom-width:0px;border-left-width:0px;}.kadence-column_d1f063-29 > .kt-inside-inner-col,.kadence-column_d1f063-29 > .kt-inside-inner-col:before{border-top-left-radius:0px;border-top-right-radius:0px;border-bottom-right-radius:0px;border-bottom-left-radius:0px;}.kadence-column_d1f063-29 > .kt-inside-inner-col{column-gap:var(--global-kb-gap-sm, 1rem);}.kadence-column_d1f063-29 > .kt-inside-inner-col{flex-direction:column;}.kadence-column_d1f063-29 > .kt-inside-inner-col > .aligncenter{width:100%;}.kadence-column_d1f063-29 > .kt-inside-inner-col:before{opacity:0.3;}.kadence-column_d1f063-29{position:relative;}@media all and (max-width: 1024px){.kadence-column_d1f063-29 > .kt-inside-inner-col{flex-direction:column;justify-content:center;}}@media all and (max-width: 767px){.kadence-column_d1f063-29 > .kt-inside-inner-col{flex-direction:column;justify-content:center;}}<\/style>\n<div class=\"wp-block-kadence-column inner-column-1 kadence-column_d1f063-29\"><div class=\"kt-inside-inner-col\"><style>.wp-block-kadence-advancedheading.kt-adv-heading_1e9999-f8, .wp-block-kadence-advancedheading.kt-adv-heading_1e9999-f8[data-kb-block=\"kb-adv-heading_1e9999-f8\"]{text-align:center;font-style:normal;}.wp-block-kadence-advancedheading.kt-adv-heading_1e9999-f8 mark.kt-highlight, .wp-block-kadence-advancedheading.kt-adv-heading_1e9999-f8[data-kb-block=\"kb-adv-heading_1e9999-f8\"] mark.kt-highlight{font-style:normal;color:#f76a0c;-webkit-box-decoration-break:clone;box-decoration-break:clone;padding-top:0px;padding-right:0px;padding-bottom:0px;padding-left:0px;}<\/style>\n<h6 class=\"kt-adv-heading_1e9999-f8 wp-block-kadence-advancedheading\" data-kb-block=\"kb-adv-heading_1e9999-f8\"><em><em><em>Los aeropuertos y las instalaciones portuarias, por su naturaleza y condici\u00f3n de zonas internacionales, cuentan con toda una serie de interlocutores con diferentes jurisdicciones y competencias. La coordinaci\u00f3n de la respuesta a las emergencias y crisis es, por tanto, un reto de coordinaci\u00f3n y log\u00edstica.&nbsp; <\/em><\/em><\/em><\/h6>\n\n\n<style>.wp-block-kadence-advancedheading.kt-adv-heading_3e94e4-dd, .wp-block-kadence-advancedheading.kt-adv-heading_3e94e4-dd[data-kb-block=\"kb-adv-heading_3e94e4-dd\"]{text-align:center;font-style:normal;}.wp-block-kadence-advancedheading.kt-adv-heading_3e94e4-dd mark.kt-highlight, .wp-block-kadence-advancedheading.kt-adv-heading_3e94e4-dd[data-kb-block=\"kb-adv-heading_3e94e4-dd\"] mark.kt-highlight{font-style:normal;color:#f76a0c;-webkit-box-decoration-break:clone;box-decoration-break:clone;padding-top:0px;padding-right:0px;padding-bottom:0px;padding-left:0px;}<\/style>\n<h6 class=\"kt-adv-heading_3e94e4-dd wp-block-kadence-advancedheading\" data-kb-block=\"kb-adv-heading_3e94e4-dd\"><em><em><em>El gran n\u00famero de partes interesadas representa un reto importante a la hora de garantizar la resistencia de la instalaci\u00f3n y sus operaciones.<\/em><\/em><\/em><\/h6>\n\n\n\n<p><\/p>\n<\/div><\/div>\n<\/div><\/div><\/div>\n\n\n<style>#kt-layout-id_6f6e2f-68 > .kt-row-column-wrap{align-content:start;}:where(#kt-layout-id_6f6e2f-68 > .kt-row-column-wrap) > .wp-block-kadence-column{justify-content:start;}#kt-layout-id_6f6e2f-68 > .kt-row-column-wrap{column-gap:var(--global-kb-gap-md, 2rem);row-gap:var(--global-kb-gap-md, 2rem);padding-top:var( --global-kb-row-default-top, 25px );padding-bottom:var( --global-kb-row-default-bottom, 25px );padding-top:75px;grid-template-columns:minmax(0, calc(50% - ((var(--global-kb-gap-md, 2rem) * 1 )\/2)))minmax(0, calc(50% - ((var(--global-kb-gap-md, 2rem) * 1 )\/2)));}#kt-layout-id_6f6e2f-68 > .kt-row-layout-overlay{opacity:0.30;}@media all and (max-width: 1024px){#kt-layout-id_6f6e2f-68 > .kt-row-column-wrap{grid-template-columns:repeat(2, minmax(0, 1fr));}}@media all and (max-width: 767px){#kt-layout-id_6f6e2f-68 > .kt-row-column-wrap{grid-template-columns:minmax(0, 1fr);}}<\/style>\n<div class=\"wp-block-kadence-rowlayout alignnone\"><div id=\"kt-layout-id_6f6e2f-68\" class=\"kt-row-layout-inner kt-layout-id_6f6e2f-68\"><div class=\"kt-row-column-wrap kt-has-2-columns kt-gutter-default kt-v-gutter-default kt-row-valign-top kt-row-layout-equal kt-tab-layout-inherit kt-m-colapse-left-to-right kt-mobile-layout-row  kt-custom-first-width-50  kt-custom-second-width-50\"><style>.kadence-column_e1b673-c8 > .kt-inside-inner-col{border-top-width:0px;border-right-width:0px;border-bottom-width:0px;border-left-width:0px;}.kadence-column_e1b673-c8 > .kt-inside-inner-col,.kadence-column_e1b673-c8 > .kt-inside-inner-col:before{border-top-left-radius:0px;border-top-right-radius:0px;border-bottom-right-radius:0px;border-bottom-left-radius:0px;}.kadence-column_e1b673-c8 > .kt-inside-inner-col{column-gap:var(--global-kb-gap-sm, 1rem);}.kadence-column_e1b673-c8 > .kt-inside-inner-col{flex-direction:column;}.kadence-column_e1b673-c8 > .kt-inside-inner-col > .aligncenter{width:100%;}.kadence-column_e1b673-c8 > .kt-inside-inner-col:before{opacity:0.3;}.kadence-column_e1b673-c8{position:relative;}@media all and (max-width: 1024px){.kadence-column_e1b673-c8 > .kt-inside-inner-col{flex-direction:column;justify-content:center;}}@media all and (max-width: 767px){.kadence-column_e1b673-c8 > .kt-inside-inner-col{flex-direction:column;justify-content:center;}}<\/style>\n<div class=\"wp-block-kadence-column inner-column-1 kadence-column_e1b673-c8\"><div class=\"kt-inside-inner-col\">\n<p>Las consecuencias de un accidente o una cat\u00e1strofe natural en las operaciones aeroportuarias y portuarias son cruciales para la seguridad de los pasajeros, los empleados , los diversos operadores y el personal de respuesta, sin olvidar el entorno y la seguridad de la poblaci\u00f3n vecina.<\/p>\n\n\n\n<p>Rezilio permite a los diferentes agentes dispuestos a colaborar y cooperar antes, durante y despu\u00e9s de una crisis o cat\u00e1strofe, a compartir informaci\u00f3n y coordinar sus decisiones para ser m\u00e1s eficientes y resilientes.<\/p>\n\n\n\n<p>Rezilio ha sido dise\u00f1ado por y para el personal de emergencias, seguridad y crisis, que necesita tomar decisiones r\u00e1pidamente cuando se enfrenta a estas situaciones que ponen en peligro vidas humanas y importantes activos y infraestructuras.<\/p>\n<\/div><\/div>\n\n\n<style>.kadence-column_693aa7-76 > .kt-inside-inner-col{border-top-width:0px;border-right-width:0px;border-bottom-width:0px;border-left-width:0px;}.kadence-column_693aa7-76 > .kt-inside-inner-col,.kadence-column_693aa7-76 > .kt-inside-inner-col:before{border-top-left-radius:0px;border-top-right-radius:0px;border-bottom-right-radius:0px;border-bottom-left-radius:0px;}.kadence-column_693aa7-76 > .kt-inside-inner-col{column-gap:var(--global-kb-gap-sm, 1rem);}.kadence-column_693aa7-76 > .kt-inside-inner-col{flex-direction:column;}.kadence-column_693aa7-76 > .kt-inside-inner-col > .aligncenter{width:100%;}.kadence-column_693aa7-76 > .kt-inside-inner-col:before{opacity:0.3;}.kadence-column_693aa7-76{position:relative;}@media all and (max-width: 1024px){.kadence-column_693aa7-76 > .kt-inside-inner-col{flex-direction:column;justify-content:center;}}@media all and (max-width: 767px){.kadence-column_693aa7-76 > .kt-inside-inner-col{flex-direction:column;justify-content:center;}}<\/style>\n<div class=\"wp-block-kadence-column inner-column-2 kadence-column_693aa7-76\"><div class=\"kt-inside-inner-col\">\n<div class=\"wp-block-image\"><figure class=\"aligncenter size-full\"><img decoding=\"async\" width=\"475\" height=\"261\" src=\"https:\/\/www.rezilio.com\/wp-content\/uploads\/2020\/03\/a\u00e9oroportuaire-et-portuaire-1.png\" alt=\"\" class=\"wp-image-3710\"\/><\/figure><\/div>\n<\/div><\/div>\n<\/div><\/div><\/div>\n<span class=\"kt-load-after-post\"><\/span>","protected":false},"excerpt":{"rendered":"<p>Los aeropuertos y las instalaciones portuarias, por su naturaleza y condici\u00f3n de zonas internacionales, cuentan con toda una serie de interlocutores con diferentes jurisdicciones y competencias. La coordinaci\u00f3n de la respuesta a las emergencias y crisis es, por tanto, un reto de coordinaci\u00f3n y log\u00edstica.&nbsp; El gran n\u00famero de partes interesadas representa un reto importante&#8230;<\/p>\n","protected":false},"author":8,"featured_media":3712,"parent":3698,"menu_order":0,"comment_status":"closed","ping_status":"closed","template":"","meta":{"_kad_blocks_custom_css":"","_kad_blocks_head_custom_js":"","_kad_blocks_body_custom_js":"","_kad_blocks_footer_custom_js":"","_kad_post_transparent":"","_kad_post_title":"","_kad_post_layout":"","_kad_post_sidebar_id":"","_kad_post_content_style":"","_kad_post_vertical_padding":"","_kad_post_feature":"","_kad_post_feature_position":"","_kad_post_header":false,"_kad_post_footer":false,"footnotes":""},"class_list":["post-3711","page","type-page","status-publish","has-post-thumbnail","hentry"],"yoast_head":"<!-- This site is optimized with the Yoast SEO plugin v17.4 - https:\/\/yoast.com\/wordpress\/plugins\/seo\/ -->\n<title>Aeropuerto y puerto - Rezilio Technology Inc.<\/title>\n<meta name=\"description\" content=\"Rezilio Technology Inc. ofrece innovadoras herramientas digitales de coordinaci\u00f3n de emergencias para los aeropuertos.\" \/>\n<meta name=\"robots\" content=\"index, follow, max-snippet:-1, max-image-preview:large, max-video-preview:-1\" \/>\n<link rel=\"canonical\" href=\"https:\/\/www.rezilio.com\/es\/sectores\/aeropuerto-y-puerto\/\" \/>\n<meta property=\"og:locale\" content=\"es_ES\" \/>\n<meta property=\"og:type\" content=\"article\" \/>\n<meta property=\"og:title\" content=\"Aeropuerto y puerto - Rezilio Technology Inc.\" \/>\n<meta property=\"og:description\" content=\"Rezilio Technology Inc. ofrece innovadoras herramientas digitales de coordinaci\u00f3n de emergencias para los aeropuertos.\" \/>\n<meta property=\"og:url\" content=\"https:\/\/www.rezilio.com\/es\/sectores\/aeropuerto-y-puerto\/\" \/>\n<meta property=\"og:site_name\" content=\"Rezilio Technologie Inc.\" \/>\n<meta property=\"article:modified_time\" content=\"2022-05-30T18:30:31+00:00\" \/>\n<meta property=\"og:image\" content=\"https:\/\/www.rezilio.com\/wp-content\/uploads\/2020\/10\/ae\u0301oroportuaire-et-portuaire-1.png\" \/>\n\t<meta property=\"og:image:width\" content=\"475\" \/>\n\t<meta property=\"og:image:height\" content=\"261\" \/>\n<meta name=\"twitter:card\" content=\"summary_large_image\" \/>\n<meta name=\"twitter:label1\" content=\"Est. reading time\" \/>\n\t<meta name=\"twitter:data1\" content=\"1 minute\" \/>\n<script type=\"application\/ld+json\" class=\"yoast-schema-graph\">{\"@context\":\"https:\/\/schema.org\",\"@graph\":[{\"@type\":\"Organization\",\"@id\":\"https:\/\/www.rezilio.com\/#organization\",\"name\":\"Rezilio\",\"url\":\"https:\/\/www.rezilio.com\/\",\"sameAs\":[],\"logo\":{\"@type\":\"ImageObject\",\"@id\":\"https:\/\/www.rezilio.com\/#logo\",\"inLanguage\":\"es\",\"url\":\"https:\/\/www.rezilio.com\/wp-content\/uploads\/2020\/03\/rezilio-logo.png\",\"contentUrl\":\"https:\/\/www.rezilio.com\/wp-content\/uploads\/2020\/03\/rezilio-logo.png\",\"width\":201,\"height\":45,\"caption\":\"Rezilio\"},\"image\":{\"@id\":\"https:\/\/www.rezilio.com\/#logo\"}},{\"@type\":\"WebSite\",\"@id\":\"https:\/\/www.rezilio.com\/#website\",\"url\":\"https:\/\/www.rezilio.com\/\",\"name\":\"Rezilio Technologie Inc.\",\"description\":\"\",\"publisher\":{\"@id\":\"https:\/\/www.rezilio.com\/#organization\"},\"potentialAction\":[{\"@type\":\"SearchAction\",\"target\":{\"@type\":\"EntryPoint\",\"urlTemplate\":\"https:\/\/www.rezilio.com\/?s={search_term_string}\"},\"query-input\":\"required name=search_term_string\"}],\"inLanguage\":\"es\"},{\"@type\":\"ImageObject\",\"@id\":\"https:\/\/www.rezilio.com\/es\/sectores\/aeropuerto-y-puerto\/#primaryimage\",\"inLanguage\":\"es\",\"url\":\"https:\/\/www.rezilio.com\/wp-content\/uploads\/2020\/10\/ae\\u0301oroportuaire-et-portuaire-1.png\",\"contentUrl\":\"https:\/\/www.rezilio.com\/wp-content\/uploads\/2020\/10\/ae\\u0301oroportuaire-et-portuaire-1.png\",\"width\":475,\"height\":261},{\"@type\":\"WebPage\",\"@id\":\"https:\/\/www.rezilio.com\/es\/sectores\/aeropuerto-y-puerto\/#webpage\",\"url\":\"https:\/\/www.rezilio.com\/es\/sectores\/aeropuerto-y-puerto\/\",\"name\":\"Aeropuerto y puerto - Rezilio Technology Inc.\",\"isPartOf\":{\"@id\":\"https:\/\/www.rezilio.com\/#website\"},\"primaryImageOfPage\":{\"@id\":\"https:\/\/www.rezilio.com\/es\/sectores\/aeropuerto-y-puerto\/#primaryimage\"},\"datePublished\":\"2020-10-02T18:29:57+00:00\",\"dateModified\":\"2022-05-30T18:30:31+00:00\",\"description\":\"Rezilio Technology Inc. ofrece innovadoras herramientas digitales de coordinaci\\u00f3n de emergencias para los aeropuertos.\",\"breadcrumb\":{\"@id\":\"https:\/\/www.rezilio.com\/es\/sectores\/aeropuerto-y-puerto\/#breadcrumb\"},\"inLanguage\":\"es\",\"potentialAction\":[{\"@type\":\"ReadAction\",\"target\":[\"https:\/\/www.rezilio.com\/es\/sectores\/aeropuerto-y-puerto\/\"]}]},{\"@type\":\"BreadcrumbList\",\"@id\":\"https:\/\/www.rezilio.com\/es\/sectores\/aeropuerto-y-puerto\/#breadcrumb\",\"itemListElement\":[{\"@type\":\"ListItem\",\"position\":1,\"name\":\"Accueil\",\"item\":\"https:\/\/www.rezilio.com\/es\/\"},{\"@type\":\"ListItem\",\"position\":2,\"name\":\"\\u00c1reas de servicio\",\"item\":\"https:\/\/www.rezilio.com\/es\/sectores\/\"},{\"@type\":\"ListItem\",\"position\":3,\"name\":\"Aeropuerto y puerto\"}]}]}<\/script>\n<!-- \/ Yoast SEO plugin. -->","yoast_head_json":{"title":"Aeropuerto y puerto - Rezilio Technology Inc.","description":"Rezilio Technology Inc. ofrece innovadoras herramientas digitales de coordinaci\u00f3n de emergencias para los aeropuertos.","robots":{"index":"index","follow":"follow","max-snippet":"max-snippet:-1","max-image-preview":"max-image-preview:large","max-video-preview":"max-video-preview:-1"},"canonical":"https:\/\/www.rezilio.com\/es\/sectores\/aeropuerto-y-puerto\/","og_locale":"es_ES","og_type":"article","og_title":"Aeropuerto y puerto - Rezilio Technology Inc.","og_description":"Rezilio Technology Inc. ofrece innovadoras herramientas digitales de coordinaci\u00f3n de emergencias para los aeropuertos.","og_url":"https:\/\/www.rezilio.com\/es\/sectores\/aeropuerto-y-puerto\/","og_site_name":"Rezilio Technologie Inc.","article_modified_time":"2022-05-30T18:30:31+00:00","og_image":[{"width":475,"height":261,"url":"https:\/\/www.rezilio.com\/wp-content\/uploads\/2020\/10\/ae\u0301oroportuaire-et-portuaire-1.png","type":"image\/png"}],"twitter_card":"summary_large_image","twitter_misc":{"Est. reading time":"1 minute"},"schema":{"@context":"https:\/\/schema.org","@graph":[{"@type":"Organization","@id":"https:\/\/www.rezilio.com\/#organization","name":"Rezilio","url":"https:\/\/www.rezilio.com\/","sameAs":[],"logo":{"@type":"ImageObject","@id":"https:\/\/www.rezilio.com\/#logo","inLanguage":"es","url":"https:\/\/www.rezilio.com\/wp-content\/uploads\/2020\/03\/rezilio-logo.png","contentUrl":"https:\/\/www.rezilio.com\/wp-content\/uploads\/2020\/03\/rezilio-logo.png","width":201,"height":45,"caption":"Rezilio"},"image":{"@id":"https:\/\/www.rezilio.com\/#logo"}},{"@type":"WebSite","@id":"https:\/\/www.rezilio.com\/#website","url":"https:\/\/www.rezilio.com\/","name":"Rezilio Technologie Inc.","description":"","publisher":{"@id":"https:\/\/www.rezilio.com\/#organization"},"potentialAction":[{"@type":"SearchAction","target":{"@type":"EntryPoint","urlTemplate":"https:\/\/www.rezilio.com\/?s={search_term_string}"},"query-input":"required name=search_term_string"}],"inLanguage":"es"},{"@type":"ImageObject","@id":"https:\/\/www.rezilio.com\/es\/sectores\/aeropuerto-y-puerto\/#primaryimage","inLanguage":"es","url":"https:\/\/www.rezilio.com\/wp-content\/uploads\/2020\/10\/ae\u0301oroportuaire-et-portuaire-1.png","contentUrl":"https:\/\/www.rezilio.com\/wp-content\/uploads\/2020\/10\/ae\u0301oroportuaire-et-portuaire-1.png","width":475,"height":261},{"@type":"WebPage","@id":"https:\/\/www.rezilio.com\/es\/sectores\/aeropuerto-y-puerto\/#webpage","url":"https:\/\/www.rezilio.com\/es\/sectores\/aeropuerto-y-puerto\/","name":"Aeropuerto y puerto - Rezilio Technology Inc.","isPartOf":{"@id":"https:\/\/www.rezilio.com\/#website"},"primaryImageOfPage":{"@id":"https:\/\/www.rezilio.com\/es\/sectores\/aeropuerto-y-puerto\/#primaryimage"},"datePublished":"2020-10-02T18:29:57+00:00","dateModified":"2022-05-30T18:30:31+00:00","description":"Rezilio Technology Inc. ofrece innovadoras herramientas digitales de coordinaci\u00f3n de emergencias para los aeropuertos.","breadcrumb":{"@id":"https:\/\/www.rezilio.com\/es\/sectores\/aeropuerto-y-puerto\/#breadcrumb"},"inLanguage":"es","potentialAction":[{"@type":"ReadAction","target":["https:\/\/www.rezilio.com\/es\/sectores\/aeropuerto-y-puerto\/"]}]},{"@type":"BreadcrumbList","@id":"https:\/\/www.rezilio.com\/es\/sectores\/aeropuerto-y-puerto\/#breadcrumb","itemListElement":[{"@type":"ListItem","position":1,"name":"Accueil","item":"https:\/\/www.rezilio.com\/es\/"},{"@type":"ListItem","position":2,"name":"\u00c1reas de servicio","item":"https:\/\/www.rezilio.com\/es\/sectores\/"},{"@type":"ListItem","position":3,"name":"Aeropuerto y puerto"}]}]}},"taxonomy_info":[],"featured_image_src_large":["https:\/\/www.rezilio.com\/wp-content\/uploads\/2020\/10\/ae\u0301oroportuaire-et-portuaire-1.png",475,261,false],"author_info":{"display_name":"daniel.dancause@rezilio.com","author_link":"https:\/\/www.rezilio.com\/es\/author\/daniel-dancauserezilio-com\/"},"comment_info":0,"_links":{"self":[{"href":"https:\/\/www.rezilio.com\/es\/wp-json\/wp\/v2\/pages\/3711","targetHints":{"allow":["GET"]}}],"collection":[{"href":"https:\/\/www.rezilio.com\/es\/wp-json\/wp\/v2\/pages"}],"about":[{"href":"https:\/\/www.rezilio.com\/es\/wp-json\/wp\/v2\/types\/page"}],"author":[{"embeddable":true,"href":"https:\/\/www.rezilio.com\/es\/wp-json\/wp\/v2\/users\/8"}],"replies":[{"embeddable":true,"href":"https:\/\/www.rezilio.com\/es\/wp-json\/wp\/v2\/comments?post=3711"}],"version-history":[{"count":2,"href":"https:\/\/www.rezilio.com\/es\/wp-json\/wp\/v2\/pages\/3711\/revisions"}],"predecessor-version":[{"id":4307,"href":"https:\/\/www.rezilio.com\/es\/wp-json\/wp\/v2\/pages\/3711\/revisions\/4307"}],"up":[{"embeddable":true,"href":"https:\/\/www.rezilio.com\/es\/wp-json\/wp\/v2\/pages\/3698"}],"wp:featuredmedia":[{"embeddable":true,"href":"https:\/\/www.rezilio.com\/es\/wp-json\/wp\/v2\/media\/3712"}],"wp:attachment":[{"href":"https:\/\/www.rezilio.com\/es\/wp-json\/wp\/v2\/media?parent=3711"}],"curies":[{"name":"wp","href":"https:\/\/api.w.org\/{rel}","templated":true}]}}