{"id":3737,"date":"2021-10-27T15:26:07","date_gmt":"2021-10-27T15:26:07","guid":{"rendered":"https:\/\/www.rezilio.com\/?page_id=3737"},"modified":"2022-05-30T18:31:19","modified_gmt":"2022-05-30T18:31:19","slug":"ciudades-y-municipios","status":"publish","type":"page","link":"https:\/\/www.rezilio.com\/es\/sectores\/ciudades-y-municipios\/","title":{"rendered":"Ciudades y municipios"},"content":{"rendered":"<style>#kt-layout-id_ebbfe2-34 > .kt-row-column-wrap{align-content:start;}:where(#kt-layout-id_ebbfe2-34 > .kt-row-column-wrap) > .wp-block-kadence-column{justify-content:start;}#kt-layout-id_ebbfe2-34 > .kt-row-column-wrap{column-gap:var(--global-kb-gap-md, 2rem);row-gap:var(--global-kb-gap-md, 2rem);max-width:800px;margin-left:auto;margin-right:auto;padding-top:var( --global-kb-row-default-top, 25px );padding-bottom:var( --global-kb-row-default-bottom, 25px );padding-top:var(--global-kb-spacing-sm, 1.5rem);padding-bottom:var(--global-kb-spacing-sm, 1.5rem);grid-template-columns:minmax(0, 1fr);}#kt-layout-id_ebbfe2-34 > .kt-row-layout-overlay{opacity:0.30;}@media all and (max-width: 1024px){#kt-layout-id_ebbfe2-34 > .kt-row-column-wrap{grid-template-columns:minmax(0, 1fr);}}@media all and (max-width: 767px){#kt-layout-id_ebbfe2-34 > .kt-row-column-wrap{grid-template-columns:minmax(0, 1fr);}}<\/style>\n<div class=\"wp-block-kadence-rowlayout alignnone\"><div id=\"kt-layout-id_ebbfe2-34\" class=\"kt-row-layout-inner kt-layout-id_ebbfe2-34\"><div class=\"kt-row-column-wrap kt-has-1-columns kt-gutter-default kt-v-gutter-default kt-row-valign-top kt-row-layout-equal kt-tab-layout-inherit kt-m-colapse-left-to-right kt-mobile-layout-row\"><style>.kadence-column_63c957-a9 > .kt-inside-inner-col{border-top-width:0px;border-right-width:0px;border-bottom-width:0px;border-left-width:0px;}.kadence-column_63c957-a9 > .kt-inside-inner-col,.kadence-column_63c957-a9 > .kt-inside-inner-col:before{border-top-left-radius:0px;border-top-right-radius:0px;border-bottom-right-radius:0px;border-bottom-left-radius:0px;}.kadence-column_63c957-a9 > .kt-inside-inner-col{column-gap:var(--global-kb-gap-sm, 1rem);}.kadence-column_63c957-a9 > .kt-inside-inner-col{flex-direction:column;}.kadence-column_63c957-a9 > .kt-inside-inner-col > .aligncenter{width:100%;}.kadence-column_63c957-a9 > .kt-inside-inner-col:before{opacity:0.3;}.kadence-column_63c957-a9{position:relative;}@media all and (max-width: 1024px){.kadence-column_63c957-a9 > .kt-inside-inner-col{flex-direction:column;justify-content:center;}}@media all and (max-width: 767px){.kadence-column_63c957-a9 > .kt-inside-inner-col{flex-direction:column;justify-content:center;}}<\/style>\n<div class=\"wp-block-kadence-column inner-column-1 kadence-column_63c957-a9\"><div class=\"kt-inside-inner-col\"><style>.wp-block-kadence-advancedheading.kt-adv-heading_d91d35-29, .wp-block-kadence-advancedheading.kt-adv-heading_d91d35-29[data-kb-block=\"kb-adv-heading_d91d35-29\"]{text-align:center;font-style:normal;}.wp-block-kadence-advancedheading.kt-adv-heading_d91d35-29 mark.kt-highlight, .wp-block-kadence-advancedheading.kt-adv-heading_d91d35-29[data-kb-block=\"kb-adv-heading_d91d35-29\"] mark.kt-highlight{font-style:normal;color:#f76a0c;-webkit-box-decoration-break:clone;box-decoration-break:clone;padding-top:0px;padding-right:0px;padding-bottom:0px;padding-left:0px;}<\/style>\n<h6 class=\"kt-adv-heading_d91d35-29 wp-block-kadence-advancedheading\" data-kb-block=\"kb-adv-heading_d91d35-29\"><em><em><em><em>La protecci\u00f3n de los ciudadanos se ha convertido en un elemento cr\u00edtico en la gesti\u00f3n urbana<\/em><\/em><\/em><\/em>.<\/h6>\n<\/div><\/div>\n<\/div><\/div><\/div>\n\n\n<style>#kt-layout-id_90ee53-1f > .kt-row-column-wrap{align-content:start;}:where(#kt-layout-id_90ee53-1f > .kt-row-column-wrap) > .wp-block-kadence-column{justify-content:start;}#kt-layout-id_90ee53-1f > .kt-row-column-wrap{column-gap:var(--global-kb-gap-md, 2rem);row-gap:var(--global-kb-gap-md, 2rem);padding-top:var( --global-kb-row-default-top, 25px );padding-bottom:var( --global-kb-row-default-bottom, 25px );padding-top:75px;grid-template-columns:minmax(0, calc(50% - ((var(--global-kb-gap-md, 2rem) * 1 )\/2)))minmax(0, calc(50% - ((var(--global-kb-gap-md, 2rem) * 1 )\/2)));}#kt-layout-id_90ee53-1f > .kt-row-layout-overlay{opacity:0.30;}@media all and (max-width: 1024px){#kt-layout-id_90ee53-1f > .kt-row-column-wrap{grid-template-columns:repeat(2, minmax(0, 1fr));}}@media all and (max-width: 767px){#kt-layout-id_90ee53-1f > .kt-row-column-wrap{grid-template-columns:minmax(0, 1fr);}}<\/style>\n<div class=\"wp-block-kadence-rowlayout alignnone\"><div id=\"kt-layout-id_90ee53-1f\" class=\"kt-row-layout-inner kt-layout-id_90ee53-1f\"><div class=\"kt-row-column-wrap kt-has-2-columns kt-gutter-default kt-v-gutter-default kt-row-valign-top kt-row-layout-equal kt-tab-layout-inherit kt-m-colapse-left-to-right kt-mobile-layout-row  kt-custom-first-width-50  kt-custom-second-width-50\"><style>.kadence-column_b6df05-69 > .kt-inside-inner-col{border-top-width:0px;border-right-width:0px;border-bottom-width:0px;border-left-width:0px;}.kadence-column_b6df05-69 > .kt-inside-inner-col,.kadence-column_b6df05-69 > .kt-inside-inner-col:before{border-top-left-radius:0px;border-top-right-radius:0px;border-bottom-right-radius:0px;border-bottom-left-radius:0px;}.kadence-column_b6df05-69 > .kt-inside-inner-col{column-gap:var(--global-kb-gap-sm, 1rem);}.kadence-column_b6df05-69 > .kt-inside-inner-col{flex-direction:column;}.kadence-column_b6df05-69 > .kt-inside-inner-col > .aligncenter{width:100%;}.kadence-column_b6df05-69 > .kt-inside-inner-col:before{opacity:0.3;}.kadence-column_b6df05-69{position:relative;}@media all and (max-width: 1024px){.kadence-column_b6df05-69 > .kt-inside-inner-col{flex-direction:column;justify-content:center;}}@media all and (max-width: 767px){.kadence-column_b6df05-69 > .kt-inside-inner-col{flex-direction:column;justify-content:center;}}<\/style>\n<div class=\"wp-block-kadence-column inner-column-1 kadence-column_b6df05-69\"><div class=\"kt-inside-inner-col\">\n<p>Garantizar la seguridad de los ciudadanos, su integridad f\u00edsica, y la protecci\u00f3n de los bienes ante los efectos de cat\u00e1strofes o acontecimiento excepcional es una de las responsabilidades m\u00e1s exigentes de cualquier municipio.<\/p>\n\n\n\n<p><br>Rezilio ayuda a cumplir con los requisitos gubernamentales de preparaci\u00f3n para emergencias, a cumplir con los protocolos de alerta y movilizaci\u00f3n necesarios, y a responder de manera r\u00e1pida y eficaz para mitigar el impacto en la poblaci\u00f3n.<\/p>\n\n\n\n<p><br>M\u00e1s que un software de respuesta, Rezilio le permite coordinar los medios de intervenci\u00f3n, segmentar la informaci\u00f3n sensible o facilitar sus relaciones con los medios de comunicaci\u00f3n entre otros aspectos.<\/p>\n<\/div><\/div>\n\n\n<style>.kadence-column_4b7c69-50 > .kt-inside-inner-col{border-top-width:0px;border-right-width:0px;border-bottom-width:0px;border-left-width:0px;}.kadence-column_4b7c69-50 > .kt-inside-inner-col,.kadence-column_4b7c69-50 > .kt-inside-inner-col:before{border-top-left-radius:0px;border-top-right-radius:0px;border-bottom-right-radius:0px;border-bottom-left-radius:0px;}.kadence-column_4b7c69-50 > .kt-inside-inner-col{column-gap:var(--global-kb-gap-sm, 1rem);}.kadence-column_4b7c69-50 > .kt-inside-inner-col{flex-direction:column;}.kadence-column_4b7c69-50 > .kt-inside-inner-col > .aligncenter{width:100%;}.kadence-column_4b7c69-50 > .kt-inside-inner-col:before{opacity:0.3;}.kadence-column_4b7c69-50{position:relative;}@media all and (max-width: 1024px){.kadence-column_4b7c69-50 > .kt-inside-inner-col{flex-direction:column;justify-content:center;}}@media all and (max-width: 767px){.kadence-column_4b7c69-50 > .kt-inside-inner-col{flex-direction:column;justify-content:center;}}<\/style>\n<div class=\"wp-block-kadence-column inner-column-2 kadence-column_4b7c69-50\"><div class=\"kt-inside-inner-col\">\n<div class=\"wp-block-image\"><figure class=\"aligncenter size-medium\"><img decoding=\"async\" width=\"600\" height=\"372\" src=\"https:\/\/www.rezilio.com\/wp-content\/uploads\/2020\/04\/rezilio-villes-et-municipalites-600x372.png\" alt=\"\" class=\"wp-image-3741\" srcset=\"https:\/\/www.rezilio.com\/wp-content\/uploads\/2020\/04\/rezilio-villes-et-municipalites-600x372.png 600w, https:\/\/www.rezilio.com\/wp-content\/uploads\/2020\/04\/rezilio-villes-et-municipalites-768x476.png 768w, https:\/\/www.rezilio.com\/wp-content\/uploads\/2020\/04\/rezilio-villes-et-municipalites.png 1092w\" sizes=\"(max-width: 600px) 100vw, 600px\" \/><\/figure><\/div>\n<\/div><\/div>\n<\/div><\/div><\/div>\n<span class=\"kt-load-after-post\"><\/span>","protected":false},"excerpt":{"rendered":"<p>La protecci\u00f3n de los ciudadanos se ha convertido en un elemento cr\u00edtico en la gesti\u00f3n urbana. Garantizar la seguridad de los ciudadanos, su integridad f\u00edsica, y la protecci\u00f3n de los bienes ante los efectos de cat\u00e1strofes o acontecimiento excepcional es una de las responsabilidades m\u00e1s exigentes de cualquier municipio. Rezilio ayuda a cumplir con los&#8230;<\/p>\n","protected":false},"author":9,"featured_media":3741,"parent":3698,"menu_order":0,"comment_status":"closed","ping_status":"closed","template":"","meta":{"_kad_blocks_custom_css":"","_kad_blocks_head_custom_js":"","_kad_blocks_body_custom_js":"","_kad_blocks_footer_custom_js":"","_kad_post_transparent":"","_kad_post_title":"","_kad_post_layout":"","_kad_post_sidebar_id":"","_kad_post_content_style":"","_kad_post_vertical_padding":"","_kad_post_feature":"","_kad_post_feature_position":"","_kad_post_header":false,"_kad_post_footer":false,"footnotes":""},"class_list":["post-3737","page","type-page","status-publish","has-post-thumbnail","hentry"],"yoast_head":"<!-- This site is optimized with the Yoast SEO plugin v17.4 - https:\/\/yoast.com\/wordpress\/plugins\/seo\/ -->\n<title>Ciudades y municipios - Rezilio Technology Inc.<\/title>\n<meta name=\"description\" content=\"Proteger a los ciudadanos y los bienes es una responsabilidad importante. Descubra c\u00f3mo puede ayudarle Rezilio.\" \/>\n<meta name=\"robots\" content=\"index, follow, max-snippet:-1, max-image-preview:large, max-video-preview:-1\" \/>\n<link rel=\"canonical\" href=\"https:\/\/www.rezilio.com\/es\/sectores\/ciudades-y-municipios\/\" \/>\n<meta property=\"og:locale\" content=\"es_ES\" \/>\n<meta property=\"og:type\" content=\"article\" \/>\n<meta property=\"og:title\" content=\"Ciudades y municipios - Rezilio Technology Inc.\" \/>\n<meta property=\"og:description\" content=\"Proteger a los ciudadanos y los bienes es una responsabilidad importante. Descubra c\u00f3mo puede ayudarle Rezilio.\" \/>\n<meta property=\"og:url\" content=\"https:\/\/www.rezilio.com\/es\/sectores\/ciudades-y-municipios\/\" \/>\n<meta property=\"og:site_name\" content=\"Rezilio Technologie Inc.\" \/>\n<meta property=\"article:modified_time\" content=\"2022-05-30T18:31:19+00:00\" \/>\n<meta property=\"og:image\" content=\"https:\/\/www.rezilio.com\/wp-content\/uploads\/2020\/04\/rezilio-villes-et-municipalites.png\" \/>\n\t<meta property=\"og:image:width\" content=\"1092\" \/>\n\t<meta property=\"og:image:height\" content=\"677\" \/>\n<meta name=\"twitter:card\" content=\"summary_large_image\" \/>\n<meta name=\"twitter:label1\" content=\"Est. reading time\" \/>\n\t<meta name=\"twitter:data1\" content=\"1 minute\" \/>\n<script type=\"application\/ld+json\" class=\"yoast-schema-graph\">{\"@context\":\"https:\/\/schema.org\",\"@graph\":[{\"@type\":\"Organization\",\"@id\":\"https:\/\/www.rezilio.com\/#organization\",\"name\":\"Rezilio\",\"url\":\"https:\/\/www.rezilio.com\/\",\"sameAs\":[],\"logo\":{\"@type\":\"ImageObject\",\"@id\":\"https:\/\/www.rezilio.com\/#logo\",\"inLanguage\":\"es\",\"url\":\"https:\/\/www.rezilio.com\/wp-content\/uploads\/2020\/03\/rezilio-logo.png\",\"contentUrl\":\"https:\/\/www.rezilio.com\/wp-content\/uploads\/2020\/03\/rezilio-logo.png\",\"width\":201,\"height\":45,\"caption\":\"Rezilio\"},\"image\":{\"@id\":\"https:\/\/www.rezilio.com\/#logo\"}},{\"@type\":\"WebSite\",\"@id\":\"https:\/\/www.rezilio.com\/#website\",\"url\":\"https:\/\/www.rezilio.com\/\",\"name\":\"Rezilio Technologie Inc.\",\"description\":\"\",\"publisher\":{\"@id\":\"https:\/\/www.rezilio.com\/#organization\"},\"potentialAction\":[{\"@type\":\"SearchAction\",\"target\":{\"@type\":\"EntryPoint\",\"urlTemplate\":\"https:\/\/www.rezilio.com\/?s={search_term_string}\"},\"query-input\":\"required name=search_term_string\"}],\"inLanguage\":\"es\"},{\"@type\":\"ImageObject\",\"@id\":\"https:\/\/www.rezilio.com\/es\/sectores\/ciudades-y-municipios\/#primaryimage\",\"inLanguage\":\"es\",\"url\":\"https:\/\/www.rezilio.com\/wp-content\/uploads\/2020\/04\/rezilio-villes-et-municipalites.png\",\"contentUrl\":\"https:\/\/www.rezilio.com\/wp-content\/uploads\/2020\/04\/rezilio-villes-et-municipalites.png\",\"width\":1092,\"height\":677},{\"@type\":\"WebPage\",\"@id\":\"https:\/\/www.rezilio.com\/es\/sectores\/ciudades-y-municipios\/#webpage\",\"url\":\"https:\/\/www.rezilio.com\/es\/sectores\/ciudades-y-municipios\/\",\"name\":\"Ciudades y municipios - Rezilio Technology Inc.\",\"isPartOf\":{\"@id\":\"https:\/\/www.rezilio.com\/#website\"},\"primaryImageOfPage\":{\"@id\":\"https:\/\/www.rezilio.com\/es\/sectores\/ciudades-y-municipios\/#primaryimage\"},\"datePublished\":\"2021-10-27T15:26:07+00:00\",\"dateModified\":\"2022-05-30T18:31:19+00:00\",\"description\":\"Proteger a los ciudadanos y los bienes es una responsabilidad importante. Descubra c\\u00f3mo puede ayudarle Rezilio.\",\"breadcrumb\":{\"@id\":\"https:\/\/www.rezilio.com\/es\/sectores\/ciudades-y-municipios\/#breadcrumb\"},\"inLanguage\":\"es\",\"potentialAction\":[{\"@type\":\"ReadAction\",\"target\":[\"https:\/\/www.rezilio.com\/es\/sectores\/ciudades-y-municipios\/\"]}]},{\"@type\":\"BreadcrumbList\",\"@id\":\"https:\/\/www.rezilio.com\/es\/sectores\/ciudades-y-municipios\/#breadcrumb\",\"itemListElement\":[{\"@type\":\"ListItem\",\"position\":1,\"name\":\"Accueil\",\"item\":\"https:\/\/www.rezilio.com\/es\/\"},{\"@type\":\"ListItem\",\"position\":2,\"name\":\"\\u00c1reas de servicio\",\"item\":\"https:\/\/www.rezilio.com\/es\/sectores\/\"},{\"@type\":\"ListItem\",\"position\":3,\"name\":\"Ciudades y municipios\"}]}]}<\/script>\n<!-- \/ Yoast SEO plugin. -->","yoast_head_json":{"title":"Ciudades y municipios - Rezilio Technology Inc.","description":"Proteger a los ciudadanos y los bienes es una responsabilidad importante. Descubra c\u00f3mo puede ayudarle Rezilio.","robots":{"index":"index","follow":"follow","max-snippet":"max-snippet:-1","max-image-preview":"max-image-preview:large","max-video-preview":"max-video-preview:-1"},"canonical":"https:\/\/www.rezilio.com\/es\/sectores\/ciudades-y-municipios\/","og_locale":"es_ES","og_type":"article","og_title":"Ciudades y municipios - Rezilio Technology Inc.","og_description":"Proteger a los ciudadanos y los bienes es una responsabilidad importante. Descubra c\u00f3mo puede ayudarle Rezilio.","og_url":"https:\/\/www.rezilio.com\/es\/sectores\/ciudades-y-municipios\/","og_site_name":"Rezilio Technologie Inc.","article_modified_time":"2022-05-30T18:31:19+00:00","og_image":[{"width":1092,"height":677,"url":"https:\/\/www.rezilio.com\/wp-content\/uploads\/2020\/04\/rezilio-villes-et-municipalites.png","type":"image\/png"}],"twitter_card":"summary_large_image","twitter_misc":{"Est. reading time":"1 minute"},"schema":{"@context":"https:\/\/schema.org","@graph":[{"@type":"Organization","@id":"https:\/\/www.rezilio.com\/#organization","name":"Rezilio","url":"https:\/\/www.rezilio.com\/","sameAs":[],"logo":{"@type":"ImageObject","@id":"https:\/\/www.rezilio.com\/#logo","inLanguage":"es","url":"https:\/\/www.rezilio.com\/wp-content\/uploads\/2020\/03\/rezilio-logo.png","contentUrl":"https:\/\/www.rezilio.com\/wp-content\/uploads\/2020\/03\/rezilio-logo.png","width":201,"height":45,"caption":"Rezilio"},"image":{"@id":"https:\/\/www.rezilio.com\/#logo"}},{"@type":"WebSite","@id":"https:\/\/www.rezilio.com\/#website","url":"https:\/\/www.rezilio.com\/","name":"Rezilio Technologie Inc.","description":"","publisher":{"@id":"https:\/\/www.rezilio.com\/#organization"},"potentialAction":[{"@type":"SearchAction","target":{"@type":"EntryPoint","urlTemplate":"https:\/\/www.rezilio.com\/?s={search_term_string}"},"query-input":"required name=search_term_string"}],"inLanguage":"es"},{"@type":"ImageObject","@id":"https:\/\/www.rezilio.com\/es\/sectores\/ciudades-y-municipios\/#primaryimage","inLanguage":"es","url":"https:\/\/www.rezilio.com\/wp-content\/uploads\/2020\/04\/rezilio-villes-et-municipalites.png","contentUrl":"https:\/\/www.rezilio.com\/wp-content\/uploads\/2020\/04\/rezilio-villes-et-municipalites.png","width":1092,"height":677},{"@type":"WebPage","@id":"https:\/\/www.rezilio.com\/es\/sectores\/ciudades-y-municipios\/#webpage","url":"https:\/\/www.rezilio.com\/es\/sectores\/ciudades-y-municipios\/","name":"Ciudades y municipios - Rezilio Technology Inc.","isPartOf":{"@id":"https:\/\/www.rezilio.com\/#website"},"primaryImageOfPage":{"@id":"https:\/\/www.rezilio.com\/es\/sectores\/ciudades-y-municipios\/#primaryimage"},"datePublished":"2021-10-27T15:26:07+00:00","dateModified":"2022-05-30T18:31:19+00:00","description":"Proteger a los ciudadanos y los bienes es una responsabilidad importante. Descubra c\u00f3mo puede ayudarle Rezilio.","breadcrumb":{"@id":"https:\/\/www.rezilio.com\/es\/sectores\/ciudades-y-municipios\/#breadcrumb"},"inLanguage":"es","potentialAction":[{"@type":"ReadAction","target":["https:\/\/www.rezilio.com\/es\/sectores\/ciudades-y-municipios\/"]}]},{"@type":"BreadcrumbList","@id":"https:\/\/www.rezilio.com\/es\/sectores\/ciudades-y-municipios\/#breadcrumb","itemListElement":[{"@type":"ListItem","position":1,"name":"Accueil","item":"https:\/\/www.rezilio.com\/es\/"},{"@type":"ListItem","position":2,"name":"\u00c1reas de servicio","item":"https:\/\/www.rezilio.com\/es\/sectores\/"},{"@type":"ListItem","position":3,"name":"Ciudades y municipios"}]}]}},"taxonomy_info":[],"featured_image_src_large":["https:\/\/www.rezilio.com\/wp-content\/uploads\/2020\/04\/rezilio-villes-et-municipalites.png",1092,677,false],"author_info":{"display_name":"Isabelle Custeau","author_link":"https:\/\/www.rezilio.com\/es\/author\/isabelle-custeaurezilio-com\/"},"comment_info":0,"_links":{"self":[{"href":"https:\/\/www.rezilio.com\/es\/wp-json\/wp\/v2\/pages\/3737","targetHints":{"allow":["GET"]}}],"collection":[{"href":"https:\/\/www.rezilio.com\/es\/wp-json\/wp\/v2\/pages"}],"about":[{"href":"https:\/\/www.rezilio.com\/es\/wp-json\/wp\/v2\/types\/page"}],"author":[{"embeddable":true,"href":"https:\/\/www.rezilio.com\/es\/wp-json\/wp\/v2\/users\/9"}],"replies":[{"embeddable":true,"href":"https:\/\/www.rezilio.com\/es\/wp-json\/wp\/v2\/comments?post=3737"}],"version-history":[{"count":3,"href":"https:\/\/www.rezilio.com\/es\/wp-json\/wp\/v2\/pages\/3737\/revisions"}],"predecessor-version":[{"id":4287,"href":"https:\/\/www.rezilio.com\/es\/wp-json\/wp\/v2\/pages\/3737\/revisions\/4287"}],"up":[{"embeddable":true,"href":"https:\/\/www.rezilio.com\/es\/wp-json\/wp\/v2\/pages\/3698"}],"wp:featuredmedia":[{"embeddable":true,"href":"https:\/\/www.rezilio.com\/es\/wp-json\/wp\/v2\/media\/3741"}],"wp:attachment":[{"href":"https:\/\/www.rezilio.com\/es\/wp-json\/wp\/v2\/media?parent=3737"}],"curies":[{"name":"wp","href":"https:\/\/api.w.org\/{rel}","templated":true}]}}