{"id":3742,"date":"2021-10-27T15:30:11","date_gmt":"2021-10-27T15:30:11","guid":{"rendered":"https:\/\/www.rezilio.com\/?page_id=3742"},"modified":"2022-05-30T18:36:22","modified_gmt":"2022-05-30T18:36:22","slug":"seguridad-publica-y-servicios-de-emergencia","status":"publish","type":"page","link":"https:\/\/www.rezilio.com\/es\/sectores\/seguridad-publica-y-servicios-de-emergencia\/","title":{"rendered":"Seguridad p\u00fablica y servicios de emergencia"},"content":{"rendered":"<style>#kt-layout-id_a5ae44-77 > .kt-row-column-wrap{align-content:start;}:where(#kt-layout-id_a5ae44-77 > .kt-row-column-wrap) > .wp-block-kadence-column{justify-content:start;}#kt-layout-id_a5ae44-77 > .kt-row-column-wrap{column-gap:var(--global-kb-gap-md, 2rem);row-gap:var(--global-kb-gap-md, 2rem);max-width:800px;margin-left:auto;margin-right:auto;padding-top:var( --global-kb-row-default-top, 25px );padding-bottom:var( --global-kb-row-default-bottom, 25px );padding-top:var(--global-kb-spacing-sm, 1.5rem);padding-bottom:var(--global-kb-spacing-sm, 1.5rem);grid-template-columns:minmax(0, 1fr);}#kt-layout-id_a5ae44-77 > .kt-row-layout-overlay{opacity:0.30;}@media all and (max-width: 1024px){#kt-layout-id_a5ae44-77 > .kt-row-column-wrap{grid-template-columns:minmax(0, 1fr);}}@media all and (max-width: 767px){#kt-layout-id_a5ae44-77 > .kt-row-column-wrap{grid-template-columns:minmax(0, 1fr);}}<\/style>\n<div class=\"wp-block-kadence-rowlayout alignnone\"><div id=\"kt-layout-id_a5ae44-77\" class=\"kt-row-layout-inner kt-layout-id_a5ae44-77\"><div class=\"kt-row-column-wrap kt-has-1-columns kt-gutter-default kt-v-gutter-default kt-row-valign-top kt-row-layout-equal kt-tab-layout-inherit kt-m-colapse-left-to-right kt-mobile-layout-row\"><style>.kadence-column_286e45-ee > .kt-inside-inner-col{border-top-width:0px;border-right-width:0px;border-bottom-width:0px;border-left-width:0px;}.kadence-column_286e45-ee > .kt-inside-inner-col,.kadence-column_286e45-ee > .kt-inside-inner-col:before{border-top-left-radius:0px;border-top-right-radius:0px;border-bottom-right-radius:0px;border-bottom-left-radius:0px;}.kadence-column_286e45-ee > .kt-inside-inner-col{column-gap:var(--global-kb-gap-sm, 1rem);}.kadence-column_286e45-ee > .kt-inside-inner-col{flex-direction:column;}.kadence-column_286e45-ee > .kt-inside-inner-col > .aligncenter{width:100%;}.kadence-column_286e45-ee > .kt-inside-inner-col:before{opacity:0.3;}.kadence-column_286e45-ee{position:relative;}@media all and (max-width: 1024px){.kadence-column_286e45-ee > .kt-inside-inner-col{flex-direction:column;justify-content:center;}}@media all and (max-width: 767px){.kadence-column_286e45-ee > .kt-inside-inner-col{flex-direction:column;justify-content:center;}}<\/style>\n<div class=\"wp-block-kadence-column inner-column-1 kadence-column_286e45-ee\"><div class=\"kt-inside-inner-col\"><style>.wp-block-kadence-advancedheading.kt-adv-heading_042fd1-08, .wp-block-kadence-advancedheading.kt-adv-heading_042fd1-08[data-kb-block=\"kb-adv-heading_042fd1-08\"]{text-align:center;font-style:normal;}.wp-block-kadence-advancedheading.kt-adv-heading_042fd1-08 mark.kt-highlight, .wp-block-kadence-advancedheading.kt-adv-heading_042fd1-08[data-kb-block=\"kb-adv-heading_042fd1-08\"] mark.kt-highlight{font-style:normal;color:#f76a0c;-webkit-box-decoration-break:clone;box-decoration-break:clone;padding-top:0px;padding-right:0px;padding-bottom:0px;padding-left:0px;}<\/style>\n<h6 class=\"kt-adv-heading_042fd1-08 wp-block-kadence-advancedheading\" data-kb-block=\"kb-adv-heading_042fd1-08\">Ahora m\u00e1s que nunca, los servicios de seguridad p\u00fablica y de emergencia tienen que intervenir en multitud de acontecimientos, cada uno tan cr\u00edtico como el siguiente. Para ello, tambi\u00e9n deben contar con planes bien elaborados y distribuidos para responder con eficacia.<\/h6>\n\n\n<style>.wp-block-kadence-advancedheading.kt-adv-heading_277261-17, .wp-block-kadence-advancedheading.kt-adv-heading_277261-17[data-kb-block=\"kb-adv-heading_277261-17\"]{text-align:center;font-style:normal;}.wp-block-kadence-advancedheading.kt-adv-heading_277261-17 mark.kt-highlight, .wp-block-kadence-advancedheading.kt-adv-heading_277261-17[data-kb-block=\"kb-adv-heading_277261-17\"] mark.kt-highlight{font-style:normal;color:#f76a0c;-webkit-box-decoration-break:clone;box-decoration-break:clone;padding-top:0px;padding-right:0px;padding-bottom:0px;padding-left:0px;}<\/style>\n<h6 class=\"kt-adv-heading_277261-17 wp-block-kadence-advancedheading\" data-kb-block=\"kb-adv-heading_277261-17\">En una situaci\u00f3n de cat\u00e1strofe natural, las infraestructuras esenciales, como las sedes, los centros de recepci\u00f3n y tratamiento de llamadas de emergencia, las comisar\u00edas de polic\u00eda o los parques de bomberos y ambulancias, pueden quedar inoperativas y exponer la seguridad de las personas que se encuentran en ellas.<\/h6>\n<\/div><\/div>\n<\/div><\/div><\/div>\n\n\n<style>#kt-layout-id_e5d0d8-a9 > .kt-row-column-wrap{align-content:center;}:where(#kt-layout-id_e5d0d8-a9 > .kt-row-column-wrap) > .wp-block-kadence-column{justify-content:center;}#kt-layout-id_e5d0d8-a9 > .kt-row-column-wrap{column-gap:var(--global-kb-gap-md, 2rem);row-gap:var(--global-kb-gap-md, 2rem);padding-top:var( --global-kb-row-default-top, 25px );padding-bottom:var( --global-kb-row-default-bottom, 25px );padding-top:75px;grid-template-columns:minmax(0, calc(50% - ((var(--global-kb-gap-md, 2rem) * 1 )\/2)))minmax(0, calc(50% - ((var(--global-kb-gap-md, 2rem) * 1 )\/2)));}#kt-layout-id_e5d0d8-a9 > .kt-row-layout-overlay{opacity:0.30;}@media all and (max-width: 1024px){#kt-layout-id_e5d0d8-a9 > .kt-row-column-wrap{grid-template-columns:repeat(2, minmax(0, 1fr));}}@media all and (max-width: 767px){#kt-layout-id_e5d0d8-a9 > .kt-row-column-wrap{grid-template-columns:minmax(0, 1fr);}}<\/style>\n<div class=\"wp-block-kadence-rowlayout alignnone\"><div id=\"kt-layout-id_e5d0d8-a9\" class=\"kt-row-layout-inner kt-layout-id_e5d0d8-a9\"><div class=\"kt-row-column-wrap kt-has-2-columns kt-gutter-default kt-v-gutter-default kt-row-valign-middle kt-row-layout-equal kt-tab-layout-inherit kt-m-colapse-left-to-right kt-mobile-layout-row  kt-custom-first-width-50  kt-custom-second-width-50\"><style>.kadence-column_b37209-13 > .kt-inside-inner-col{border-top-width:0px;border-right-width:0px;border-bottom-width:0px;border-left-width:0px;}.kadence-column_b37209-13 > .kt-inside-inner-col,.kadence-column_b37209-13 > .kt-inside-inner-col:before{border-top-left-radius:0px;border-top-right-radius:0px;border-bottom-right-radius:0px;border-bottom-left-radius:0px;}.kadence-column_b37209-13 > .kt-inside-inner-col{column-gap:var(--global-kb-gap-sm, 1rem);}.kadence-column_b37209-13 > .kt-inside-inner-col{flex-direction:column;}.kadence-column_b37209-13 > .kt-inside-inner-col > .aligncenter{width:100%;}.kadence-column_b37209-13 > .kt-inside-inner-col:before{opacity:0.3;}.kadence-column_b37209-13{position:relative;}@media all and (max-width: 1024px){.kadence-column_b37209-13 > .kt-inside-inner-col{flex-direction:column;justify-content:center;}}@media all and (max-width: 767px){.kadence-column_b37209-13 > .kt-inside-inner-col{flex-direction:column;justify-content:center;}}<\/style>\n<div class=\"wp-block-kadence-column inner-column-1 kadence-column_b37209-13\"><div class=\"kt-inside-inner-col\">\n<p>Para garantizar la seguridad de las personas que trabajan en los servicios de inter\u00e9s p\u00fablico y en el mantenimiento de los servicios esenciales para nuestra sociedad, Rezilio puede ayudarle en misiones cr\u00edticas accediendo a protocolos, datos, planes, etc., en modo deslocalizado. En algunos casos, permite incluso acceder a los planes de emergencia de los colegios, directamente desde el veh\u00edculo patrulla y el centro de llamadas de emergencia.<\/p>\n<\/div><\/div>\n\n\n<style>.kadence-column_3aa062-3c > .kt-inside-inner-col{border-top-width:0px;border-right-width:0px;border-bottom-width:0px;border-left-width:0px;}.kadence-column_3aa062-3c > .kt-inside-inner-col,.kadence-column_3aa062-3c > .kt-inside-inner-col:before{border-top-left-radius:0px;border-top-right-radius:0px;border-bottom-right-radius:0px;border-bottom-left-radius:0px;}.kadence-column_3aa062-3c > .kt-inside-inner-col{column-gap:var(--global-kb-gap-sm, 1rem);}.kadence-column_3aa062-3c > .kt-inside-inner-col{flex-direction:column;}.kadence-column_3aa062-3c > .kt-inside-inner-col > .aligncenter{width:100%;}.kadence-column_3aa062-3c > .kt-inside-inner-col:before{opacity:0.3;}.kadence-column_3aa062-3c{position:relative;}@media all and (max-width: 1024px){.kadence-column_3aa062-3c > .kt-inside-inner-col{flex-direction:column;justify-content:center;}}@media all and (max-width: 767px){.kadence-column_3aa062-3c > .kt-inside-inner-col{flex-direction:column;justify-content:center;}}<\/style>\n<div class=\"wp-block-kadence-column inner-column-2 kadence-column_3aa062-3c\"><div class=\"kt-inside-inner-col\">\n<div class=\"wp-block-image\"><figure class=\"aligncenter size-full\"><img decoding=\"async\" width=\"453\" height=\"398\" src=\"https:\/\/www.rezilio.com\/wp-content\/uploads\/2020\/10\/icn-commercial.png\" alt=\"\" class=\"wp-image-1072\"\/><\/figure><\/div>\n<\/div><\/div>\n<\/div><\/div><\/div>\n<span class=\"kt-load-after-post\"><\/span>","protected":false},"excerpt":{"rendered":"<p>Ahora m\u00e1s que nunca, los servicios de seguridad p\u00fablica y de emergencia tienen que intervenir en multitud de acontecimientos, cada uno tan cr\u00edtico como el siguiente. Para ello, tambi\u00e9n deben contar con planes bien elaborados y distribuidos para responder con eficacia. En una situaci\u00f3n de cat\u00e1strofe natural, las infraestructuras esenciales, como las sedes, los centros&#8230;<\/p>\n","protected":false},"author":9,"featured_media":3748,"parent":3698,"menu_order":0,"comment_status":"closed","ping_status":"closed","template":"","meta":{"_kad_blocks_custom_css":"","_kad_blocks_head_custom_js":"","_kad_blocks_body_custom_js":"","_kad_blocks_footer_custom_js":"","_kad_post_transparent":"","_kad_post_title":"","_kad_post_layout":"","_kad_post_sidebar_id":"","_kad_post_content_style":"","_kad_post_vertical_padding":"","_kad_post_feature":"","_kad_post_feature_position":"","_kad_post_header":false,"_kad_post_footer":false,"footnotes":""},"class_list":["post-3742","page","type-page","status-publish","has-post-thumbnail","hentry"],"yoast_head":"<!-- This site is optimized with the Yoast SEO plugin v17.4 - https:\/\/yoast.com\/wordpress\/plugins\/seo\/ -->\n<title>Seguridad p\u00fablica y servicios de emergencia - Rezilio Technology Inc.<\/title>\n<meta name=\"description\" content=\"La seguridad p\u00fablica y los servicios de emergencia deben estar m\u00e1s que preparados para responder a cualquier crisis. Rezilio puede ayudar!\" \/>\n<meta name=\"robots\" content=\"index, follow, max-snippet:-1, max-image-preview:large, max-video-preview:-1\" \/>\n<link rel=\"canonical\" href=\"https:\/\/www.rezilio.com\/es\/sectores\/seguridad-publica-y-servicios-de-emergencia\/\" \/>\n<meta property=\"og:locale\" content=\"es_ES\" \/>\n<meta property=\"og:type\" content=\"article\" \/>\n<meta property=\"og:title\" content=\"Seguridad p\u00fablica y servicios de emergencia - Rezilio Technology Inc.\" \/>\n<meta property=\"og:description\" content=\"La seguridad p\u00fablica y los servicios de emergencia deben estar m\u00e1s que preparados para responder a cualquier crisis. Rezilio puede ayudar!\" \/>\n<meta property=\"og:url\" content=\"https:\/\/www.rezilio.com\/es\/sectores\/seguridad-publica-y-servicios-de-emergencia\/\" \/>\n<meta property=\"og:site_name\" content=\"Rezilio Technologie Inc.\" \/>\n<meta property=\"article:modified_time\" content=\"2022-05-30T18:36:22+00:00\" \/>\n<meta property=\"og:image\" content=\"https:\/\/www.rezilio.com\/wp-content\/uploads\/2020\/10\/icn-commercial.png\" \/>\n\t<meta property=\"og:image:width\" content=\"453\" \/>\n\t<meta property=\"og:image:height\" content=\"398\" \/>\n<meta name=\"twitter:card\" content=\"summary_large_image\" \/>\n<meta name=\"twitter:label1\" content=\"Est. reading time\" \/>\n\t<meta name=\"twitter:data1\" content=\"1 minute\" \/>\n<script type=\"application\/ld+json\" class=\"yoast-schema-graph\">{\"@context\":\"https:\/\/schema.org\",\"@graph\":[{\"@type\":\"Organization\",\"@id\":\"https:\/\/www.rezilio.com\/#organization\",\"name\":\"Rezilio\",\"url\":\"https:\/\/www.rezilio.com\/\",\"sameAs\":[],\"logo\":{\"@type\":\"ImageObject\",\"@id\":\"https:\/\/www.rezilio.com\/#logo\",\"inLanguage\":\"es\",\"url\":\"https:\/\/www.rezilio.com\/wp-content\/uploads\/2020\/03\/rezilio-logo.png\",\"contentUrl\":\"https:\/\/www.rezilio.com\/wp-content\/uploads\/2020\/03\/rezilio-logo.png\",\"width\":201,\"height\":45,\"caption\":\"Rezilio\"},\"image\":{\"@id\":\"https:\/\/www.rezilio.com\/#logo\"}},{\"@type\":\"WebSite\",\"@id\":\"https:\/\/www.rezilio.com\/#website\",\"url\":\"https:\/\/www.rezilio.com\/\",\"name\":\"Rezilio Technologie Inc.\",\"description\":\"\",\"publisher\":{\"@id\":\"https:\/\/www.rezilio.com\/#organization\"},\"potentialAction\":[{\"@type\":\"SearchAction\",\"target\":{\"@type\":\"EntryPoint\",\"urlTemplate\":\"https:\/\/www.rezilio.com\/?s={search_term_string}\"},\"query-input\":\"required name=search_term_string\"}],\"inLanguage\":\"es\"},{\"@type\":\"ImageObject\",\"@id\":\"https:\/\/www.rezilio.com\/es\/sectores\/seguridad-publica-y-servicios-de-emergencia\/#primaryimage\",\"inLanguage\":\"es\",\"url\":\"https:\/\/www.rezilio.com\/wp-content\/uploads\/2020\/10\/icn-commercial.png\",\"contentUrl\":\"https:\/\/www.rezilio.com\/wp-content\/uploads\/2020\/10\/icn-commercial.png\",\"width\":453,\"height\":398},{\"@type\":\"WebPage\",\"@id\":\"https:\/\/www.rezilio.com\/es\/sectores\/seguridad-publica-y-servicios-de-emergencia\/#webpage\",\"url\":\"https:\/\/www.rezilio.com\/es\/sectores\/seguridad-publica-y-servicios-de-emergencia\/\",\"name\":\"Seguridad p\\u00fablica y servicios de emergencia - Rezilio Technology Inc.\",\"isPartOf\":{\"@id\":\"https:\/\/www.rezilio.com\/#website\"},\"primaryImageOfPage\":{\"@id\":\"https:\/\/www.rezilio.com\/es\/sectores\/seguridad-publica-y-servicios-de-emergencia\/#primaryimage\"},\"datePublished\":\"2021-10-27T15:30:11+00:00\",\"dateModified\":\"2022-05-30T18:36:22+00:00\",\"description\":\"La seguridad p\\u00fablica y los servicios de emergencia deben estar m\\u00e1s que preparados para responder a cualquier crisis. Rezilio puede ayudar!\",\"breadcrumb\":{\"@id\":\"https:\/\/www.rezilio.com\/es\/sectores\/seguridad-publica-y-servicios-de-emergencia\/#breadcrumb\"},\"inLanguage\":\"es\",\"potentialAction\":[{\"@type\":\"ReadAction\",\"target\":[\"https:\/\/www.rezilio.com\/es\/sectores\/seguridad-publica-y-servicios-de-emergencia\/\"]}]},{\"@type\":\"BreadcrumbList\",\"@id\":\"https:\/\/www.rezilio.com\/es\/sectores\/seguridad-publica-y-servicios-de-emergencia\/#breadcrumb\",\"itemListElement\":[{\"@type\":\"ListItem\",\"position\":1,\"name\":\"Accueil\",\"item\":\"https:\/\/www.rezilio.com\/es\/\"},{\"@type\":\"ListItem\",\"position\":2,\"name\":\"\\u00c1reas de servicio\",\"item\":\"https:\/\/www.rezilio.com\/es\/sectores\/\"},{\"@type\":\"ListItem\",\"position\":3,\"name\":\"Seguridad p\\u00fablica y servicios de emergencia\"}]}]}<\/script>\n<!-- \/ Yoast SEO plugin. -->","yoast_head_json":{"title":"Seguridad p\u00fablica y servicios de emergencia - Rezilio Technology Inc.","description":"La seguridad p\u00fablica y los servicios de emergencia deben estar m\u00e1s que preparados para responder a cualquier crisis. Rezilio puede ayudar!","robots":{"index":"index","follow":"follow","max-snippet":"max-snippet:-1","max-image-preview":"max-image-preview:large","max-video-preview":"max-video-preview:-1"},"canonical":"https:\/\/www.rezilio.com\/es\/sectores\/seguridad-publica-y-servicios-de-emergencia\/","og_locale":"es_ES","og_type":"article","og_title":"Seguridad p\u00fablica y servicios de emergencia - Rezilio Technology Inc.","og_description":"La seguridad p\u00fablica y los servicios de emergencia deben estar m\u00e1s que preparados para responder a cualquier crisis. Rezilio puede ayudar!","og_url":"https:\/\/www.rezilio.com\/es\/sectores\/seguridad-publica-y-servicios-de-emergencia\/","og_site_name":"Rezilio Technologie Inc.","article_modified_time":"2022-05-30T18:36:22+00:00","og_image":[{"width":453,"height":398,"url":"https:\/\/www.rezilio.com\/wp-content\/uploads\/2020\/10\/icn-commercial.png","type":"image\/png"}],"twitter_card":"summary_large_image","twitter_misc":{"Est. reading time":"1 minute"},"schema":{"@context":"https:\/\/schema.org","@graph":[{"@type":"Organization","@id":"https:\/\/www.rezilio.com\/#organization","name":"Rezilio","url":"https:\/\/www.rezilio.com\/","sameAs":[],"logo":{"@type":"ImageObject","@id":"https:\/\/www.rezilio.com\/#logo","inLanguage":"es","url":"https:\/\/www.rezilio.com\/wp-content\/uploads\/2020\/03\/rezilio-logo.png","contentUrl":"https:\/\/www.rezilio.com\/wp-content\/uploads\/2020\/03\/rezilio-logo.png","width":201,"height":45,"caption":"Rezilio"},"image":{"@id":"https:\/\/www.rezilio.com\/#logo"}},{"@type":"WebSite","@id":"https:\/\/www.rezilio.com\/#website","url":"https:\/\/www.rezilio.com\/","name":"Rezilio Technologie Inc.","description":"","publisher":{"@id":"https:\/\/www.rezilio.com\/#organization"},"potentialAction":[{"@type":"SearchAction","target":{"@type":"EntryPoint","urlTemplate":"https:\/\/www.rezilio.com\/?s={search_term_string}"},"query-input":"required name=search_term_string"}],"inLanguage":"es"},{"@type":"ImageObject","@id":"https:\/\/www.rezilio.com\/es\/sectores\/seguridad-publica-y-servicios-de-emergencia\/#primaryimage","inLanguage":"es","url":"https:\/\/www.rezilio.com\/wp-content\/uploads\/2020\/10\/icn-commercial.png","contentUrl":"https:\/\/www.rezilio.com\/wp-content\/uploads\/2020\/10\/icn-commercial.png","width":453,"height":398},{"@type":"WebPage","@id":"https:\/\/www.rezilio.com\/es\/sectores\/seguridad-publica-y-servicios-de-emergencia\/#webpage","url":"https:\/\/www.rezilio.com\/es\/sectores\/seguridad-publica-y-servicios-de-emergencia\/","name":"Seguridad p\u00fablica y servicios de emergencia - Rezilio Technology Inc.","isPartOf":{"@id":"https:\/\/www.rezilio.com\/#website"},"primaryImageOfPage":{"@id":"https:\/\/www.rezilio.com\/es\/sectores\/seguridad-publica-y-servicios-de-emergencia\/#primaryimage"},"datePublished":"2021-10-27T15:30:11+00:00","dateModified":"2022-05-30T18:36:22+00:00","description":"La seguridad p\u00fablica y los servicios de emergencia deben estar m\u00e1s que preparados para responder a cualquier crisis. Rezilio puede ayudar!","breadcrumb":{"@id":"https:\/\/www.rezilio.com\/es\/sectores\/seguridad-publica-y-servicios-de-emergencia\/#breadcrumb"},"inLanguage":"es","potentialAction":[{"@type":"ReadAction","target":["https:\/\/www.rezilio.com\/es\/sectores\/seguridad-publica-y-servicios-de-emergencia\/"]}]},{"@type":"BreadcrumbList","@id":"https:\/\/www.rezilio.com\/es\/sectores\/seguridad-publica-y-servicios-de-emergencia\/#breadcrumb","itemListElement":[{"@type":"ListItem","position":1,"name":"Accueil","item":"https:\/\/www.rezilio.com\/es\/"},{"@type":"ListItem","position":2,"name":"\u00c1reas de servicio","item":"https:\/\/www.rezilio.com\/es\/sectores\/"},{"@type":"ListItem","position":3,"name":"Seguridad p\u00fablica y servicios de emergencia"}]}]}},"taxonomy_info":[],"featured_image_src_large":["https:\/\/www.rezilio.com\/wp-content\/uploads\/2020\/10\/icn-commercial.png",453,398,false],"author_info":{"display_name":"Isabelle Custeau","author_link":"https:\/\/www.rezilio.com\/es\/author\/isabelle-custeaurezilio-com\/"},"comment_info":0,"_links":{"self":[{"href":"https:\/\/www.rezilio.com\/es\/wp-json\/wp\/v2\/pages\/3742","targetHints":{"allow":["GET"]}}],"collection":[{"href":"https:\/\/www.rezilio.com\/es\/wp-json\/wp\/v2\/pages"}],"about":[{"href":"https:\/\/www.rezilio.com\/es\/wp-json\/wp\/v2\/types\/page"}],"author":[{"embeddable":true,"href":"https:\/\/www.rezilio.com\/es\/wp-json\/wp\/v2\/users\/9"}],"replies":[{"embeddable":true,"href":"https:\/\/www.rezilio.com\/es\/wp-json\/wp\/v2\/comments?post=3742"}],"version-history":[{"count":1,"href":"https:\/\/www.rezilio.com\/es\/wp-json\/wp\/v2\/pages\/3742\/revisions"}],"predecessor-version":[{"id":3747,"href":"https:\/\/www.rezilio.com\/es\/wp-json\/wp\/v2\/pages\/3742\/revisions\/3747"}],"up":[{"embeddable":true,"href":"https:\/\/www.rezilio.com\/es\/wp-json\/wp\/v2\/pages\/3698"}],"wp:featuredmedia":[{"embeddable":true,"href":"https:\/\/www.rezilio.com\/es\/wp-json\/wp\/v2\/media\/3748"}],"wp:attachment":[{"href":"https:\/\/www.rezilio.com\/es\/wp-json\/wp\/v2\/media?parent=3742"}],"curies":[{"name":"wp","href":"https:\/\/api.w.org\/{rel}","templated":true}]}}