{"id":3759,"date":"2020-10-02T19:15:07","date_gmt":"2020-10-02T19:15:07","guid":{"rendered":"https:\/\/www.rezilio.com\/tarif\/"},"modified":"2024-07-12T15:11:58","modified_gmt":"2024-07-12T15:11:58","slug":"tarifa","status":"publish","type":"page","link":"https:\/\/www.rezilio.com\/es\/tarifa\/","title":{"rendered":"Tarifa"},"content":{"rendered":"<style>#kt-layout-id_49e21c-5b > .kt-row-column-wrap{align-content:start;}:where(#kt-layout-id_49e21c-5b > .kt-row-column-wrap) > .wp-block-kadence-column{justify-content:start;}#kt-layout-id_49e21c-5b > .kt-row-column-wrap{column-gap:var(--global-kb-gap-md, 2rem);row-gap:var(--global-kb-gap-md, 2rem);max-width:800px;margin-left:auto;margin-right:auto;padding-top:var( --global-kb-row-default-top, 25px );padding-bottom:var( --global-kb-row-default-bottom, 25px );padding-top:var(--global-kb-spacing-sm, 1.5rem);padding-bottom:var(--global-kb-spacing-sm, 1.5rem);grid-template-columns:minmax(0, 1fr);}#kt-layout-id_49e21c-5b > .kt-row-layout-overlay{opacity:0.30;}@media all and (max-width: 1024px){#kt-layout-id_49e21c-5b > .kt-row-column-wrap{grid-template-columns:minmax(0, 1fr);}}@media all and (max-width: 767px){#kt-layout-id_49e21c-5b > .kt-row-column-wrap{grid-template-columns:minmax(0, 1fr);}}<\/style>\n<div class=\"wp-block-kadence-rowlayout alignnone\"><div id=\"kt-layout-id_49e21c-5b\" class=\"kt-row-layout-inner kt-layout-id_49e21c-5b\"><div class=\"kt-row-column-wrap kt-has-1-columns kt-gutter-default kt-v-gutter-default kt-row-valign-top kt-row-layout-equal kt-tab-layout-inherit kt-m-colapse-left-to-right kt-mobile-layout-row\"><style>.kadence-column_94ec20-33 > .kt-inside-inner-col{border-top-width:0px;border-right-width:0px;border-bottom-width:0px;border-left-width:0px;}.kadence-column_94ec20-33 > .kt-inside-inner-col,.kadence-column_94ec20-33 > .kt-inside-inner-col:before{border-top-left-radius:0px;border-top-right-radius:0px;border-bottom-right-radius:0px;border-bottom-left-radius:0px;}.kadence-column_94ec20-33 > .kt-inside-inner-col{column-gap:var(--global-kb-gap-sm, 1rem);}.kadence-column_94ec20-33 > .kt-inside-inner-col{flex-direction:column;}.kadence-column_94ec20-33 > .kt-inside-inner-col > .aligncenter{width:100%;}.kadence-column_94ec20-33 > .kt-inside-inner-col:before{opacity:0.3;}.kadence-column_94ec20-33{position:relative;}@media all and (max-width: 1024px){.kadence-column_94ec20-33 > .kt-inside-inner-col{flex-direction:column;justify-content:center;}}@media all and (max-width: 767px){.kadence-column_94ec20-33 > .kt-inside-inner-col{flex-direction:column;justify-content:center;}}<\/style>\n<div class=\"wp-block-kadence-column inner-column-1 kadence-column_94ec20-33\"><div class=\"kt-inside-inner-col\"><style>.wp-block-kadence-advancedheading.kt-adv-heading_e0f426-bb, .wp-block-kadence-advancedheading.kt-adv-heading_e0f426-bb[data-kb-block=\"kb-adv-heading_e0f426-bb\"]{text-align:center;font-style:normal;}.wp-block-kadence-advancedheading.kt-adv-heading_e0f426-bb mark.kt-highlight, .wp-block-kadence-advancedheading.kt-adv-heading_e0f426-bb[data-kb-block=\"kb-adv-heading_e0f426-bb\"] mark.kt-highlight{font-style:normal;color:#f76a0c;-webkit-box-decoration-break:clone;box-decoration-break:clone;padding-top:0px;padding-right:0px;padding-bottom:0px;padding-left:0px;}<\/style>\n<h6 class=\"kt-adv-heading_e0f426-bb wp-block-kadence-advancedheading\" data-kb-block=\"kb-adv-heading_e0f426-bb\"><em><em>Un abono adaptado a sus necesidades<\/em><\/em><\/h6>\n<\/div><\/div>\n<\/div><\/div><\/div>\n\n\n<style>#kt-layout-id_b1b8ae-c9 > .kt-row-column-wrap{align-content:start;}:where(#kt-layout-id_b1b8ae-c9 > .kt-row-column-wrap) > .wp-block-kadence-column{justify-content:start;}#kt-layout-id_b1b8ae-c9 > .kt-row-column-wrap{column-gap:var(--global-kb-gap-md, 2rem);row-gap:var(--global-kb-gap-md, 2rem);padding-top:var( --global-kb-row-default-top, 25px );padding-bottom:var( --global-kb-row-default-bottom, 25px );padding-top:75px;grid-template-columns:minmax(0, calc(50% - ((var(--global-kb-gap-md, 2rem) * 1 )\/2)))minmax(0, calc(50% - ((var(--global-kb-gap-md, 2rem) * 1 )\/2)));}#kt-layout-id_b1b8ae-c9 > .kt-row-layout-overlay{opacity:0.30;}@media all and (max-width: 1024px){#kt-layout-id_b1b8ae-c9 > .kt-row-column-wrap{grid-template-columns:repeat(2, minmax(0, 1fr));}}@media all and (max-width: 767px){#kt-layout-id_b1b8ae-c9 > .kt-row-column-wrap{grid-template-columns:minmax(0, 1fr);}}<\/style>\n<div class=\"wp-block-kadence-rowlayout alignnone\"><div id=\"kt-layout-id_b1b8ae-c9\" class=\"kt-row-layout-inner kt-layout-id_b1b8ae-c9\"><div class=\"kt-row-column-wrap kt-has-2-columns kt-gutter-default kt-v-gutter-default kt-row-valign-top kt-row-layout-equal kt-tab-layout-inherit kt-m-colapse-left-to-right kt-mobile-layout-row  kt-custom-first-width-50  kt-custom-second-width-50\"><style>.kadence-column_e8c667-bd > .kt-inside-inner-col{border-top-width:0px;border-right-width:0px;border-bottom-width:0px;border-left-width:0px;}.kadence-column_e8c667-bd > .kt-inside-inner-col,.kadence-column_e8c667-bd > .kt-inside-inner-col:before{border-top-left-radius:0px;border-top-right-radius:0px;border-bottom-right-radius:0px;border-bottom-left-radius:0px;}.kadence-column_e8c667-bd > .kt-inside-inner-col{column-gap:var(--global-kb-gap-sm, 1rem);}.kadence-column_e8c667-bd > .kt-inside-inner-col{flex-direction:column;}.kadence-column_e8c667-bd > .kt-inside-inner-col > .aligncenter{width:100%;}.kadence-column_e8c667-bd > .kt-inside-inner-col:before{opacity:0.3;}.kadence-column_e8c667-bd{position:relative;}@media all and (max-width: 1024px){.kadence-column_e8c667-bd > .kt-inside-inner-col{flex-direction:column;justify-content:center;}}@media all and (max-width: 767px){.kadence-column_e8c667-bd > .kt-inside-inner-col{flex-direction:column;justify-content:center;}}<\/style>\n<div class=\"wp-block-kadence-column inner-column-1 kadence-column_e8c667-bd\"><div class=\"kt-inside-inner-col\">\n<p><br><br>Al elegir los productos REZILIO, est\u00e1 optando por una soluci\u00f3n completa y eficaz que aumenta r\u00e1pidamente la resistencia de su organizaci\u00f3n, manteniendo los costes bajo control.<\/p>\n\n\n\n<p>Descubra nuestra gama de soluciones flexibles y personalizadas: nuestros variados abonos est\u00e1n dise\u00f1ados para satisfacer las necesidades espec\u00edficas y exigentes de cada cliente. P\u00f3ngase en contacto con nosotros hoy mismo para elaborar juntos el paquete de valor ideal para sus necesidades y presupuesto.<\/p>\n\n\n<style>.wp-block-kadence-advancedbtn.kb-btns_caebc5-13{gap:var(--global-kb-gap-xs, 0.5rem );justify-content:flex-start;align-items:center;}.kt-btns_caebc5-13 .kt-button{font-weight:normal;font-style:normal;}.kt-btns_caebc5-13 .kt-btn-wrap-0{margin-right:5px;}.wp-block-kadence-advancedbtn.kt-btns_caebc5-13 .kt-btn-wrap-0 .kt-button::before{display:none;}<\/style>\n<div class=\"wp-block-kadence-advancedbtn kt-btn-align-left kt-btn-tablet-align-inherit kt-btn-mobile-align-inherit kt-btns-wrap kt-btns_caebc5-13\"><div class=\"kt-btn-wrap kt-btn-wrap-0\"><a class=\"kt-button button kt-btn-0-action kt-btn-size-standard kt-btn-style-basic kt-btn-svg-show-always kt-btn-has-text-true kt-btn-has-svg-false kb-btn-global-inherit wp-block-button__link\" href=\"\/es\/descubrir-rezilio\/\"><span class=\"kt-btn-inner-text\">Contacte con nosotros<\/span><\/a><\/div><\/div>\n<\/div><\/div>\n\n\n<style>.kadence-column_280167-66 > .kt-inside-inner-col{border-top-width:0px;border-right-width:0px;border-bottom-width:0px;border-left-width:0px;}.kadence-column_280167-66 > .kt-inside-inner-col,.kadence-column_280167-66 > .kt-inside-inner-col:before{border-top-left-radius:0px;border-top-right-radius:0px;border-bottom-right-radius:0px;border-bottom-left-radius:0px;}.kadence-column_280167-66 > .kt-inside-inner-col{column-gap:var(--global-kb-gap-sm, 1rem);}.kadence-column_280167-66 > .kt-inside-inner-col{flex-direction:column;}.kadence-column_280167-66 > .kt-inside-inner-col > .aligncenter{width:100%;}.kadence-column_280167-66 > .kt-inside-inner-col:before{opacity:0.3;}.kadence-column_280167-66{position:relative;}@media all and (max-width: 1024px){.kadence-column_280167-66 > .kt-inside-inner-col{flex-direction:column;justify-content:center;}}@media all and (max-width: 767px){.kadence-column_280167-66 > .kt-inside-inner-col{flex-direction:column;justify-content:center;}}<\/style>\n<div class=\"wp-block-kadence-column inner-column-2 kadence-column_280167-66\"><div class=\"kt-inside-inner-col\">\n<div class=\"wp-block-image\"><figure class=\"aligncenter size-full is-resized\"><img decoding=\"async\" src=\"https:\/\/www.rezilio.com\/wp-content\/uploads\/2020\/12\/Visuels_tarifs-2.png\" alt=\"\" class=\"wp-image-3767\" width=\"472\" height=\"318\" srcset=\"https:\/\/www.rezilio.com\/wp-content\/uploads\/2020\/12\/Visuels_tarifs-2.png 943w, https:\/\/www.rezilio.com\/wp-content\/uploads\/2020\/12\/Visuels_tarifs-2-600x404.png 600w, https:\/\/www.rezilio.com\/wp-content\/uploads\/2020\/12\/Visuels_tarifs-2-768x517.png 768w\" sizes=\"(max-width: 472px) 100vw, 472px\" \/><\/figure><\/div>\n<\/div><\/div>\n<\/div><\/div><\/div>\n<span class=\"kt-load-after-post\"><\/span>","protected":false},"excerpt":{"rendered":"<p>Un abono adaptado a sus necesidades Al elegir los productos REZILIO, est\u00e1 optando por una soluci\u00f3n completa y eficaz que aumenta r\u00e1pidamente la resistencia de su organizaci\u00f3n, manteniendo los costes bajo control. Descubra nuestra gama de soluciones flexibles y personalizadas: nuestros variados abonos est\u00e1n dise\u00f1ados para satisfacer las necesidades espec\u00edficas y exigentes de cada cliente&#8230;.<\/p>\n","protected":false},"author":8,"featured_media":3761,"parent":0,"menu_order":0,"comment_status":"closed","ping_status":"closed","template":"","meta":{"_kad_blocks_custom_css":"","_kad_blocks_head_custom_js":"","_kad_blocks_body_custom_js":"","_kad_blocks_footer_custom_js":"","_kad_post_transparent":"","_kad_post_title":"","_kad_post_layout":"","_kad_post_sidebar_id":"","_kad_post_content_style":"","_kad_post_vertical_padding":"","_kad_post_feature":"","_kad_post_feature_position":"","_kad_post_header":false,"_kad_post_footer":false,"footnotes":""},"class_list":["post-3759","page","type-page","status-publish","has-post-thumbnail","hentry"],"yoast_head":"<!-- This site is optimized with the Yoast SEO plugin v17.4 - https:\/\/yoast.com\/wordpress\/plugins\/seo\/ -->\n<title>Tarifa - Rezilio Technology Inc.<\/title>\n<meta name=\"description\" content=\"Rezilio ofrece precios personalizados que pueden adaptarse a las necesidades y requisitos de los clientes. Vea nuestra gama de suscripciones.\" \/>\n<meta name=\"robots\" content=\"index, follow, max-snippet:-1, max-image-preview:large, max-video-preview:-1\" \/>\n<link rel=\"canonical\" href=\"https:\/\/www.rezilio.com\/es\/tarifa\/\" \/>\n<meta property=\"og:locale\" content=\"es_ES\" \/>\n<meta property=\"og:type\" content=\"article\" \/>\n<meta property=\"og:title\" content=\"Tarifa - Rezilio Technology Inc.\" \/>\n<meta property=\"og:description\" content=\"Rezilio ofrece precios personalizados que pueden adaptarse a las necesidades y requisitos de los clientes. Vea nuestra gama de suscripciones.\" \/>\n<meta property=\"og:url\" content=\"https:\/\/www.rezilio.com\/es\/tarifa\/\" \/>\n<meta property=\"og:site_name\" content=\"Rezilio Technologie Inc.\" \/>\n<meta property=\"article:modified_time\" content=\"2024-07-12T15:11:58+00:00\" \/>\n<meta property=\"og:image\" content=\"https:\/\/www.rezilio.com\/wp-content\/uploads\/2020\/10\/Rezilio_benefices_dollars.jpg\" \/>\n\t<meta property=\"og:image:width\" content=\"1037\" \/>\n\t<meta property=\"og:image:height\" content=\"955\" \/>\n<meta name=\"twitter:card\" content=\"summary_large_image\" \/>\n<meta name=\"twitter:label1\" content=\"Est. reading time\" \/>\n\t<meta name=\"twitter:data1\" content=\"1 minute\" \/>\n<script type=\"application\/ld+json\" class=\"yoast-schema-graph\">{\"@context\":\"https:\/\/schema.org\",\"@graph\":[{\"@type\":\"Organization\",\"@id\":\"https:\/\/www.rezilio.com\/#organization\",\"name\":\"Rezilio\",\"url\":\"https:\/\/www.rezilio.com\/\",\"sameAs\":[],\"logo\":{\"@type\":\"ImageObject\",\"@id\":\"https:\/\/www.rezilio.com\/#logo\",\"inLanguage\":\"es\",\"url\":\"https:\/\/www.rezilio.com\/wp-content\/uploads\/2020\/03\/rezilio-logo.png\",\"contentUrl\":\"https:\/\/www.rezilio.com\/wp-content\/uploads\/2020\/03\/rezilio-logo.png\",\"width\":201,\"height\":45,\"caption\":\"Rezilio\"},\"image\":{\"@id\":\"https:\/\/www.rezilio.com\/#logo\"}},{\"@type\":\"WebSite\",\"@id\":\"https:\/\/www.rezilio.com\/#website\",\"url\":\"https:\/\/www.rezilio.com\/\",\"name\":\"Rezilio Technologie Inc.\",\"description\":\"\",\"publisher\":{\"@id\":\"https:\/\/www.rezilio.com\/#organization\"},\"potentialAction\":[{\"@type\":\"SearchAction\",\"target\":{\"@type\":\"EntryPoint\",\"urlTemplate\":\"https:\/\/www.rezilio.com\/?s={search_term_string}\"},\"query-input\":\"required name=search_term_string\"}],\"inLanguage\":\"es\"},{\"@type\":\"ImageObject\",\"@id\":\"https:\/\/www.rezilio.com\/es\/tarifa\/#primaryimage\",\"inLanguage\":\"es\",\"url\":\"https:\/\/www.rezilio.com\/wp-content\/uploads\/2020\/10\/Rezilio_benefices_dollars.jpg\",\"contentUrl\":\"https:\/\/www.rezilio.com\/wp-content\/uploads\/2020\/10\/Rezilio_benefices_dollars.jpg\",\"width\":1037,\"height\":955},{\"@type\":\"WebPage\",\"@id\":\"https:\/\/www.rezilio.com\/es\/tarifa\/#webpage\",\"url\":\"https:\/\/www.rezilio.com\/es\/tarifa\/\",\"name\":\"Tarifa - Rezilio Technology Inc.\",\"isPartOf\":{\"@id\":\"https:\/\/www.rezilio.com\/#website\"},\"primaryImageOfPage\":{\"@id\":\"https:\/\/www.rezilio.com\/es\/tarifa\/#primaryimage\"},\"datePublished\":\"2020-10-02T19:15:07+00:00\",\"dateModified\":\"2024-07-12T15:11:58+00:00\",\"description\":\"Rezilio ofrece precios personalizados que pueden adaptarse a las necesidades y requisitos de los clientes. Vea nuestra gama de suscripciones.\",\"breadcrumb\":{\"@id\":\"https:\/\/www.rezilio.com\/es\/tarifa\/#breadcrumb\"},\"inLanguage\":\"es\",\"potentialAction\":[{\"@type\":\"ReadAction\",\"target\":[\"https:\/\/www.rezilio.com\/es\/tarifa\/\"]}]},{\"@type\":\"BreadcrumbList\",\"@id\":\"https:\/\/www.rezilio.com\/es\/tarifa\/#breadcrumb\",\"itemListElement\":[{\"@type\":\"ListItem\",\"position\":1,\"name\":\"Accueil\",\"item\":\"https:\/\/www.rezilio.com\/es\/\"},{\"@type\":\"ListItem\",\"position\":2,\"name\":\"Tarifa\"}]}]}<\/script>\n<!-- \/ Yoast SEO plugin. -->","yoast_head_json":{"title":"Tarifa - Rezilio Technology Inc.","description":"Rezilio ofrece precios personalizados que pueden adaptarse a las necesidades y requisitos de los clientes. Vea nuestra gama de suscripciones.","robots":{"index":"index","follow":"follow","max-snippet":"max-snippet:-1","max-image-preview":"max-image-preview:large","max-video-preview":"max-video-preview:-1"},"canonical":"https:\/\/www.rezilio.com\/es\/tarifa\/","og_locale":"es_ES","og_type":"article","og_title":"Tarifa - Rezilio Technology Inc.","og_description":"Rezilio ofrece precios personalizados que pueden adaptarse a las necesidades y requisitos de los clientes. Vea nuestra gama de suscripciones.","og_url":"https:\/\/www.rezilio.com\/es\/tarifa\/","og_site_name":"Rezilio Technologie Inc.","article_modified_time":"2024-07-12T15:11:58+00:00","og_image":[{"width":1037,"height":955,"url":"https:\/\/www.rezilio.com\/wp-content\/uploads\/2020\/10\/Rezilio_benefices_dollars.jpg","type":"image\/jpeg"}],"twitter_card":"summary_large_image","twitter_misc":{"Est. reading time":"1 minute"},"schema":{"@context":"https:\/\/schema.org","@graph":[{"@type":"Organization","@id":"https:\/\/www.rezilio.com\/#organization","name":"Rezilio","url":"https:\/\/www.rezilio.com\/","sameAs":[],"logo":{"@type":"ImageObject","@id":"https:\/\/www.rezilio.com\/#logo","inLanguage":"es","url":"https:\/\/www.rezilio.com\/wp-content\/uploads\/2020\/03\/rezilio-logo.png","contentUrl":"https:\/\/www.rezilio.com\/wp-content\/uploads\/2020\/03\/rezilio-logo.png","width":201,"height":45,"caption":"Rezilio"},"image":{"@id":"https:\/\/www.rezilio.com\/#logo"}},{"@type":"WebSite","@id":"https:\/\/www.rezilio.com\/#website","url":"https:\/\/www.rezilio.com\/","name":"Rezilio Technologie Inc.","description":"","publisher":{"@id":"https:\/\/www.rezilio.com\/#organization"},"potentialAction":[{"@type":"SearchAction","target":{"@type":"EntryPoint","urlTemplate":"https:\/\/www.rezilio.com\/?s={search_term_string}"},"query-input":"required name=search_term_string"}],"inLanguage":"es"},{"@type":"ImageObject","@id":"https:\/\/www.rezilio.com\/es\/tarifa\/#primaryimage","inLanguage":"es","url":"https:\/\/www.rezilio.com\/wp-content\/uploads\/2020\/10\/Rezilio_benefices_dollars.jpg","contentUrl":"https:\/\/www.rezilio.com\/wp-content\/uploads\/2020\/10\/Rezilio_benefices_dollars.jpg","width":1037,"height":955},{"@type":"WebPage","@id":"https:\/\/www.rezilio.com\/es\/tarifa\/#webpage","url":"https:\/\/www.rezilio.com\/es\/tarifa\/","name":"Tarifa - Rezilio Technology Inc.","isPartOf":{"@id":"https:\/\/www.rezilio.com\/#website"},"primaryImageOfPage":{"@id":"https:\/\/www.rezilio.com\/es\/tarifa\/#primaryimage"},"datePublished":"2020-10-02T19:15:07+00:00","dateModified":"2024-07-12T15:11:58+00:00","description":"Rezilio ofrece precios personalizados que pueden adaptarse a las necesidades y requisitos de los clientes. Vea nuestra gama de suscripciones.","breadcrumb":{"@id":"https:\/\/www.rezilio.com\/es\/tarifa\/#breadcrumb"},"inLanguage":"es","potentialAction":[{"@type":"ReadAction","target":["https:\/\/www.rezilio.com\/es\/tarifa\/"]}]},{"@type":"BreadcrumbList","@id":"https:\/\/www.rezilio.com\/es\/tarifa\/#breadcrumb","itemListElement":[{"@type":"ListItem","position":1,"name":"Accueil","item":"https:\/\/www.rezilio.com\/es\/"},{"@type":"ListItem","position":2,"name":"Tarifa"}]}]}},"taxonomy_info":[],"featured_image_src_large":["https:\/\/www.rezilio.com\/wp-content\/uploads\/2020\/10\/Rezilio_benefices_dollars.jpg",1037,955,false],"author_info":{"display_name":"daniel.dancause@rezilio.com","author_link":"https:\/\/www.rezilio.com\/es\/author\/daniel-dancauserezilio-com\/"},"comment_info":0,"_links":{"self":[{"href":"https:\/\/www.rezilio.com\/es\/wp-json\/wp\/v2\/pages\/3759","targetHints":{"allow":["GET"]}}],"collection":[{"href":"https:\/\/www.rezilio.com\/es\/wp-json\/wp\/v2\/pages"}],"about":[{"href":"https:\/\/www.rezilio.com\/es\/wp-json\/wp\/v2\/types\/page"}],"author":[{"embeddable":true,"href":"https:\/\/www.rezilio.com\/es\/wp-json\/wp\/v2\/users\/8"}],"replies":[{"embeddable":true,"href":"https:\/\/www.rezilio.com\/es\/wp-json\/wp\/v2\/comments?post=3759"}],"version-history":[{"count":6,"href":"https:\/\/www.rezilio.com\/es\/wp-json\/wp\/v2\/pages\/3759\/revisions"}],"predecessor-version":[{"id":5422,"href":"https:\/\/www.rezilio.com\/es\/wp-json\/wp\/v2\/pages\/3759\/revisions\/5422"}],"wp:featuredmedia":[{"embeddable":true,"href":"https:\/\/www.rezilio.com\/es\/wp-json\/wp\/v2\/media\/3761"}],"wp:attachment":[{"href":"https:\/\/www.rezilio.com\/es\/wp-json\/wp\/v2\/media?parent=3759"}],"curies":[{"name":"wp","href":"https:\/\/api.w.org\/{rel}","templated":true}]}}