{"id":3775,"date":"2021-10-27T15:40:20","date_gmt":"2021-10-27T15:40:20","guid":{"rendered":"https:\/\/www.rezilio.com\/?page_id=3775"},"modified":"2025-06-05T17:42:15","modified_gmt":"2025-06-05T17:42:15","slug":"respeto-a-la-intimidad","status":"publish","type":"page","link":"https:\/\/www.rezilio.com\/es\/respeto-a-la-intimidad\/","title":{"rendered":"Confidencialidad y privacidad"},"content":{"rendered":"\n<p>Rezilio Technology Inc (en lo sucesivo, &#8220;Rezilio&#8221;) concede gran importancia a la protecci\u00f3n de su informaci\u00f3n personal.<\/p>\n\n\n\n<p>En el desarrollo de nuestra actividad y la prestaci\u00f3n de nuestros servicios, nos comprometemos a cumplir las leyes y reglamentos aplicables en materia de privacidad y confidencialidad en cada pa\u00eds en el que operamos.<\/p>\n\n\n\n<p>El prop\u00f3sito de esta pol\u00edtica es describir c\u00f3mo Rezilio maneja la informaci\u00f3n personal y los datos personales (en conjunto denominados &#8220;informaci\u00f3n personal&#8221;) en el curso de su negocio.<\/p>\n\n\n\n<p>Tambi\u00e9n le informa de sus derechos y de c\u00f3mo ponerse en contacto con nosotros si tiene alguna duda sobre el tratamiento de sus datos personales.<\/p>\n\n\n\n<h3 class=\"wp-block-heading\"><strong>\u00c1mbito y aplicaci\u00f3n de la pol\u00edtica de privacidad<\/strong><\/h3>\n\n\n\n<p>Esta pol\u00edtica de privacidad y protecci\u00f3n de datos se aplica cuando Rezilio act\u00faa como controlador de datos o titular de datos (o cualquier otra designaci\u00f3n equivalente en virtud de las leyes aplicables) en el curso de sus actividades.<\/p>\n\n\n\n<p>La informaci\u00f3n personal puede tratarse en diversos contextos, como :<\/p>\n\n\n\n<ol class=\"wp-block-list\" type=\"A\"><li>Cuando interact\u00faa con Rezilio como cliente, proveedor, empleado, subcontratista o socio comercial;<\/li><li>Al solicitar un empleo en Rezilio o presentar su candidatura para un puesto;<\/li><li>Cuando usted visita un sitio controlado u operado por Rezilio, incluyendo sitios web, redes sociales y plataformas de e-learning (colectivamente, los &#8220;Sitios Rezilio&#8221;);<\/li><li>Cuando participe en un evento o webcast organizado por Rezilio, o cuando se comunique con nosotros por tel\u00e9fono, por v\u00eda electr\u00f3nica o por cualquier otro medio.<\/li><\/ol>\n\n\n\n<p><strong>Si no est\u00e1 de acuerdo con los t\u00e9rminos de esta pol\u00edtica, le rogamos que no nos facilite sus datos personales.<\/strong><\/p>\n\n\n\n<p>Es importante se\u00f1alar que los sitios web de Rezilio pueden contener enlaces a sitios web de terceros o secciones de dichos sitios web. Rezilio no tiene control sobre el contenido, funcionamiento o pr\u00e1cticas de privacidad de estos sitios de terceros.<\/p>\n\n\n\n<p>Como tal, la informaci\u00f3n personal que comparta a trav\u00e9s de estos sitios est\u00e1 sujeta a sus respectivas pol\u00edticas de privacidad. Es su responsabilidad informarse sobre estas pol\u00edticas para asegurarse de que sus datos personales est\u00e1n adecuadamente protegidos.<\/p>\n\n\n\n<h3 class=\"wp-block-heading\">I<strong>nformaci\u00f3n personal que recopilamos sobre usted<\/strong><\/h3>\n\n\n\n<p>Dependiendo de la naturaleza de nuestras interacciones con usted, Rezilio puede recopilar la siguiente informaci\u00f3n personal:<\/p>\n\n\n\n<ol class=\"wp-block-list\" type=\"1\"><li>Datos b\u00e1sicos de contacto: nombre, direcci\u00f3n postal, direcci\u00f3n de correo electr\u00f3nico y n\u00fameros de tel\u00e9fono.<\/li><li>Datos de identidad: nacionalidad, lugar de residencia, fecha y lugar de nacimiento, y datos del permiso de conducir u otro documento de identificaci\u00f3n.<\/li><li>Datos relacionados con nuestros servicios y soluciones: informaci\u00f3n personal facilitada por nuestros clientes o en su nombre, o generada en el curso de la prestaci\u00f3n de servicios y asistencia t\u00e9cnica.<\/li><li>Informaci\u00f3n sobre la contrataci\u00f3n: escolaridad, resultados acad\u00e9micos, experiencia profesional, curr\u00edculum v\u00edtae, referencias y, si procede, resultados de las pruebas de aptitud y los controles de seguridad.<\/li><li>Datos financieros: informaci\u00f3n sobre pagos, datos bancarios y seguros colectivos.<\/li><li>Fotos, im\u00e1genes de v\u00eddeo y archivos de audio: grabaciones de v\u00eddeo durante reuniones virtuales.<\/li><li>Uso del sitio web y otros datos tecnol\u00f3gicos: direcci\u00f3n IP, identificador \u00fanico del dispositivo, informaci\u00f3n relacionada con el dispositivo y datos sobre el uso de nuestros sitios recogidos a trav\u00e9s de cookies u otras tecnolog\u00edas.<\/li><li>Otros datos personales: informaci\u00f3n que nos proporciona cuando env\u00eda comentarios o preguntas, o cuando se pone en contacto con nosotros para solicitar asistencia t\u00e9cnica o rellenar encuestas.<\/li><\/ol>\n\n\n\n<p>En determinadas circunstancias y de conformidad con la ley, tambi\u00e9n podemos recopilar informaci\u00f3n personal considerada &#8220;sensible&#8221; en virtud de la legislaci\u00f3n aplicable, como certificados m\u00e9dicos y, en su caso, informaci\u00f3n sobre su salud si es usted empleado.<\/p>\n\n\n\n<p><strong>Recopilaci\u00f3n de datos mediante Google Analytics<br><\/strong>Nuestro sitio web utiliza Google Analytics para analizar el rendimiento y mejorar la experiencia del usuario. Los datos recopilados incluyen el n\u00famero de usuarios, estad\u00edsticas de sesi\u00f3n (duraci\u00f3n de las visitas, p\u00e1ginas vistas), geolocalizaci\u00f3n aproximada, as\u00ed como informaci\u00f3n sobre el navegador y el dispositivo utilizados. Estos datos se recopilan de forma an\u00f3nima y nos permiten mejorar nuestro sitio web en funci\u00f3n de las tendencias de navegaci\u00f3n. Para obtener m\u00e1s informaci\u00f3n sobre c\u00f3mo Google procesa sus datos, consulte la Pol\u00edtica de privacidad de Google Analytics.<\/p>\n\n\n\n<h3 class=\"wp-block-heading\"><strong>Por qu\u00e9 recopilamos sus datos personales y la base jur\u00eddica para hacerlo<\/strong><\/h3>\n\n\n\n<p>Sus datos personales s\u00f3lo se recogen cuando tenemos un prop\u00f3sito comercial o una relaci\u00f3n laboral, y cuando la ley nos lo permite.<\/p>\n\n\n\n<p>Dependiendo de la jurisdicci\u00f3n en la que operemos, la base jur\u00eddica para procesar su informaci\u00f3n puede incluir:<\/p>\n\n\n\n<ol class=\"wp-block-list\" type=\"1\"><li>Obligaci\u00f3n legal: Recopilamos su informaci\u00f3n personal cuando es necesario para cumplir con nuestras obligaciones legales y reglamentarias.<\/li><li>Cumplimiento de un contrato: La recopilaci\u00f3n de sus datos personales est\u00e1 justificada cuando es necesaria para la celebraci\u00f3n o el cumplimiento de un contrato con usted.<\/li><li>Intereses leg\u00edtimos: su informaci\u00f3n personal puede tratarse cuando exista un inter\u00e9s leg\u00edtimo para hacerlo y nuestras razones para utilizarla prevalezcan sobre cualquier perjuicio a sus derechos de protecci\u00f3n de datos.<\/li><li>Consentimiento: La recopilaci\u00f3n de su informaci\u00f3n personal tambi\u00e9n se basa en su consentimiento de conformidad con los requisitos legales aplicables.<\/li><li>Consentimiento de todas las partes interesadas del cliente: los clientes de Rezilio son responsables de garantizar que hayan obtenido el consentimiento adecuado de sus empleados y todas las dem\u00e1s partes interesadas, de acuerdo con las leyes y regulaciones de protecci\u00f3n de datos aplicables, antes de proporcionar cualquier dato personal a Rezilio en relaci\u00f3n con el uso de nuestros servicios.<\/li><\/ol>\n\n\n\n<p>En el curso de nuestra actividad, podemos tratar sus datos personales para realizar diversos an\u00e1lisis e investigaciones con el fin de mejorar nuestros servicios y desarrollar nuevas soluciones.<\/p>\n\n\n\n<p>Estos an\u00e1lisis incluyen la creaci\u00f3n de cuadros de mando y bases de datos con fines empresariales, como la mejora de nuestros servicios de integraci\u00f3n, la identificaci\u00f3n de tendencias de uso, la modificaci\u00f3n de nuestras soluciones y la realizaci\u00f3n de auditor\u00edas de cumplimiento o seguridad. Para ello nos basamos en los fundamentos jur\u00eddicos expuestos anteriormente.<\/p>\n\n\n\n<p>Cuando es necesario, anonimizamos o agregamos los datos para garantizar que no pueda ser identificado.<\/p>\n\n\n\n<p>Algunas actividades de tratamiento requieren su consentimiento libre e informado, que puede ser dado verbalmente, por escrito o electr\u00f3nicamente. Rezilio le proporcionar\u00e1 la informaci\u00f3n necesaria sobre la actividad de tratamiento para la que se requiere su consentimiento, de conformidad con la legislaci\u00f3n aplicable. Su consentimiento es voluntario y puede ser retirado en cualquier momento, lo que pondr\u00e1 fin al tratamiento sin afectar a la legalidad del tratamiento que tuvo lugar antes de la retirada.<\/p>\n\n\n\n<h3 class=\"wp-block-heading\"><strong>Divulgaci\u00f3n de sus datos personales a terceros<\/strong><\/h3>\n\n\n\n<p>Podemos compartir su informaci\u00f3n personal con varias categor\u00edas de terceros, entre ellos<\/p>\n\n\n\n<ol class=\"wp-block-list\" type=\"1\"><li>Autoridades reguladoras afectadas por algunas de nuestras actividades, como las autoridades de protecci\u00f3n de datos;<\/li><li>Nuestros asesores profesionales, incluidos nuestros abogados y auditores ;<\/li><li>Entidades financieras que gestionan operaciones de pago;<\/li><li>Nuestros socios que implantan nuestras soluciones digitales;<\/li><li>Nuestros proveedores de servicios, como ZOHO, Microsoft, Cloudli, OVH, AWS, AON, Manulife, proveedores de servicios de pago y otros, que nos ayudan en nuestras operaciones diarias, incluida la gesti\u00f3n de nuestros activos tecnol\u00f3gicos y servicios en la nube.<\/li><\/ol>\n\n\n\n<p>Si la transacci\u00f3n tiene \u00e9xito, su informaci\u00f3n personal permanecer\u00e1 protegida de acuerdo con las leyes aplicables.<\/p>\n\n\n\n<p>Si la transacci\u00f3n fracasa, Rezilio exigir\u00e1 a la otra parte que no utilice su informaci\u00f3n personal de ninguna manera y que la elimine. Cualquier divulgaci\u00f3n de informaci\u00f3n personal a un tercero debe cumplir con las leyes aplicables.<\/p>\n\n\n\n<p>S\u00f3lo transferimos su informaci\u00f3n personal a terceros ubicados en jurisdicciones que se sabe que proporcionan un nivel adecuado de protecci\u00f3n de datos, o que han firmado un contrato con Rezilio para el tratamiento de informaci\u00f3n personal de conformidad con las leyes aplicables. <strong>Salvo que se indique lo contrario en esta Pol\u00edtica de Privacidad, Rezilio no transferir\u00e1, divulgar\u00e1 o vender\u00e1 su informaci\u00f3n personal a terceros sin su consentimiento.<\/strong><\/p>\n\n\n\n<p>Es responsabilidad del cliente garantizar que sus proveedores de servicios profesionales o asesores cumplan en todo momento con las leyes y regulaciones aplicables en materia de protecci\u00f3n de informaci\u00f3n personal, en particular la Ley de Protecci\u00f3n de Informaci\u00f3n Personal (Quebec) y la Ley de Protecci\u00f3n de Informaci\u00f3n Personal y Documentos Electr\u00f3nicos (Canad\u00e1). Rezilio no podr\u00e1 ser considerado responsable de ninguna violaci\u00f3n de la confidencialidad ni de ning\u00fan incumplimiento de las obligaciones legales en materia de protecci\u00f3n de informaci\u00f3n personal cometidos por estos terceros cuando accedan al portal o a los datos tratados a trav\u00e9s de la plataforma, ya sea con autorizaci\u00f3n o por iniciativa del cliente.<\/p>\n\n\n\n<h3 class=\"wp-block-heading\"><strong>Medidas de seguridad para proteger sus datos personales<\/strong><\/h3>\n\n\n\n<p>Rezilio se compromete a garantizar la seguridad y confidencialidad de su informaci\u00f3n personal, permitiendo el acceso s\u00f3lo a personas autorizadas.<\/p>\n\n\n\n<p>Con este fin, hemos implantado pol\u00edticas y controles internos para evitar la p\u00e9rdida, la destrucci\u00f3n accidental, el uso indebido, la divulgaci\u00f3n no intencionada y el acceso no autorizado a sus datos, tanto por parte de nuestros empleados como de nuestros proveedores de servicios.<\/p>\n\n\n\n<p>Para aumentar la concienciaci\u00f3n sobre la seguridad de la informaci\u00f3n, Rezilio imparte formaci\u00f3n obligatoria a sus empleados, familiariz\u00e1ndoles con las pol\u00edticas y procedimientos establecidos para contrarrestar posibles amenazas. Rezilio tambi\u00e9n ha desarrollado un plan de respuesta a incidentes de ciberseguridad.<\/p>\n\n\n\n<p>No obstante, es importante tener en cuenta que, a pesar de la adopci\u00f3n de medidas de seguridad conformes a normas reconocidas, algunos terceros pueden intentar acceder ilegalmente a nuestros sistemas o interceptar transmisiones o comunicaciones.<\/p>\n\n\n\n<p>Aunque Rezilio hace todo lo posible para proteger su informaci\u00f3n personal, no podemos garantizar una protecci\u00f3n absoluta contra las acciones ilegales.<\/p>\n\n\n\n<h3 class=\"wp-block-heading\"><strong>Plazos de conservaci\u00f3n de sus datos personales<\/strong><\/h3>\n\n\n\n<p>El tiempo de conservaci\u00f3n de la informaci\u00f3n personal es un factor clave que afecta al riesgo de divulgaci\u00f3n accidental, p\u00e9rdida, robo y\/u obsolescencia de la informaci\u00f3n (lo que hace que los datos sean inexactos).<\/p>\n\n\n\n<p>Rezilio se compromete a retener su informaci\u00f3n personal s\u00f3lo durante el tiempo necesario para cumplir con el prop\u00f3sito comercial para el que fue recopilada o para cumplir con las leyes aplicables. <\/p>\n\n\n\n<p>Rezilio entonces elimina o anonimiza su informaci\u00f3n personal, dependiendo de las circunstancias. Adem\u00e1s, Rezilio eval\u00faa peri\u00f3dicamente la conveniencia de conservar determinados tipos de informaci\u00f3n personal.<\/p>\n\n\n\n<h3 class=\"wp-block-heading\"><strong><strong>Sus derechos en relaci\u00f3n con sus datos personales<\/strong><\/strong><\/h3>\n\n\n\n<p>En Rezilio Technology Inc. reconocemos y respetamos sus derechos de privacidad y protecci\u00f3n de datos.<\/p>\n\n\n\n<p>Si tiene alguna pregunta sobre c\u00f3mo tratamos su informaci\u00f3n personal o si desea ejercer sus derechos, p\u00f3ngase en contacto con nosotros en<\/p>\n\n\n\n<figure class=\"wp-block-table\"><table><tbody><tr><td><strong>Por correo postal&nbsp;<\/strong><\/td><td><strong>Por tel\u00e9fono<\/strong><\/td><td><strong>Por correo electr\u00f3nico<\/strong><\/td><\/tr><tr><td>Rezilio Technology Inc.<br>84, rue Richelieu, Despacho 400<br>St-Jean-sur-Richelieu (QC), J3B 6X3<br>Canad\u00e1<br><br><strong>A la atenci\u00f3n de :<\/strong><br>Responsable de Cumplimiento<br>(Privacidad, protecci\u00f3n de datos y seguridad)<\/td><td>(450) 864-1787 ext. 102<\/td><td><a href=\"m&#97;&#x69;&#x6c;t&#111;&#58;&#x70;&#x72;o&#116;&#101;&#x63;&#x74;i&#111;&#x6e;&#x64;&#x61;t&#97;&#x40;&#x72;e&#122;&#105;&#x6c;&#x69;o&#46;&#99;&#x6f;&#x6d;\">&#x69;&#x6e;&#102;o&#x40;&#x72;&#101;zi&#x6c;&#x69;&#111;&#46;&#x63;&#x6f;&#109;<\/a><\/td><\/tr><\/tbody><\/table><\/figure>\n\n\n\n<p>Tenga en cuenta que cuando nos env\u00eda un correo electr\u00f3nico, el contenido no es seguro y puede ser interceptado.<\/p>\n\n\n\n<p>Por lo tanto, limite la cantidad de informaci\u00f3n personal que nos proporciona y nosotros haremos lo mismo cuando le respondamos.<\/p>\n\n\n\n<h3 class=\"wp-block-heading\"><strong>Acerca de Rezilio<\/strong><\/h3>\n\n\n\n<p>Rezilio es una empresa de tecnolog\u00eda digital que produce soluciones SaaS en un ecosistema distribuido en varios pa\u00edses.<\/p>\n\n\n\n<p>Los productos de Rezilio se utilizan para preparar y adaptar a las empresas a las consecuencias de los trastornos clim\u00e1ticos, as\u00ed como a los riesgos antropog\u00e9nicos y tecnol\u00f3gicos, con el fin de estar preparados ante cualquier eventualidad cuando se produce una crisis.<\/p>\n\n\n\n<p>\u00daltima actualizaci\u00f3n: 5 de junio de 2025<\/p>\n<span class=\"kt-load-after-post\"><\/span>","protected":false},"excerpt":{"rendered":"<p>Rezilio Technology Inc (en lo sucesivo, &#8220;Rezilio&#8221;) concede gran importancia a la protecci\u00f3n de su informaci\u00f3n personal. En el desarrollo de nuestra actividad y la prestaci\u00f3n de nuestros servicios, nos comprometemos a cumplir las leyes y reglamentos aplicables en materia de privacidad y confidencialidad en cada pa\u00eds en el que operamos. El prop\u00f3sito de esta&#8230;<\/p>\n","protected":false},"author":9,"featured_media":0,"parent":0,"menu_order":0,"comment_status":"closed","ping_status":"open","template":"","meta":{"_kad_blocks_custom_css":"","_kad_blocks_head_custom_js":"","_kad_blocks_body_custom_js":"","_kad_blocks_footer_custom_js":"","_kad_post_transparent":"","_kad_post_title":"","_kad_post_layout":"","_kad_post_sidebar_id":"","_kad_post_content_style":"","_kad_post_vertical_padding":"","_kad_post_feature":"","_kad_post_feature_position":"","_kad_post_header":false,"_kad_post_footer":false,"footnotes":""},"class_list":["post-3775","page","type-page","status-publish","hentry"],"yoast_head":"<!-- This site is optimized with the Yoast SEO plugin v17.4 - https:\/\/yoast.com\/wordpress\/plugins\/seo\/ -->\n<title>Confidencialidad y privacidad - Rezilio Technology Inc.<\/title>\n<meta name=\"description\" content=\"Rezilio respeta la privacidad de sus usuarios y trata la informaci\u00f3n personal transmitida de acuerdo con los requisitos del RGPD.\" \/>\n<meta name=\"robots\" content=\"index, follow, max-snippet:-1, max-image-preview:large, max-video-preview:-1\" \/>\n<link rel=\"canonical\" href=\"https:\/\/www.rezilio.com\/es\/respeto-a-la-intimidad\/\" \/>\n<meta property=\"og:locale\" content=\"es_ES\" \/>\n<meta property=\"og:type\" content=\"article\" \/>\n<meta property=\"og:title\" content=\"Confidencialidad y privacidad - Rezilio Technology Inc.\" \/>\n<meta property=\"og:description\" content=\"Rezilio respeta la privacidad de sus usuarios y trata la informaci\u00f3n personal transmitida de acuerdo con los requisitos del RGPD.\" \/>\n<meta property=\"og:url\" content=\"https:\/\/www.rezilio.com\/es\/respeto-a-la-intimidad\/\" \/>\n<meta property=\"og:site_name\" content=\"Rezilio Technologie Inc.\" \/>\n<meta property=\"article:modified_time\" content=\"2025-06-05T17:42:15+00:00\" \/>\n<meta name=\"twitter:card\" content=\"summary_large_image\" \/>\n<meta name=\"twitter:label1\" content=\"Est. reading time\" \/>\n\t<meta name=\"twitter:data1\" content=\"8 minutes\" \/>\n<script type=\"application\/ld+json\" class=\"yoast-schema-graph\">{\"@context\":\"https:\/\/schema.org\",\"@graph\":[{\"@type\":\"Organization\",\"@id\":\"https:\/\/www.rezilio.com\/#organization\",\"name\":\"Rezilio\",\"url\":\"https:\/\/www.rezilio.com\/\",\"sameAs\":[],\"logo\":{\"@type\":\"ImageObject\",\"@id\":\"https:\/\/www.rezilio.com\/#logo\",\"inLanguage\":\"es\",\"url\":\"https:\/\/www.rezilio.com\/wp-content\/uploads\/2020\/03\/rezilio-logo.png\",\"contentUrl\":\"https:\/\/www.rezilio.com\/wp-content\/uploads\/2020\/03\/rezilio-logo.png\",\"width\":201,\"height\":45,\"caption\":\"Rezilio\"},\"image\":{\"@id\":\"https:\/\/www.rezilio.com\/#logo\"}},{\"@type\":\"WebSite\",\"@id\":\"https:\/\/www.rezilio.com\/#website\",\"url\":\"https:\/\/www.rezilio.com\/\",\"name\":\"Rezilio Technologie Inc.\",\"description\":\"\",\"publisher\":{\"@id\":\"https:\/\/www.rezilio.com\/#organization\"},\"potentialAction\":[{\"@type\":\"SearchAction\",\"target\":{\"@type\":\"EntryPoint\",\"urlTemplate\":\"https:\/\/www.rezilio.com\/?s={search_term_string}\"},\"query-input\":\"required name=search_term_string\"}],\"inLanguage\":\"es\"},{\"@type\":\"WebPage\",\"@id\":\"https:\/\/www.rezilio.com\/es\/respeto-a-la-intimidad\/#webpage\",\"url\":\"https:\/\/www.rezilio.com\/es\/respeto-a-la-intimidad\/\",\"name\":\"Confidencialidad y privacidad - Rezilio Technology Inc.\",\"isPartOf\":{\"@id\":\"https:\/\/www.rezilio.com\/#website\"},\"datePublished\":\"2021-10-27T15:40:20+00:00\",\"dateModified\":\"2025-06-05T17:42:15+00:00\",\"description\":\"Rezilio respeta la privacidad de sus usuarios y trata la informaci\\u00f3n personal transmitida de acuerdo con los requisitos del RGPD.\",\"breadcrumb\":{\"@id\":\"https:\/\/www.rezilio.com\/es\/respeto-a-la-intimidad\/#breadcrumb\"},\"inLanguage\":\"es\",\"potentialAction\":[{\"@type\":\"ReadAction\",\"target\":[\"https:\/\/www.rezilio.com\/es\/respeto-a-la-intimidad\/\"]}]},{\"@type\":\"BreadcrumbList\",\"@id\":\"https:\/\/www.rezilio.com\/es\/respeto-a-la-intimidad\/#breadcrumb\",\"itemListElement\":[{\"@type\":\"ListItem\",\"position\":1,\"name\":\"Accueil\",\"item\":\"https:\/\/www.rezilio.com\/es\/\"},{\"@type\":\"ListItem\",\"position\":2,\"name\":\"Confidencialidad y privacidad\"}]}]}<\/script>\n<!-- \/ Yoast SEO plugin. -->","yoast_head_json":{"title":"Confidencialidad y privacidad - Rezilio Technology Inc.","description":"Rezilio respeta la privacidad de sus usuarios y trata la informaci\u00f3n personal transmitida de acuerdo con los requisitos del RGPD.","robots":{"index":"index","follow":"follow","max-snippet":"max-snippet:-1","max-image-preview":"max-image-preview:large","max-video-preview":"max-video-preview:-1"},"canonical":"https:\/\/www.rezilio.com\/es\/respeto-a-la-intimidad\/","og_locale":"es_ES","og_type":"article","og_title":"Confidencialidad y privacidad - Rezilio Technology Inc.","og_description":"Rezilio respeta la privacidad de sus usuarios y trata la informaci\u00f3n personal transmitida de acuerdo con los requisitos del RGPD.","og_url":"https:\/\/www.rezilio.com\/es\/respeto-a-la-intimidad\/","og_site_name":"Rezilio Technologie Inc.","article_modified_time":"2025-06-05T17:42:15+00:00","twitter_card":"summary_large_image","twitter_misc":{"Est. reading time":"8 minutes"},"schema":{"@context":"https:\/\/schema.org","@graph":[{"@type":"Organization","@id":"https:\/\/www.rezilio.com\/#organization","name":"Rezilio","url":"https:\/\/www.rezilio.com\/","sameAs":[],"logo":{"@type":"ImageObject","@id":"https:\/\/www.rezilio.com\/#logo","inLanguage":"es","url":"https:\/\/www.rezilio.com\/wp-content\/uploads\/2020\/03\/rezilio-logo.png","contentUrl":"https:\/\/www.rezilio.com\/wp-content\/uploads\/2020\/03\/rezilio-logo.png","width":201,"height":45,"caption":"Rezilio"},"image":{"@id":"https:\/\/www.rezilio.com\/#logo"}},{"@type":"WebSite","@id":"https:\/\/www.rezilio.com\/#website","url":"https:\/\/www.rezilio.com\/","name":"Rezilio Technologie Inc.","description":"","publisher":{"@id":"https:\/\/www.rezilio.com\/#organization"},"potentialAction":[{"@type":"SearchAction","target":{"@type":"EntryPoint","urlTemplate":"https:\/\/www.rezilio.com\/?s={search_term_string}"},"query-input":"required name=search_term_string"}],"inLanguage":"es"},{"@type":"WebPage","@id":"https:\/\/www.rezilio.com\/es\/respeto-a-la-intimidad\/#webpage","url":"https:\/\/www.rezilio.com\/es\/respeto-a-la-intimidad\/","name":"Confidencialidad y privacidad - Rezilio Technology Inc.","isPartOf":{"@id":"https:\/\/www.rezilio.com\/#website"},"datePublished":"2021-10-27T15:40:20+00:00","dateModified":"2025-06-05T17:42:15+00:00","description":"Rezilio respeta la privacidad de sus usuarios y trata la informaci\u00f3n personal transmitida de acuerdo con los requisitos del RGPD.","breadcrumb":{"@id":"https:\/\/www.rezilio.com\/es\/respeto-a-la-intimidad\/#breadcrumb"},"inLanguage":"es","potentialAction":[{"@type":"ReadAction","target":["https:\/\/www.rezilio.com\/es\/respeto-a-la-intimidad\/"]}]},{"@type":"BreadcrumbList","@id":"https:\/\/www.rezilio.com\/es\/respeto-a-la-intimidad\/#breadcrumb","itemListElement":[{"@type":"ListItem","position":1,"name":"Accueil","item":"https:\/\/www.rezilio.com\/es\/"},{"@type":"ListItem","position":2,"name":"Confidencialidad y privacidad"}]}]}},"taxonomy_info":[],"featured_image_src_large":false,"author_info":{"display_name":"Isabelle Custeau","author_link":"https:\/\/www.rezilio.com\/es\/author\/isabelle-custeaurezilio-com\/"},"comment_info":0,"_links":{"self":[{"href":"https:\/\/www.rezilio.com\/es\/wp-json\/wp\/v2\/pages\/3775","targetHints":{"allow":["GET"]}}],"collection":[{"href":"https:\/\/www.rezilio.com\/es\/wp-json\/wp\/v2\/pages"}],"about":[{"href":"https:\/\/www.rezilio.com\/es\/wp-json\/wp\/v2\/types\/page"}],"author":[{"embeddable":true,"href":"https:\/\/www.rezilio.com\/es\/wp-json\/wp\/v2\/users\/9"}],"replies":[{"embeddable":true,"href":"https:\/\/www.rezilio.com\/es\/wp-json\/wp\/v2\/comments?post=3775"}],"version-history":[{"count":10,"href":"https:\/\/www.rezilio.com\/es\/wp-json\/wp\/v2\/pages\/3775\/revisions"}],"predecessor-version":[{"id":5577,"href":"https:\/\/www.rezilio.com\/es\/wp-json\/wp\/v2\/pages\/3775\/revisions\/5577"}],"wp:attachment":[{"href":"https:\/\/www.rezilio.com\/es\/wp-json\/wp\/v2\/media?parent=3775"}],"curies":[{"name":"wp","href":"https:\/\/api.w.org\/{rel}","templated":true}]}}