{"id":3823,"date":"2021-10-27T16:48:04","date_gmt":"2021-10-27T16:48:04","guid":{"rendered":"https:\/\/www.rezilio.com\/?page_id=3823"},"modified":"2022-05-30T18:30:48","modified_gmt":"2022-05-30T18:30:48","slug":"empresas-industriales-agroalimentarias-y-de-servicios","status":"publish","type":"page","link":"https:\/\/www.rezilio.com\/es\/sectores\/empresas-industriales-agroalimentarias-y-de-servicios\/","title":{"rendered":"Agroalimentaria"},"content":{"rendered":"<style>#kt-layout-id_090560-10 > .kt-row-column-wrap{align-content:start;}:where(#kt-layout-id_090560-10 > .kt-row-column-wrap) > .wp-block-kadence-column{justify-content:start;}#kt-layout-id_090560-10 > .kt-row-column-wrap{column-gap:var(--global-kb-gap-md, 2rem);row-gap:var(--global-kb-gap-md, 2rem);max-width:800px;margin-left:auto;margin-right:auto;padding-top:var( --global-kb-row-default-top, 25px );padding-bottom:var( --global-kb-row-default-bottom, 25px );padding-top:var(--global-kb-spacing-sm, 1.5rem);padding-bottom:var(--global-kb-spacing-sm, 1.5rem);grid-template-columns:minmax(0, 1fr);}#kt-layout-id_090560-10 > .kt-row-layout-overlay{opacity:0.30;}@media all and (max-width: 1024px){#kt-layout-id_090560-10 > .kt-row-column-wrap{grid-template-columns:minmax(0, 1fr);}}@media all and (max-width: 767px){#kt-layout-id_090560-10 > .kt-row-column-wrap{grid-template-columns:minmax(0, 1fr);}}<\/style>\n<div class=\"wp-block-kadence-rowlayout alignnone\"><div id=\"kt-layout-id_090560-10\" class=\"kt-row-layout-inner kt-layout-id_090560-10\"><div class=\"kt-row-column-wrap kt-has-1-columns kt-gutter-default kt-v-gutter-default kt-row-valign-top kt-row-layout-equal kt-tab-layout-inherit kt-m-colapse-left-to-right kt-mobile-layout-row\"><style>.kadence-column_9320f3-1b > .kt-inside-inner-col{border-top-width:0px;border-right-width:0px;border-bottom-width:0px;border-left-width:0px;}.kadence-column_9320f3-1b > .kt-inside-inner-col,.kadence-column_9320f3-1b > .kt-inside-inner-col:before{border-top-left-radius:0px;border-top-right-radius:0px;border-bottom-right-radius:0px;border-bottom-left-radius:0px;}.kadence-column_9320f3-1b > .kt-inside-inner-col{column-gap:var(--global-kb-gap-sm, 1rem);}.kadence-column_9320f3-1b > .kt-inside-inner-col{flex-direction:column;}.kadence-column_9320f3-1b > .kt-inside-inner-col > .aligncenter{width:100%;}.kadence-column_9320f3-1b > .kt-inside-inner-col:before{opacity:0.3;}.kadence-column_9320f3-1b{position:relative;}@media all and (max-width: 1024px){.kadence-column_9320f3-1b > .kt-inside-inner-col{flex-direction:column;justify-content:center;}}@media all and (max-width: 767px){.kadence-column_9320f3-1b > .kt-inside-inner-col{flex-direction:column;justify-content:center;}}<\/style>\n<div class=\"wp-block-kadence-column inner-column-1 kadence-column_9320f3-1b\"><div class=\"kt-inside-inner-col\">\n<h6 class=\"wp-block-heading\">Por su propia naturaleza, las empresas agroalimentarias cuentan con importantes infraestructuras y equipos especializados y exclusivos para el funcionamiento de sus negocios. Como resultado, innumerables piezas de informaci\u00f3n est\u00e1n demasiado a menudo dispersas por toda la empresa, y en situaciones de emergencia, crisis o recuperaci\u00f3n de desastres, es demasiado a menudo dif\u00edcil encontrar el camino.<\/h6>\n<\/div><\/div>\n<\/div><\/div><\/div>\n\n\n<style>#kt-layout-id_041ddc-7b > .kt-row-column-wrap{align-content:start;}:where(#kt-layout-id_041ddc-7b > .kt-row-column-wrap) > .wp-block-kadence-column{justify-content:start;}#kt-layout-id_041ddc-7b > .kt-row-column-wrap{column-gap:var(--global-kb-gap-md, 2rem);row-gap:var(--global-kb-gap-md, 2rem);padding-top:var( --global-kb-row-default-top, 25px );padding-bottom:var( --global-kb-row-default-bottom, 25px );padding-top:75px;grid-template-columns:minmax(0, calc(50% - ((var(--global-kb-gap-md, 2rem) * 1 )\/2)))minmax(0, calc(50% - ((var(--global-kb-gap-md, 2rem) * 1 )\/2)));}#kt-layout-id_041ddc-7b > .kt-row-layout-overlay{opacity:0.30;}@media all and (max-width: 1024px){#kt-layout-id_041ddc-7b > .kt-row-column-wrap{grid-template-columns:repeat(2, minmax(0, 1fr));}}@media all and (max-width: 767px){#kt-layout-id_041ddc-7b > .kt-row-column-wrap{grid-template-columns:minmax(0, 1fr);}}<\/style>\n<div class=\"wp-block-kadence-rowlayout alignnone\"><div id=\"kt-layout-id_041ddc-7b\" class=\"kt-row-layout-inner kt-layout-id_041ddc-7b\"><div class=\"kt-row-column-wrap kt-has-2-columns kt-gutter-default kt-v-gutter-default kt-row-valign-top kt-row-layout-equal kt-tab-layout-inherit kt-m-colapse-left-to-right kt-mobile-layout-row  kt-custom-first-width-50  kt-custom-second-width-50\"><style>.kadence-column_8c9832-89 > .kt-inside-inner-col{border-top-width:0px;border-right-width:0px;border-bottom-width:0px;border-left-width:0px;}.kadence-column_8c9832-89 > .kt-inside-inner-col,.kadence-column_8c9832-89 > .kt-inside-inner-col:before{border-top-left-radius:0px;border-top-right-radius:0px;border-bottom-right-radius:0px;border-bottom-left-radius:0px;}.kadence-column_8c9832-89 > .kt-inside-inner-col{column-gap:var(--global-kb-gap-sm, 1rem);}.kadence-column_8c9832-89 > .kt-inside-inner-col{flex-direction:column;}.kadence-column_8c9832-89 > .kt-inside-inner-col > .aligncenter{width:100%;}.kadence-column_8c9832-89 > .kt-inside-inner-col:before{opacity:0.3;}.kadence-column_8c9832-89{position:relative;}@media all and (max-width: 1024px){.kadence-column_8c9832-89 > .kt-inside-inner-col{flex-direction:column;justify-content:center;}}@media all and (max-width: 767px){.kadence-column_8c9832-89 > .kt-inside-inner-col{flex-direction:column;justify-content:center;}}<\/style>\n<div class=\"wp-block-kadence-column inner-column-1 kadence-column_8c9832-89\"><div class=\"kt-inside-inner-col\">\n<p>Rezilio es una herramienta que permite recoger, organizar y estructurar la informaci\u00f3n y los datos esenciales para la gesti\u00f3n de crisis.<\/p>\n\n\n\n<p>Rezilio contribuye a la generaci\u00f3n de valor para la empresa haciendo que los datos est\u00e9n disponibles en el momento adecuado, lo que permite una mejor toma de decisiones en situaciones de crisis.<\/p>\n\n\n\n<p>Rezilio hace un seguimiento de todas las decisiones e informaciones minuto a minuto. Le ayudar\u00e1 en sus reclamaciones al seguro y le facilitar\u00e1 dar respuestas sobre su documento de emergencia a los organismos reguladores del gobierno.<\/p>\n<\/div><\/div>\n\n\n<style>.kadence-column_05d5e6-48 > .kt-inside-inner-col{border-top-width:0px;border-right-width:0px;border-bottom-width:0px;border-left-width:0px;}.kadence-column_05d5e6-48 > .kt-inside-inner-col,.kadence-column_05d5e6-48 > .kt-inside-inner-col:before{border-top-left-radius:0px;border-top-right-radius:0px;border-bottom-right-radius:0px;border-bottom-left-radius:0px;}.kadence-column_05d5e6-48 > .kt-inside-inner-col{column-gap:var(--global-kb-gap-sm, 1rem);}.kadence-column_05d5e6-48 > .kt-inside-inner-col{flex-direction:column;}.kadence-column_05d5e6-48 > .kt-inside-inner-col > .aligncenter{width:100%;}.kadence-column_05d5e6-48 > .kt-inside-inner-col:before{opacity:0.3;}.kadence-column_05d5e6-48{position:relative;}@media all and (max-width: 1024px){.kadence-column_05d5e6-48 > .kt-inside-inner-col{flex-direction:column;justify-content:center;}}@media all and (max-width: 767px){.kadence-column_05d5e6-48 > .kt-inside-inner-col{flex-direction:column;justify-content:center;}}<\/style>\n<div class=\"wp-block-kadence-column inner-column-2 kadence-column_05d5e6-48\"><div class=\"kt-inside-inner-col\">\n<div class=\"wp-block-image\"><figure class=\"aligncenter size-full\"><img decoding=\"async\" width=\"768\" height=\"527\" src=\"https:\/\/www.rezilio.com\/wp-content\/uploads\/2021\/10\/page-agro.png\" alt=\"\" class=\"wp-image-3560\" srcset=\"https:\/\/www.rezilio.com\/wp-content\/uploads\/2021\/10\/page-agro.png 768w, https:\/\/www.rezilio.com\/wp-content\/uploads\/2021\/10\/page-agro-600x412.png 600w\" sizes=\"(max-width: 768px) 100vw, 768px\" \/><\/figure><\/div>\n<\/div><\/div>\n<\/div><\/div><\/div>\n<span class=\"kt-load-after-post\"><\/span>","protected":false},"excerpt":{"rendered":"<p>Por su propia naturaleza, las empresas agroalimentarias cuentan con importantes infraestructuras y equipos especializados y exclusivos para el funcionamiento de sus negocios. Como resultado, innumerables piezas de informaci\u00f3n est\u00e1n demasiado a menudo dispersas por toda la empresa, y en situaciones de emergencia, crisis o recuperaci\u00f3n de desastres, es demasiado a menudo dif\u00edcil encontrar el camino&#8230;.<\/p>\n","protected":false},"author":9,"featured_media":0,"parent":3698,"menu_order":0,"comment_status":"closed","ping_status":"closed","template":"","meta":{"_kad_blocks_custom_css":"","_kad_blocks_head_custom_js":"","_kad_blocks_body_custom_js":"","_kad_blocks_footer_custom_js":"","_kad_post_transparent":"","_kad_post_title":"","_kad_post_layout":"","_kad_post_sidebar_id":"","_kad_post_content_style":"","_kad_post_vertical_padding":"","_kad_post_feature":"","_kad_post_feature_position":"","_kad_post_header":false,"_kad_post_footer":false,"footnotes":""},"class_list":["post-3823","page","type-page","status-publish","hentry"],"yoast_head":"<!-- This site is optimized with the Yoast SEO plugin v17.4 - https:\/\/yoast.com\/wordpress\/plugins\/seo\/ -->\n<title>Agroalimentaria - Rezilio Technology Inc.<\/title>\n<meta name=\"description\" content=\"En tiempos de crisis, la cadena de suministro puede verse f\u00e1cilmente afectada. Descubra c\u00f3mo puede ayudarle Rezilio.\" \/>\n<meta name=\"robots\" content=\"index, follow, max-snippet:-1, max-image-preview:large, max-video-preview:-1\" \/>\n<link rel=\"canonical\" href=\"https:\/\/www.rezilio.com\/es\/sectores\/empresas-industriales-agroalimentarias-y-de-servicios\/\" \/>\n<meta property=\"og:locale\" content=\"es_ES\" \/>\n<meta property=\"og:type\" content=\"article\" \/>\n<meta property=\"og:title\" content=\"Agroalimentaria - Rezilio Technology Inc.\" \/>\n<meta property=\"og:description\" content=\"En tiempos de crisis, la cadena de suministro puede verse f\u00e1cilmente afectada. Descubra c\u00f3mo puede ayudarle Rezilio.\" \/>\n<meta property=\"og:url\" content=\"https:\/\/www.rezilio.com\/es\/sectores\/empresas-industriales-agroalimentarias-y-de-servicios\/\" \/>\n<meta property=\"og:site_name\" content=\"Rezilio Technologie Inc.\" \/>\n<meta property=\"article:modified_time\" content=\"2022-05-30T18:30:48+00:00\" \/>\n<meta property=\"og:image\" content=\"https:\/\/www.rezilio.com\/wp-content\/uploads\/2021\/10\/page-agro.png\" \/>\n<meta name=\"twitter:card\" content=\"summary_large_image\" \/>\n<meta name=\"twitter:label1\" content=\"Est. reading time\" \/>\n\t<meta name=\"twitter:data1\" content=\"1 minute\" \/>\n<script type=\"application\/ld+json\" class=\"yoast-schema-graph\">{\"@context\":\"https:\/\/schema.org\",\"@graph\":[{\"@type\":\"Organization\",\"@id\":\"https:\/\/www.rezilio.com\/#organization\",\"name\":\"Rezilio\",\"url\":\"https:\/\/www.rezilio.com\/\",\"sameAs\":[],\"logo\":{\"@type\":\"ImageObject\",\"@id\":\"https:\/\/www.rezilio.com\/#logo\",\"inLanguage\":\"es\",\"url\":\"https:\/\/www.rezilio.com\/wp-content\/uploads\/2020\/03\/rezilio-logo.png\",\"contentUrl\":\"https:\/\/www.rezilio.com\/wp-content\/uploads\/2020\/03\/rezilio-logo.png\",\"width\":201,\"height\":45,\"caption\":\"Rezilio\"},\"image\":{\"@id\":\"https:\/\/www.rezilio.com\/#logo\"}},{\"@type\":\"WebSite\",\"@id\":\"https:\/\/www.rezilio.com\/#website\",\"url\":\"https:\/\/www.rezilio.com\/\",\"name\":\"Rezilio Technologie Inc.\",\"description\":\"\",\"publisher\":{\"@id\":\"https:\/\/www.rezilio.com\/#organization\"},\"potentialAction\":[{\"@type\":\"SearchAction\",\"target\":{\"@type\":\"EntryPoint\",\"urlTemplate\":\"https:\/\/www.rezilio.com\/?s={search_term_string}\"},\"query-input\":\"required name=search_term_string\"}],\"inLanguage\":\"es\"},{\"@type\":\"ImageObject\",\"@id\":\"https:\/\/www.rezilio.com\/es\/sectores\/empresas-industriales-agroalimentarias-y-de-servicios\/#primaryimage\",\"inLanguage\":\"es\",\"url\":\"https:\/\/www.rezilio.com\/wp-content\/uploads\/2021\/10\/page-agro.png\",\"contentUrl\":\"https:\/\/www.rezilio.com\/wp-content\/uploads\/2021\/10\/page-agro.png\",\"width\":768,\"height\":527},{\"@type\":\"WebPage\",\"@id\":\"https:\/\/www.rezilio.com\/es\/sectores\/empresas-industriales-agroalimentarias-y-de-servicios\/#webpage\",\"url\":\"https:\/\/www.rezilio.com\/es\/sectores\/empresas-industriales-agroalimentarias-y-de-servicios\/\",\"name\":\"Agroalimentaria - Rezilio Technology Inc.\",\"isPartOf\":{\"@id\":\"https:\/\/www.rezilio.com\/#website\"},\"primaryImageOfPage\":{\"@id\":\"https:\/\/www.rezilio.com\/es\/sectores\/empresas-industriales-agroalimentarias-y-de-servicios\/#primaryimage\"},\"datePublished\":\"2021-10-27T16:48:04+00:00\",\"dateModified\":\"2022-05-30T18:30:48+00:00\",\"description\":\"En tiempos de crisis, la cadena de suministro puede verse f\\u00e1cilmente afectada. Descubra c\\u00f3mo puede ayudarle Rezilio.\",\"breadcrumb\":{\"@id\":\"https:\/\/www.rezilio.com\/es\/sectores\/empresas-industriales-agroalimentarias-y-de-servicios\/#breadcrumb\"},\"inLanguage\":\"es\",\"potentialAction\":[{\"@type\":\"ReadAction\",\"target\":[\"https:\/\/www.rezilio.com\/es\/sectores\/empresas-industriales-agroalimentarias-y-de-servicios\/\"]}]},{\"@type\":\"BreadcrumbList\",\"@id\":\"https:\/\/www.rezilio.com\/es\/sectores\/empresas-industriales-agroalimentarias-y-de-servicios\/#breadcrumb\",\"itemListElement\":[{\"@type\":\"ListItem\",\"position\":1,\"name\":\"Accueil\",\"item\":\"https:\/\/www.rezilio.com\/es\/\"},{\"@type\":\"ListItem\",\"position\":2,\"name\":\"\\u00c1reas de servicio\",\"item\":\"https:\/\/www.rezilio.com\/es\/sectores\/\"},{\"@type\":\"ListItem\",\"position\":3,\"name\":\"Agroalimentaria\"}]}]}<\/script>\n<!-- \/ Yoast SEO plugin. -->","yoast_head_json":{"title":"Agroalimentaria - Rezilio Technology Inc.","description":"En tiempos de crisis, la cadena de suministro puede verse f\u00e1cilmente afectada. Descubra c\u00f3mo puede ayudarle Rezilio.","robots":{"index":"index","follow":"follow","max-snippet":"max-snippet:-1","max-image-preview":"max-image-preview:large","max-video-preview":"max-video-preview:-1"},"canonical":"https:\/\/www.rezilio.com\/es\/sectores\/empresas-industriales-agroalimentarias-y-de-servicios\/","og_locale":"es_ES","og_type":"article","og_title":"Agroalimentaria - Rezilio Technology Inc.","og_description":"En tiempos de crisis, la cadena de suministro puede verse f\u00e1cilmente afectada. Descubra c\u00f3mo puede ayudarle Rezilio.","og_url":"https:\/\/www.rezilio.com\/es\/sectores\/empresas-industriales-agroalimentarias-y-de-servicios\/","og_site_name":"Rezilio Technologie Inc.","article_modified_time":"2022-05-30T18:30:48+00:00","og_image":[{"url":"https:\/\/www.rezilio.com\/wp-content\/uploads\/2021\/10\/page-agro.png"}],"twitter_card":"summary_large_image","twitter_misc":{"Est. reading time":"1 minute"},"schema":{"@context":"https:\/\/schema.org","@graph":[{"@type":"Organization","@id":"https:\/\/www.rezilio.com\/#organization","name":"Rezilio","url":"https:\/\/www.rezilio.com\/","sameAs":[],"logo":{"@type":"ImageObject","@id":"https:\/\/www.rezilio.com\/#logo","inLanguage":"es","url":"https:\/\/www.rezilio.com\/wp-content\/uploads\/2020\/03\/rezilio-logo.png","contentUrl":"https:\/\/www.rezilio.com\/wp-content\/uploads\/2020\/03\/rezilio-logo.png","width":201,"height":45,"caption":"Rezilio"},"image":{"@id":"https:\/\/www.rezilio.com\/#logo"}},{"@type":"WebSite","@id":"https:\/\/www.rezilio.com\/#website","url":"https:\/\/www.rezilio.com\/","name":"Rezilio Technologie Inc.","description":"","publisher":{"@id":"https:\/\/www.rezilio.com\/#organization"},"potentialAction":[{"@type":"SearchAction","target":{"@type":"EntryPoint","urlTemplate":"https:\/\/www.rezilio.com\/?s={search_term_string}"},"query-input":"required name=search_term_string"}],"inLanguage":"es"},{"@type":"ImageObject","@id":"https:\/\/www.rezilio.com\/es\/sectores\/empresas-industriales-agroalimentarias-y-de-servicios\/#primaryimage","inLanguage":"es","url":"https:\/\/www.rezilio.com\/wp-content\/uploads\/2021\/10\/page-agro.png","contentUrl":"https:\/\/www.rezilio.com\/wp-content\/uploads\/2021\/10\/page-agro.png","width":768,"height":527},{"@type":"WebPage","@id":"https:\/\/www.rezilio.com\/es\/sectores\/empresas-industriales-agroalimentarias-y-de-servicios\/#webpage","url":"https:\/\/www.rezilio.com\/es\/sectores\/empresas-industriales-agroalimentarias-y-de-servicios\/","name":"Agroalimentaria - Rezilio Technology Inc.","isPartOf":{"@id":"https:\/\/www.rezilio.com\/#website"},"primaryImageOfPage":{"@id":"https:\/\/www.rezilio.com\/es\/sectores\/empresas-industriales-agroalimentarias-y-de-servicios\/#primaryimage"},"datePublished":"2021-10-27T16:48:04+00:00","dateModified":"2022-05-30T18:30:48+00:00","description":"En tiempos de crisis, la cadena de suministro puede verse f\u00e1cilmente afectada. Descubra c\u00f3mo puede ayudarle Rezilio.","breadcrumb":{"@id":"https:\/\/www.rezilio.com\/es\/sectores\/empresas-industriales-agroalimentarias-y-de-servicios\/#breadcrumb"},"inLanguage":"es","potentialAction":[{"@type":"ReadAction","target":["https:\/\/www.rezilio.com\/es\/sectores\/empresas-industriales-agroalimentarias-y-de-servicios\/"]}]},{"@type":"BreadcrumbList","@id":"https:\/\/www.rezilio.com\/es\/sectores\/empresas-industriales-agroalimentarias-y-de-servicios\/#breadcrumb","itemListElement":[{"@type":"ListItem","position":1,"name":"Accueil","item":"https:\/\/www.rezilio.com\/es\/"},{"@type":"ListItem","position":2,"name":"\u00c1reas de servicio","item":"https:\/\/www.rezilio.com\/es\/sectores\/"},{"@type":"ListItem","position":3,"name":"Agroalimentaria"}]}]}},"taxonomy_info":[],"featured_image_src_large":false,"author_info":{"display_name":"Isabelle Custeau","author_link":"https:\/\/www.rezilio.com\/es\/author\/isabelle-custeaurezilio-com\/"},"comment_info":0,"_links":{"self":[{"href":"https:\/\/www.rezilio.com\/es\/wp-json\/wp\/v2\/pages\/3823","targetHints":{"allow":["GET"]}}],"collection":[{"href":"https:\/\/www.rezilio.com\/es\/wp-json\/wp\/v2\/pages"}],"about":[{"href":"https:\/\/www.rezilio.com\/es\/wp-json\/wp\/v2\/types\/page"}],"author":[{"embeddable":true,"href":"https:\/\/www.rezilio.com\/es\/wp-json\/wp\/v2\/users\/9"}],"replies":[{"embeddable":true,"href":"https:\/\/www.rezilio.com\/es\/wp-json\/wp\/v2\/comments?post=3823"}],"version-history":[{"count":3,"href":"https:\/\/www.rezilio.com\/es\/wp-json\/wp\/v2\/pages\/3823\/revisions"}],"predecessor-version":[{"id":4175,"href":"https:\/\/www.rezilio.com\/es\/wp-json\/wp\/v2\/pages\/3823\/revisions\/4175"}],"up":[{"embeddable":true,"href":"https:\/\/www.rezilio.com\/es\/wp-json\/wp\/v2\/pages\/3698"}],"wp:attachment":[{"href":"https:\/\/www.rezilio.com\/es\/wp-json\/wp\/v2\/media?parent=3823"}],"curies":[{"name":"wp","href":"https:\/\/api.w.org\/{rel}","templated":true}]}}