{"id":3825,"date":"2021-10-27T16:50:30","date_gmt":"2021-10-27T16:50:30","guid":{"rendered":"https:\/\/www.rezilio.com\/?page_id=3825"},"modified":"2022-05-30T18:36:54","modified_gmt":"2022-05-30T18:36:54","slug":"transporte-ferroviario-y-terrestre","status":"publish","type":"page","link":"https:\/\/www.rezilio.com\/es\/sectores\/transporte-ferroviario-y-terrestre\/","title":{"rendered":"Transporte ferroviario y terrestre"},"content":{"rendered":"<style>#kt-layout-id_d07b2a-cb > .kt-row-column-wrap{align-content:start;}:where(#kt-layout-id_d07b2a-cb > .kt-row-column-wrap) > .wp-block-kadence-column{justify-content:start;}#kt-layout-id_d07b2a-cb > .kt-row-column-wrap{column-gap:var(--global-kb-gap-md, 2rem);row-gap:var(--global-kb-gap-md, 2rem);max-width:800px;margin-left:auto;margin-right:auto;padding-top:var( --global-kb-row-default-top, 25px );padding-bottom:var( --global-kb-row-default-bottom, 25px );padding-top:var(--global-kb-spacing-sm, 1.5rem);padding-bottom:var(--global-kb-spacing-sm, 1.5rem);grid-template-columns:minmax(0, 1fr);}#kt-layout-id_d07b2a-cb > .kt-row-layout-overlay{opacity:0.30;}@media all and (max-width: 1024px){#kt-layout-id_d07b2a-cb > .kt-row-column-wrap{grid-template-columns:minmax(0, 1fr);}}@media all and (max-width: 767px){#kt-layout-id_d07b2a-cb > .kt-row-column-wrap{grid-template-columns:minmax(0, 1fr);}}<\/style>\n<div class=\"wp-block-kadence-rowlayout alignnone\"><div id=\"kt-layout-id_d07b2a-cb\" class=\"kt-row-layout-inner kt-layout-id_d07b2a-cb\"><div class=\"kt-row-column-wrap kt-has-1-columns kt-gutter-default kt-v-gutter-default kt-row-valign-top kt-row-layout-equal kt-tab-layout-inherit kt-m-colapse-left-to-right kt-mobile-layout-row\"><style>.kadence-column_1b6606-c9 > .kt-inside-inner-col{border-top-width:0px;border-right-width:0px;border-bottom-width:0px;border-left-width:0px;}.kadence-column_1b6606-c9 > .kt-inside-inner-col,.kadence-column_1b6606-c9 > .kt-inside-inner-col:before{border-top-left-radius:0px;border-top-right-radius:0px;border-bottom-right-radius:0px;border-bottom-left-radius:0px;}.kadence-column_1b6606-c9 > .kt-inside-inner-col{column-gap:var(--global-kb-gap-sm, 1rem);}.kadence-column_1b6606-c9 > .kt-inside-inner-col{flex-direction:column;}.kadence-column_1b6606-c9 > .kt-inside-inner-col > .aligncenter{width:100%;}.kadence-column_1b6606-c9 > .kt-inside-inner-col:before{opacity:0.3;}.kadence-column_1b6606-c9{position:relative;}@media all and (max-width: 1024px){.kadence-column_1b6606-c9 > .kt-inside-inner-col{flex-direction:column;justify-content:center;}}@media all and (max-width: 767px){.kadence-column_1b6606-c9 > .kt-inside-inner-col{flex-direction:column;justify-content:center;}}<\/style>\n<div class=\"wp-block-kadence-column inner-column-1 kadence-column_1b6606-c9\"><div class=\"kt-inside-inner-col\">\n<h6 class=\"has-text-align-center wp-block-heading\">El transporte ferroviario y terrestre est\u00e1 sujeto a muchos requisitos de seguridad y, por tanto, los operadores deben contar con planes de emergencia y respuesta para una multitud de situaciones en un territorio extenso y a veces completamente aislado.<br>Por lo tanto, es necesario y exigible disponer de planes actualizados y accesibles en todo momento y lugar.<\/h6>\n<\/div><\/div>\n<\/div><\/div><\/div>\n\n\n<style>#kt-layout-id_ee55c2-c0 > .kt-row-column-wrap{align-content:start;}:where(#kt-layout-id_ee55c2-c0 > .kt-row-column-wrap) > .wp-block-kadence-column{justify-content:start;}#kt-layout-id_ee55c2-c0 > .kt-row-column-wrap{column-gap:var(--global-kb-gap-md, 2rem);row-gap:var(--global-kb-gap-md, 2rem);padding-top:var( --global-kb-row-default-top, 25px );padding-bottom:var( --global-kb-row-default-bottom, 25px );padding-top:75px;grid-template-columns:minmax(0, calc(50% - ((var(--global-kb-gap-md, 2rem) * 1 )\/2)))minmax(0, calc(50% - ((var(--global-kb-gap-md, 2rem) * 1 )\/2)));}#kt-layout-id_ee55c2-c0 > .kt-row-layout-overlay{opacity:0.30;}@media all and (max-width: 1024px){#kt-layout-id_ee55c2-c0 > .kt-row-column-wrap{grid-template-columns:repeat(2, minmax(0, 1fr));}}@media all and (max-width: 767px){#kt-layout-id_ee55c2-c0 > .kt-row-column-wrap{grid-template-columns:minmax(0, 1fr);}}<\/style>\n<div class=\"wp-block-kadence-rowlayout alignnone\"><div id=\"kt-layout-id_ee55c2-c0\" class=\"kt-row-layout-inner kt-layout-id_ee55c2-c0\"><div class=\"kt-row-column-wrap kt-has-2-columns kt-gutter-default kt-v-gutter-default kt-row-valign-top kt-row-layout-equal kt-tab-layout-inherit kt-m-colapse-left-to-right kt-mobile-layout-row  kt-custom-first-width-50  kt-custom-second-width-50\"><style>.kadence-column_3c04d7-18 > .kt-inside-inner-col{border-top-width:0px;border-right-width:0px;border-bottom-width:0px;border-left-width:0px;}.kadence-column_3c04d7-18 > .kt-inside-inner-col,.kadence-column_3c04d7-18 > .kt-inside-inner-col:before{border-top-left-radius:0px;border-top-right-radius:0px;border-bottom-right-radius:0px;border-bottom-left-radius:0px;}.kadence-column_3c04d7-18 > .kt-inside-inner-col{column-gap:var(--global-kb-gap-sm, 1rem);}.kadence-column_3c04d7-18 > .kt-inside-inner-col{flex-direction:column;}.kadence-column_3c04d7-18 > .kt-inside-inner-col > .aligncenter{width:100%;}.kadence-column_3c04d7-18 > .kt-inside-inner-col:before{opacity:0.3;}.kadence-column_3c04d7-18{position:relative;}@media all and (max-width: 1024px){.kadence-column_3c04d7-18 > .kt-inside-inner-col{flex-direction:column;justify-content:center;}}@media all and (max-width: 767px){.kadence-column_3c04d7-18 > .kt-inside-inner-col{flex-direction:column;justify-content:center;}}<\/style>\n<div class=\"wp-block-kadence-column inner-column-1 kadence-column_3c04d7-18\"><div class=\"kt-inside-inner-col\">\n<p>La cantidad de material peligroso que se transporta requiere planes y equipos bien preparados y formados. Rezilio puede ayudar a los transportistas ferroviarios y terrestres con la disponibilidad de planes integrales junto con herramientas geom\u00e1ticas de \u00faltima generaci\u00f3n, independientemente del territorio cubierto por los transportistas.<\/p>\n\n\n\n<p>Rezilio se conecta f\u00e1cilmente a trav\u00e9s de la API con otros sistemas para generar valor a partir de los datos en situaciones de crisis y desastres.<\/p>\n<\/div><\/div>\n\n\n<style>.kadence-column_96ad90-25 > .kt-inside-inner-col{border-top-width:0px;border-right-width:0px;border-bottom-width:0px;border-left-width:0px;}.kadence-column_96ad90-25 > .kt-inside-inner-col,.kadence-column_96ad90-25 > .kt-inside-inner-col:before{border-top-left-radius:0px;border-top-right-radius:0px;border-bottom-right-radius:0px;border-bottom-left-radius:0px;}.kadence-column_96ad90-25 > .kt-inside-inner-col{column-gap:var(--global-kb-gap-sm, 1rem);}.kadence-column_96ad90-25 > .kt-inside-inner-col{flex-direction:column;}.kadence-column_96ad90-25 > .kt-inside-inner-col > .aligncenter{width:100%;}.kadence-column_96ad90-25 > .kt-inside-inner-col:before{opacity:0.3;}.kadence-column_96ad90-25{position:relative;}@media all and (max-width: 1024px){.kadence-column_96ad90-25 > .kt-inside-inner-col{flex-direction:column;justify-content:center;}}@media all and (max-width: 767px){.kadence-column_96ad90-25 > .kt-inside-inner-col{flex-direction:column;justify-content:center;}}<\/style>\n<div class=\"wp-block-kadence-column inner-column-2 kadence-column_96ad90-25\"><div class=\"kt-inside-inner-col\">\n<div class=\"wp-block-image\"><figure class=\"aligncenter size-full\"><img decoding=\"async\" width=\"457\" height=\"366\" src=\"https:\/\/www.rezilio.com\/wp-content\/uploads\/2020\/10\/transport-ferroviaire-2.png\" alt=\"\" class=\"wp-image-1091\"\/><\/figure><\/div>\n<\/div><\/div>\n<\/div><\/div><\/div>\n<span class=\"kt-load-after-post\"><\/span>","protected":false},"excerpt":{"rendered":"<p>El transporte ferroviario y terrestre est\u00e1 sujeto a muchos requisitos de seguridad y, por tanto, los operadores deben contar con planes de emergencia y respuesta para una multitud de situaciones en un territorio extenso y a veces completamente aislado.Por lo tanto, es necesario y exigible disponer de planes actualizados y accesibles en todo momento y&#8230;<\/p>\n","protected":false},"author":9,"featured_media":3827,"parent":3698,"menu_order":0,"comment_status":"closed","ping_status":"closed","template":"","meta":{"_kad_blocks_custom_css":"","_kad_blocks_head_custom_js":"","_kad_blocks_body_custom_js":"","_kad_blocks_footer_custom_js":"","_kad_post_transparent":"","_kad_post_title":"","_kad_post_layout":"","_kad_post_sidebar_id":"","_kad_post_content_style":"","_kad_post_vertical_padding":"","_kad_post_feature":"","_kad_post_feature_position":"","_kad_post_header":false,"_kad_post_footer":false,"footnotes":""},"class_list":["post-3825","page","type-page","status-publish","has-post-thumbnail","hentry"],"yoast_head":"<!-- This site is optimized with the Yoast SEO plugin v17.4 - https:\/\/yoast.com\/wordpress\/plugins\/seo\/ -->\n<title>Transporte ferroviario y terrestre - Rezilio Technology Inc.<\/title>\n<meta name=\"description\" content=\"Los requisitos de seguridad del transporte ferroviario y terrestre impiden que ocurra lo peor. Descubra c\u00f3mo puede ayudarle Rezilio.\" \/>\n<meta name=\"robots\" content=\"index, follow, max-snippet:-1, max-image-preview:large, max-video-preview:-1\" \/>\n<link rel=\"canonical\" href=\"https:\/\/www.rezilio.com\/es\/sectores\/transporte-ferroviario-y-terrestre\/\" \/>\n<meta property=\"og:locale\" content=\"es_ES\" \/>\n<meta property=\"og:type\" content=\"article\" \/>\n<meta property=\"og:title\" content=\"Transporte ferroviario y terrestre - Rezilio Technology Inc.\" \/>\n<meta property=\"og:description\" content=\"Los requisitos de seguridad del transporte ferroviario y terrestre impiden que ocurra lo peor. Descubra c\u00f3mo puede ayudarle Rezilio.\" \/>\n<meta property=\"og:url\" content=\"https:\/\/www.rezilio.com\/es\/sectores\/transporte-ferroviario-y-terrestre\/\" \/>\n<meta property=\"og:site_name\" content=\"Rezilio Technologie Inc.\" \/>\n<meta property=\"article:modified_time\" content=\"2022-05-30T18:36:54+00:00\" \/>\n<meta property=\"og:image\" content=\"https:\/\/www.rezilio.com\/wp-content\/uploads\/2020\/10\/transport-ferroviaire-2.png\" \/>\n\t<meta property=\"og:image:width\" content=\"457\" \/>\n\t<meta property=\"og:image:height\" content=\"366\" \/>\n<meta name=\"twitter:card\" content=\"summary_large_image\" \/>\n<meta name=\"twitter:label1\" content=\"Est. reading time\" \/>\n\t<meta name=\"twitter:data1\" content=\"1 minute\" \/>\n<script type=\"application\/ld+json\" class=\"yoast-schema-graph\">{\"@context\":\"https:\/\/schema.org\",\"@graph\":[{\"@type\":\"Organization\",\"@id\":\"https:\/\/www.rezilio.com\/#organization\",\"name\":\"Rezilio\",\"url\":\"https:\/\/www.rezilio.com\/\",\"sameAs\":[],\"logo\":{\"@type\":\"ImageObject\",\"@id\":\"https:\/\/www.rezilio.com\/#logo\",\"inLanguage\":\"es\",\"url\":\"https:\/\/www.rezilio.com\/wp-content\/uploads\/2020\/03\/rezilio-logo.png\",\"contentUrl\":\"https:\/\/www.rezilio.com\/wp-content\/uploads\/2020\/03\/rezilio-logo.png\",\"width\":201,\"height\":45,\"caption\":\"Rezilio\"},\"image\":{\"@id\":\"https:\/\/www.rezilio.com\/#logo\"}},{\"@type\":\"WebSite\",\"@id\":\"https:\/\/www.rezilio.com\/#website\",\"url\":\"https:\/\/www.rezilio.com\/\",\"name\":\"Rezilio Technologie Inc.\",\"description\":\"\",\"publisher\":{\"@id\":\"https:\/\/www.rezilio.com\/#organization\"},\"potentialAction\":[{\"@type\":\"SearchAction\",\"target\":{\"@type\":\"EntryPoint\",\"urlTemplate\":\"https:\/\/www.rezilio.com\/?s={search_term_string}\"},\"query-input\":\"required name=search_term_string\"}],\"inLanguage\":\"es\"},{\"@type\":\"ImageObject\",\"@id\":\"https:\/\/www.rezilio.com\/es\/sectores\/transporte-ferroviario-y-terrestre\/#primaryimage\",\"inLanguage\":\"es\",\"url\":\"https:\/\/www.rezilio.com\/wp-content\/uploads\/2020\/10\/transport-ferroviaire-2.png\",\"contentUrl\":\"https:\/\/www.rezilio.com\/wp-content\/uploads\/2020\/10\/transport-ferroviaire-2.png\",\"width\":457,\"height\":366},{\"@type\":\"WebPage\",\"@id\":\"https:\/\/www.rezilio.com\/es\/sectores\/transporte-ferroviario-y-terrestre\/#webpage\",\"url\":\"https:\/\/www.rezilio.com\/es\/sectores\/transporte-ferroviario-y-terrestre\/\",\"name\":\"Transporte ferroviario y terrestre - Rezilio Technology Inc.\",\"isPartOf\":{\"@id\":\"https:\/\/www.rezilio.com\/#website\"},\"primaryImageOfPage\":{\"@id\":\"https:\/\/www.rezilio.com\/es\/sectores\/transporte-ferroviario-y-terrestre\/#primaryimage\"},\"datePublished\":\"2021-10-27T16:50:30+00:00\",\"dateModified\":\"2022-05-30T18:36:54+00:00\",\"description\":\"Los requisitos de seguridad del transporte ferroviario y terrestre impiden que ocurra lo peor. Descubra c\\u00f3mo puede ayudarle Rezilio.\",\"breadcrumb\":{\"@id\":\"https:\/\/www.rezilio.com\/es\/sectores\/transporte-ferroviario-y-terrestre\/#breadcrumb\"},\"inLanguage\":\"es\",\"potentialAction\":[{\"@type\":\"ReadAction\",\"target\":[\"https:\/\/www.rezilio.com\/es\/sectores\/transporte-ferroviario-y-terrestre\/\"]}]},{\"@type\":\"BreadcrumbList\",\"@id\":\"https:\/\/www.rezilio.com\/es\/sectores\/transporte-ferroviario-y-terrestre\/#breadcrumb\",\"itemListElement\":[{\"@type\":\"ListItem\",\"position\":1,\"name\":\"Accueil\",\"item\":\"https:\/\/www.rezilio.com\/es\/\"},{\"@type\":\"ListItem\",\"position\":2,\"name\":\"\\u00c1reas de servicio\",\"item\":\"https:\/\/www.rezilio.com\/es\/sectores\/\"},{\"@type\":\"ListItem\",\"position\":3,\"name\":\"Transporte ferroviario y terrestre\"}]}]}<\/script>\n<!-- \/ Yoast SEO plugin. -->","yoast_head_json":{"title":"Transporte ferroviario y terrestre - Rezilio Technology Inc.","description":"Los requisitos de seguridad del transporte ferroviario y terrestre impiden que ocurra lo peor. Descubra c\u00f3mo puede ayudarle Rezilio.","robots":{"index":"index","follow":"follow","max-snippet":"max-snippet:-1","max-image-preview":"max-image-preview:large","max-video-preview":"max-video-preview:-1"},"canonical":"https:\/\/www.rezilio.com\/es\/sectores\/transporte-ferroviario-y-terrestre\/","og_locale":"es_ES","og_type":"article","og_title":"Transporte ferroviario y terrestre - Rezilio Technology Inc.","og_description":"Los requisitos de seguridad del transporte ferroviario y terrestre impiden que ocurra lo peor. Descubra c\u00f3mo puede ayudarle Rezilio.","og_url":"https:\/\/www.rezilio.com\/es\/sectores\/transporte-ferroviario-y-terrestre\/","og_site_name":"Rezilio Technologie Inc.","article_modified_time":"2022-05-30T18:36:54+00:00","og_image":[{"width":457,"height":366,"url":"https:\/\/www.rezilio.com\/wp-content\/uploads\/2020\/10\/transport-ferroviaire-2.png","type":"image\/png"}],"twitter_card":"summary_large_image","twitter_misc":{"Est. reading time":"1 minute"},"schema":{"@context":"https:\/\/schema.org","@graph":[{"@type":"Organization","@id":"https:\/\/www.rezilio.com\/#organization","name":"Rezilio","url":"https:\/\/www.rezilio.com\/","sameAs":[],"logo":{"@type":"ImageObject","@id":"https:\/\/www.rezilio.com\/#logo","inLanguage":"es","url":"https:\/\/www.rezilio.com\/wp-content\/uploads\/2020\/03\/rezilio-logo.png","contentUrl":"https:\/\/www.rezilio.com\/wp-content\/uploads\/2020\/03\/rezilio-logo.png","width":201,"height":45,"caption":"Rezilio"},"image":{"@id":"https:\/\/www.rezilio.com\/#logo"}},{"@type":"WebSite","@id":"https:\/\/www.rezilio.com\/#website","url":"https:\/\/www.rezilio.com\/","name":"Rezilio Technologie Inc.","description":"","publisher":{"@id":"https:\/\/www.rezilio.com\/#organization"},"potentialAction":[{"@type":"SearchAction","target":{"@type":"EntryPoint","urlTemplate":"https:\/\/www.rezilio.com\/?s={search_term_string}"},"query-input":"required name=search_term_string"}],"inLanguage":"es"},{"@type":"ImageObject","@id":"https:\/\/www.rezilio.com\/es\/sectores\/transporte-ferroviario-y-terrestre\/#primaryimage","inLanguage":"es","url":"https:\/\/www.rezilio.com\/wp-content\/uploads\/2020\/10\/transport-ferroviaire-2.png","contentUrl":"https:\/\/www.rezilio.com\/wp-content\/uploads\/2020\/10\/transport-ferroviaire-2.png","width":457,"height":366},{"@type":"WebPage","@id":"https:\/\/www.rezilio.com\/es\/sectores\/transporte-ferroviario-y-terrestre\/#webpage","url":"https:\/\/www.rezilio.com\/es\/sectores\/transporte-ferroviario-y-terrestre\/","name":"Transporte ferroviario y terrestre - Rezilio Technology Inc.","isPartOf":{"@id":"https:\/\/www.rezilio.com\/#website"},"primaryImageOfPage":{"@id":"https:\/\/www.rezilio.com\/es\/sectores\/transporte-ferroviario-y-terrestre\/#primaryimage"},"datePublished":"2021-10-27T16:50:30+00:00","dateModified":"2022-05-30T18:36:54+00:00","description":"Los requisitos de seguridad del transporte ferroviario y terrestre impiden que ocurra lo peor. Descubra c\u00f3mo puede ayudarle Rezilio.","breadcrumb":{"@id":"https:\/\/www.rezilio.com\/es\/sectores\/transporte-ferroviario-y-terrestre\/#breadcrumb"},"inLanguage":"es","potentialAction":[{"@type":"ReadAction","target":["https:\/\/www.rezilio.com\/es\/sectores\/transporte-ferroviario-y-terrestre\/"]}]},{"@type":"BreadcrumbList","@id":"https:\/\/www.rezilio.com\/es\/sectores\/transporte-ferroviario-y-terrestre\/#breadcrumb","itemListElement":[{"@type":"ListItem","position":1,"name":"Accueil","item":"https:\/\/www.rezilio.com\/es\/"},{"@type":"ListItem","position":2,"name":"\u00c1reas de servicio","item":"https:\/\/www.rezilio.com\/es\/sectores\/"},{"@type":"ListItem","position":3,"name":"Transporte ferroviario y terrestre"}]}]}},"taxonomy_info":[],"featured_image_src_large":["https:\/\/www.rezilio.com\/wp-content\/uploads\/2020\/10\/transport-ferroviaire-2.png",457,366,false],"author_info":{"display_name":"Isabelle Custeau","author_link":"https:\/\/www.rezilio.com\/es\/author\/isabelle-custeaurezilio-com\/"},"comment_info":0,"_links":{"self":[{"href":"https:\/\/www.rezilio.com\/es\/wp-json\/wp\/v2\/pages\/3825","targetHints":{"allow":["GET"]}}],"collection":[{"href":"https:\/\/www.rezilio.com\/es\/wp-json\/wp\/v2\/pages"}],"about":[{"href":"https:\/\/www.rezilio.com\/es\/wp-json\/wp\/v2\/types\/page"}],"author":[{"embeddable":true,"href":"https:\/\/www.rezilio.com\/es\/wp-json\/wp\/v2\/users\/9"}],"replies":[{"embeddable":true,"href":"https:\/\/www.rezilio.com\/es\/wp-json\/wp\/v2\/comments?post=3825"}],"version-history":[{"count":2,"href":"https:\/\/www.rezilio.com\/es\/wp-json\/wp\/v2\/pages\/3825\/revisions"}],"predecessor-version":[{"id":3828,"href":"https:\/\/www.rezilio.com\/es\/wp-json\/wp\/v2\/pages\/3825\/revisions\/3828"}],"up":[{"embeddable":true,"href":"https:\/\/www.rezilio.com\/es\/wp-json\/wp\/v2\/pages\/3698"}],"wp:featuredmedia":[{"embeddable":true,"href":"https:\/\/www.rezilio.com\/es\/wp-json\/wp\/v2\/media\/3827"}],"wp:attachment":[{"href":"https:\/\/www.rezilio.com\/es\/wp-json\/wp\/v2\/media?parent=3825"}],"curies":[{"name":"wp","href":"https:\/\/api.w.org\/{rel}","templated":true}]}}