{"id":3833,"date":"2021-10-27T16:55:34","date_gmt":"2021-10-27T16:55:34","guid":{"rendered":"https:\/\/www.rezilio.com\/?page_id=3833"},"modified":"2022-05-30T18:32:40","modified_gmt":"2022-05-30T18:32:40","slug":"entretenimiento-y-espectaculo","status":"publish","type":"page","link":"https:\/\/www.rezilio.com\/es\/sectores\/entretenimiento-y-espectaculo\/","title":{"rendered":"Entretenimiento y espect\u00e1culo"},"content":{"rendered":"<style>#kt-layout-id_0d78af-c2 > .kt-row-column-wrap{align-content:start;}:where(#kt-layout-id_0d78af-c2 > .kt-row-column-wrap) > .wp-block-kadence-column{justify-content:start;}#kt-layout-id_0d78af-c2 > .kt-row-column-wrap{column-gap:var(--global-kb-gap-md, 2rem);row-gap:var(--global-kb-gap-md, 2rem);max-width:800px;margin-left:auto;margin-right:auto;padding-top:var( --global-kb-row-default-top, 25px );padding-bottom:var( --global-kb-row-default-bottom, 25px );padding-top:var(--global-kb-spacing-sm, 1.5rem);padding-bottom:var(--global-kb-spacing-sm, 1.5rem);grid-template-columns:minmax(0, 1fr);}#kt-layout-id_0d78af-c2 > .kt-row-layout-overlay{opacity:0.30;}@media all and (max-width: 1024px){#kt-layout-id_0d78af-c2 > .kt-row-column-wrap{grid-template-columns:minmax(0, 1fr);}}@media all and (max-width: 767px){#kt-layout-id_0d78af-c2 > .kt-row-column-wrap{grid-template-columns:minmax(0, 1fr);}}<\/style>\n<div class=\"wp-block-kadence-rowlayout alignnone\"><div id=\"kt-layout-id_0d78af-c2\" class=\"kt-row-layout-inner kt-layout-id_0d78af-c2\"><div class=\"kt-row-column-wrap kt-has-1-columns kt-gutter-default kt-v-gutter-default kt-row-valign-top kt-row-layout-equal kt-tab-layout-inherit kt-m-colapse-left-to-right kt-mobile-layout-row\"><style>.kadence-column_d1f063-29 > .kt-inside-inner-col{border-top-width:0px;border-right-width:0px;border-bottom-width:0px;border-left-width:0px;}.kadence-column_d1f063-29 > .kt-inside-inner-col,.kadence-column_d1f063-29 > .kt-inside-inner-col:before{border-top-left-radius:0px;border-top-right-radius:0px;border-bottom-right-radius:0px;border-bottom-left-radius:0px;}.kadence-column_d1f063-29 > .kt-inside-inner-col{column-gap:var(--global-kb-gap-sm, 1rem);}.kadence-column_d1f063-29 > .kt-inside-inner-col{flex-direction:column;}.kadence-column_d1f063-29 > .kt-inside-inner-col > .aligncenter{width:100%;}.kadence-column_d1f063-29 > .kt-inside-inner-col:before{opacity:0.3;}.kadence-column_d1f063-29{position:relative;}@media all and (max-width: 1024px){.kadence-column_d1f063-29 > .kt-inside-inner-col{flex-direction:column;justify-content:center;}}@media all and (max-width: 767px){.kadence-column_d1f063-29 > .kt-inside-inner-col{flex-direction:column;justify-content:center;}}<\/style>\n<div class=\"wp-block-kadence-column inner-column-1 kadence-column_d1f063-29\"><div class=\"kt-inside-inner-col\"><style>.wp-block-kadence-advancedheading.kt-adv-heading_a9611b-b8, .wp-block-kadence-advancedheading.kt-adv-heading_a9611b-b8[data-kb-block=\"kb-adv-heading_a9611b-b8\"]{text-align:center;font-style:normal;}.wp-block-kadence-advancedheading.kt-adv-heading_a9611b-b8 mark.kt-highlight, .wp-block-kadence-advancedheading.kt-adv-heading_a9611b-b8[data-kb-block=\"kb-adv-heading_a9611b-b8\"] mark.kt-highlight{font-style:normal;color:#f76a0c;-webkit-box-decoration-break:clone;box-decoration-break:clone;padding-top:0px;padding-right:0px;padding-bottom:0px;padding-left:0px;}<\/style>\n<h6 class=\"kt-adv-heading_a9611b-b8 wp-block-kadence-advancedheading\" data-kb-block=\"kb-adv-heading_a9611b-b8\"><em><em><em><em><em>Los festivales al aire libre, los anfiteatros, los estadios y las salas de espect\u00e1culos representan un problema de seguridad para las organizaciones y un gran desaf\u00edo log\u00edstico en t\u00e9rminos de preparaci\u00f3n para emergencias y crisis.<\/em><\/em><\/em><\/em><\/em><\/h6>\n<\/div><\/div>\n<\/div><\/div><\/div>\n\n\n<style>#kt-layout-id_eb13ad-75 > .kt-row-column-wrap{align-content:start;}:where(#kt-layout-id_eb13ad-75 > .kt-row-column-wrap) > .wp-block-kadence-column{justify-content:start;}#kt-layout-id_eb13ad-75 > .kt-row-column-wrap{column-gap:var(--global-kb-gap-md, 2rem);row-gap:var(--global-kb-gap-md, 2rem);padding-top:var( --global-kb-row-default-top, 25px );padding-bottom:var( --global-kb-row-default-bottom, 25px );padding-top:75px;grid-template-columns:minmax(0, calc(50% - ((var(--global-kb-gap-md, 2rem) * 1 )\/2)))minmax(0, calc(50% - ((var(--global-kb-gap-md, 2rem) * 1 )\/2)));}#kt-layout-id_eb13ad-75 > .kt-row-layout-overlay{opacity:0.30;}@media all and (max-width: 1024px){#kt-layout-id_eb13ad-75 > .kt-row-column-wrap{grid-template-columns:repeat(2, minmax(0, 1fr));}}@media all and (max-width: 767px){#kt-layout-id_eb13ad-75 > .kt-row-column-wrap{grid-template-columns:minmax(0, 1fr);}}<\/style>\n<div class=\"wp-block-kadence-rowlayout alignnone\"><div id=\"kt-layout-id_eb13ad-75\" class=\"kt-row-layout-inner kt-layout-id_eb13ad-75\"><div class=\"kt-row-column-wrap kt-has-2-columns kt-gutter-default kt-v-gutter-default kt-row-valign-top kt-row-layout-equal kt-tab-layout-inherit kt-m-colapse-left-to-right kt-mobile-layout-row  kt-custom-first-width-50  kt-custom-second-width-50\"><style>.kadence-column_91f9a7-49 > .kt-inside-inner-col{border-top-width:0px;border-right-width:0px;border-bottom-width:0px;border-left-width:0px;}.kadence-column_91f9a7-49 > .kt-inside-inner-col,.kadence-column_91f9a7-49 > .kt-inside-inner-col:before{border-top-left-radius:0px;border-top-right-radius:0px;border-bottom-right-radius:0px;border-bottom-left-radius:0px;}.kadence-column_91f9a7-49 > .kt-inside-inner-col{column-gap:var(--global-kb-gap-sm, 1rem);}.kadence-column_91f9a7-49 > .kt-inside-inner-col{flex-direction:column;}.kadence-column_91f9a7-49 > .kt-inside-inner-col > .aligncenter{width:100%;}.kadence-column_91f9a7-49 > .kt-inside-inner-col:before{opacity:0.3;}.kadence-column_91f9a7-49{position:relative;}@media all and (max-width: 1024px){.kadence-column_91f9a7-49 > .kt-inside-inner-col{flex-direction:column;justify-content:center;}}@media all and (max-width: 767px){.kadence-column_91f9a7-49 > .kt-inside-inner-col{flex-direction:column;justify-content:center;}}<\/style>\n<div class=\"wp-block-kadence-column inner-column-1 kadence-column_91f9a7-49\"><div class=\"kt-inside-inner-col\">\n<p>En este contexto, es importante que los gestores y las partes interesadas puedan contar con una herramienta din\u00e1mica de gesti\u00f3n de crisis para poder hacer frente a las amenazas y a los acontecimientos repentinos con mayor rapidez y eficacia. Rezilio le ayuda a gestionar sus reclamaciones de forma concreta.<\/p>\n\n\n\n<p>Rezilio es m\u00e1s que un software de respuesta, le permite proteger eficazmente a las personas y sus instalaciones, as\u00ed como preservar su imagen corporativa. Facilita y acelera la vuelta a la normalidad.<\/p>\n\n\n\n<p>Rezilio es sin duda la soluci\u00f3n m\u00e1s flexible y adaptable para todas sus necesidades de prevenci\u00f3n, preparaci\u00f3n, respuesta y recuperaci\u00f3n.<\/p>\n<\/div><\/div>\n\n\n<style>.kadence-column_068e0d-85 > .kt-inside-inner-col{border-top-width:0px;border-right-width:0px;border-bottom-width:0px;border-left-width:0px;}.kadence-column_068e0d-85 > .kt-inside-inner-col,.kadence-column_068e0d-85 > .kt-inside-inner-col:before{border-top-left-radius:0px;border-top-right-radius:0px;border-bottom-right-radius:0px;border-bottom-left-radius:0px;}.kadence-column_068e0d-85 > .kt-inside-inner-col{column-gap:var(--global-kb-gap-sm, 1rem);}.kadence-column_068e0d-85 > .kt-inside-inner-col{flex-direction:column;}.kadence-column_068e0d-85 > .kt-inside-inner-col > .aligncenter{width:100%;}.kadence-column_068e0d-85 > .kt-inside-inner-col:before{opacity:0.3;}.kadence-column_068e0d-85{position:relative;}@media all and (max-width: 1024px){.kadence-column_068e0d-85 > .kt-inside-inner-col{flex-direction:column;justify-content:center;}}@media all and (max-width: 767px){.kadence-column_068e0d-85 > .kt-inside-inner-col{flex-direction:column;justify-content:center;}}<\/style>\n<div class=\"wp-block-kadence-column inner-column-2 kadence-column_068e0d-85\"><div class=\"kt-inside-inner-col\">\n<div class=\"wp-block-image\"><figure class=\"aligncenter size-full\"><img decoding=\"async\" width=\"457\" height=\"264\" src=\"https:\/\/www.rezilio.com\/wp-content\/uploads\/2020\/03\/industrie-divertissement-spectacle.png\" alt=\"\" class=\"wp-image-383\"\/><\/figure><\/div>\n<\/div><\/div>\n<\/div><\/div><\/div>\n<span class=\"kt-load-after-post\"><\/span>","protected":false},"excerpt":{"rendered":"<p>Los festivales al aire libre, los anfiteatros, los estadios y las salas de espect\u00e1culos representan un problema de seguridad para las organizaciones y un gran desaf\u00edo log\u00edstico en t\u00e9rminos de preparaci\u00f3n para emergencias y crisis. En este contexto, es importante que los gestores y las partes interesadas puedan contar con una herramienta din\u00e1mica de gesti\u00f3n&#8230;<\/p>\n","protected":false},"author":9,"featured_media":0,"parent":3698,"menu_order":0,"comment_status":"closed","ping_status":"closed","template":"","meta":{"_kad_blocks_custom_css":"","_kad_blocks_head_custom_js":"","_kad_blocks_body_custom_js":"","_kad_blocks_footer_custom_js":"","_kad_post_transparent":"","_kad_post_title":"","_kad_post_layout":"","_kad_post_sidebar_id":"","_kad_post_content_style":"","_kad_post_vertical_padding":"","_kad_post_feature":"","_kad_post_feature_position":"","_kad_post_header":false,"_kad_post_footer":false,"footnotes":""},"class_list":["post-3833","page","type-page","status-publish","hentry"],"yoast_head":"<!-- This site is optimized with the Yoast SEO plugin v17.4 - https:\/\/yoast.com\/wordpress\/plugins\/seo\/ -->\n<title>Entretenimiento y espect\u00e1culo - Rezilio Technology Inc.<\/title>\n<meta name=\"description\" content=\"Cuando se trata de eventos, es importante estar preparado y equipado en caso de crisis. Descubra c\u00f3mo puede ayudarle Rezilio.\" \/>\n<meta name=\"robots\" content=\"index, follow, max-snippet:-1, max-image-preview:large, max-video-preview:-1\" \/>\n<link rel=\"canonical\" href=\"https:\/\/www.rezilio.com\/es\/sectores\/entretenimiento-y-espectaculo\/\" \/>\n<meta property=\"og:locale\" content=\"es_ES\" \/>\n<meta property=\"og:type\" content=\"article\" \/>\n<meta property=\"og:title\" content=\"Entretenimiento y espect\u00e1culo - Rezilio Technology Inc.\" \/>\n<meta property=\"og:description\" content=\"Cuando se trata de eventos, es importante estar preparado y equipado en caso de crisis. Descubra c\u00f3mo puede ayudarle Rezilio.\" \/>\n<meta property=\"og:url\" content=\"https:\/\/www.rezilio.com\/es\/sectores\/entretenimiento-y-espectaculo\/\" \/>\n<meta property=\"og:site_name\" content=\"Rezilio Technologie Inc.\" \/>\n<meta property=\"article:modified_time\" content=\"2022-05-30T18:32:40+00:00\" \/>\n<meta property=\"og:image\" content=\"https:\/\/www.rezilio.com\/wp-content\/uploads\/2020\/03\/industrie-divertissement-spectacle.png\" \/>\n<meta name=\"twitter:card\" content=\"summary_large_image\" \/>\n<meta name=\"twitter:label1\" content=\"Est. reading time\" \/>\n\t<meta name=\"twitter:data1\" content=\"1 minute\" \/>\n<script type=\"application\/ld+json\" class=\"yoast-schema-graph\">{\"@context\":\"https:\/\/schema.org\",\"@graph\":[{\"@type\":\"Organization\",\"@id\":\"https:\/\/www.rezilio.com\/#organization\",\"name\":\"Rezilio\",\"url\":\"https:\/\/www.rezilio.com\/\",\"sameAs\":[],\"logo\":{\"@type\":\"ImageObject\",\"@id\":\"https:\/\/www.rezilio.com\/#logo\",\"inLanguage\":\"es\",\"url\":\"https:\/\/www.rezilio.com\/wp-content\/uploads\/2020\/03\/rezilio-logo.png\",\"contentUrl\":\"https:\/\/www.rezilio.com\/wp-content\/uploads\/2020\/03\/rezilio-logo.png\",\"width\":201,\"height\":45,\"caption\":\"Rezilio\"},\"image\":{\"@id\":\"https:\/\/www.rezilio.com\/#logo\"}},{\"@type\":\"WebSite\",\"@id\":\"https:\/\/www.rezilio.com\/#website\",\"url\":\"https:\/\/www.rezilio.com\/\",\"name\":\"Rezilio Technologie Inc.\",\"description\":\"\",\"publisher\":{\"@id\":\"https:\/\/www.rezilio.com\/#organization\"},\"potentialAction\":[{\"@type\":\"SearchAction\",\"target\":{\"@type\":\"EntryPoint\",\"urlTemplate\":\"https:\/\/www.rezilio.com\/?s={search_term_string}\"},\"query-input\":\"required name=search_term_string\"}],\"inLanguage\":\"es\"},{\"@type\":\"ImageObject\",\"@id\":\"https:\/\/www.rezilio.com\/es\/sectores\/entretenimiento-y-espectaculo\/#primaryimage\",\"inLanguage\":\"es\",\"url\":\"https:\/\/www.rezilio.com\/wp-content\/uploads\/2020\/03\/industrie-divertissement-spectacle.png\",\"contentUrl\":\"https:\/\/www.rezilio.com\/wp-content\/uploads\/2020\/03\/industrie-divertissement-spectacle.png\",\"width\":457,\"height\":264},{\"@type\":\"WebPage\",\"@id\":\"https:\/\/www.rezilio.com\/es\/sectores\/entretenimiento-y-espectaculo\/#webpage\",\"url\":\"https:\/\/www.rezilio.com\/es\/sectores\/entretenimiento-y-espectaculo\/\",\"name\":\"Entretenimiento y espect\\u00e1culo - Rezilio Technology Inc.\",\"isPartOf\":{\"@id\":\"https:\/\/www.rezilio.com\/#website\"},\"primaryImageOfPage\":{\"@id\":\"https:\/\/www.rezilio.com\/es\/sectores\/entretenimiento-y-espectaculo\/#primaryimage\"},\"datePublished\":\"2021-10-27T16:55:34+00:00\",\"dateModified\":\"2022-05-30T18:32:40+00:00\",\"description\":\"Cuando se trata de eventos, es importante estar preparado y equipado en caso de crisis. Descubra c\\u00f3mo puede ayudarle Rezilio.\",\"breadcrumb\":{\"@id\":\"https:\/\/www.rezilio.com\/es\/sectores\/entretenimiento-y-espectaculo\/#breadcrumb\"},\"inLanguage\":\"es\",\"potentialAction\":[{\"@type\":\"ReadAction\",\"target\":[\"https:\/\/www.rezilio.com\/es\/sectores\/entretenimiento-y-espectaculo\/\"]}]},{\"@type\":\"BreadcrumbList\",\"@id\":\"https:\/\/www.rezilio.com\/es\/sectores\/entretenimiento-y-espectaculo\/#breadcrumb\",\"itemListElement\":[{\"@type\":\"ListItem\",\"position\":1,\"name\":\"Accueil\",\"item\":\"https:\/\/www.rezilio.com\/es\/\"},{\"@type\":\"ListItem\",\"position\":2,\"name\":\"\\u00c1reas de servicio\",\"item\":\"https:\/\/www.rezilio.com\/es\/sectores\/\"},{\"@type\":\"ListItem\",\"position\":3,\"name\":\"Entretenimiento y espect\\u00e1culo\"}]}]}<\/script>\n<!-- \/ Yoast SEO plugin. -->","yoast_head_json":{"title":"Entretenimiento y espect\u00e1culo - Rezilio Technology Inc.","description":"Cuando se trata de eventos, es importante estar preparado y equipado en caso de crisis. Descubra c\u00f3mo puede ayudarle Rezilio.","robots":{"index":"index","follow":"follow","max-snippet":"max-snippet:-1","max-image-preview":"max-image-preview:large","max-video-preview":"max-video-preview:-1"},"canonical":"https:\/\/www.rezilio.com\/es\/sectores\/entretenimiento-y-espectaculo\/","og_locale":"es_ES","og_type":"article","og_title":"Entretenimiento y espect\u00e1culo - Rezilio Technology Inc.","og_description":"Cuando se trata de eventos, es importante estar preparado y equipado en caso de crisis. Descubra c\u00f3mo puede ayudarle Rezilio.","og_url":"https:\/\/www.rezilio.com\/es\/sectores\/entretenimiento-y-espectaculo\/","og_site_name":"Rezilio Technologie Inc.","article_modified_time":"2022-05-30T18:32:40+00:00","og_image":[{"url":"https:\/\/www.rezilio.com\/wp-content\/uploads\/2020\/03\/industrie-divertissement-spectacle.png"}],"twitter_card":"summary_large_image","twitter_misc":{"Est. reading time":"1 minute"},"schema":{"@context":"https:\/\/schema.org","@graph":[{"@type":"Organization","@id":"https:\/\/www.rezilio.com\/#organization","name":"Rezilio","url":"https:\/\/www.rezilio.com\/","sameAs":[],"logo":{"@type":"ImageObject","@id":"https:\/\/www.rezilio.com\/#logo","inLanguage":"es","url":"https:\/\/www.rezilio.com\/wp-content\/uploads\/2020\/03\/rezilio-logo.png","contentUrl":"https:\/\/www.rezilio.com\/wp-content\/uploads\/2020\/03\/rezilio-logo.png","width":201,"height":45,"caption":"Rezilio"},"image":{"@id":"https:\/\/www.rezilio.com\/#logo"}},{"@type":"WebSite","@id":"https:\/\/www.rezilio.com\/#website","url":"https:\/\/www.rezilio.com\/","name":"Rezilio Technologie Inc.","description":"","publisher":{"@id":"https:\/\/www.rezilio.com\/#organization"},"potentialAction":[{"@type":"SearchAction","target":{"@type":"EntryPoint","urlTemplate":"https:\/\/www.rezilio.com\/?s={search_term_string}"},"query-input":"required name=search_term_string"}],"inLanguage":"es"},{"@type":"ImageObject","@id":"https:\/\/www.rezilio.com\/es\/sectores\/entretenimiento-y-espectaculo\/#primaryimage","inLanguage":"es","url":"https:\/\/www.rezilio.com\/wp-content\/uploads\/2020\/03\/industrie-divertissement-spectacle.png","contentUrl":"https:\/\/www.rezilio.com\/wp-content\/uploads\/2020\/03\/industrie-divertissement-spectacle.png","width":457,"height":264},{"@type":"WebPage","@id":"https:\/\/www.rezilio.com\/es\/sectores\/entretenimiento-y-espectaculo\/#webpage","url":"https:\/\/www.rezilio.com\/es\/sectores\/entretenimiento-y-espectaculo\/","name":"Entretenimiento y espect\u00e1culo - Rezilio Technology Inc.","isPartOf":{"@id":"https:\/\/www.rezilio.com\/#website"},"primaryImageOfPage":{"@id":"https:\/\/www.rezilio.com\/es\/sectores\/entretenimiento-y-espectaculo\/#primaryimage"},"datePublished":"2021-10-27T16:55:34+00:00","dateModified":"2022-05-30T18:32:40+00:00","description":"Cuando se trata de eventos, es importante estar preparado y equipado en caso de crisis. Descubra c\u00f3mo puede ayudarle Rezilio.","breadcrumb":{"@id":"https:\/\/www.rezilio.com\/es\/sectores\/entretenimiento-y-espectaculo\/#breadcrumb"},"inLanguage":"es","potentialAction":[{"@type":"ReadAction","target":["https:\/\/www.rezilio.com\/es\/sectores\/entretenimiento-y-espectaculo\/"]}]},{"@type":"BreadcrumbList","@id":"https:\/\/www.rezilio.com\/es\/sectores\/entretenimiento-y-espectaculo\/#breadcrumb","itemListElement":[{"@type":"ListItem","position":1,"name":"Accueil","item":"https:\/\/www.rezilio.com\/es\/"},{"@type":"ListItem","position":2,"name":"\u00c1reas de servicio","item":"https:\/\/www.rezilio.com\/es\/sectores\/"},{"@type":"ListItem","position":3,"name":"Entretenimiento y espect\u00e1culo"}]}]}},"taxonomy_info":[],"featured_image_src_large":false,"author_info":{"display_name":"Isabelle Custeau","author_link":"https:\/\/www.rezilio.com\/es\/author\/isabelle-custeaurezilio-com\/"},"comment_info":0,"_links":{"self":[{"href":"https:\/\/www.rezilio.com\/es\/wp-json\/wp\/v2\/pages\/3833","targetHints":{"allow":["GET"]}}],"collection":[{"href":"https:\/\/www.rezilio.com\/es\/wp-json\/wp\/v2\/pages"}],"about":[{"href":"https:\/\/www.rezilio.com\/es\/wp-json\/wp\/v2\/types\/page"}],"author":[{"embeddable":true,"href":"https:\/\/www.rezilio.com\/es\/wp-json\/wp\/v2\/users\/9"}],"replies":[{"embeddable":true,"href":"https:\/\/www.rezilio.com\/es\/wp-json\/wp\/v2\/comments?post=3833"}],"version-history":[{"count":3,"href":"https:\/\/www.rezilio.com\/es\/wp-json\/wp\/v2\/pages\/3833\/revisions"}],"predecessor-version":[{"id":4205,"href":"https:\/\/www.rezilio.com\/es\/wp-json\/wp\/v2\/pages\/3833\/revisions\/4205"}],"up":[{"embeddable":true,"href":"https:\/\/www.rezilio.com\/es\/wp-json\/wp\/v2\/pages\/3698"}],"wp:attachment":[{"href":"https:\/\/www.rezilio.com\/es\/wp-json\/wp\/v2\/media?parent=3833"}],"curies":[{"name":"wp","href":"https:\/\/api.w.org\/{rel}","templated":true}]}}