{"id":3921,"date":"2020-03-12T13:30:44","date_gmt":"2020-03-12T13:30:44","guid":{"rendered":"https:\/\/www.rezilio.com\/sectores\/industries\/"},"modified":"2022-05-30T18:34:17","modified_gmt":"2022-05-30T18:34:17","slug":"industrias-y-comercios","status":"publish","type":"page","link":"https:\/\/www.rezilio.com\/es\/sectores\/industrias-y-comercios\/","title":{"rendered":"Industrias"},"content":{"rendered":"<style>#kt-layout-id_848834-c2 > .kt-row-column-wrap{align-content:start;}:where(#kt-layout-id_848834-c2 > .kt-row-column-wrap) > .wp-block-kadence-column{justify-content:start;}#kt-layout-id_848834-c2 > .kt-row-column-wrap{column-gap:var(--global-kb-gap-md, 2rem);row-gap:var(--global-kb-gap-md, 2rem);max-width:800px;margin-left:auto;margin-right:auto;padding-top:var( --global-kb-row-default-top, 25px );padding-bottom:var( --global-kb-row-default-bottom, 25px );padding-top:var(--global-kb-spacing-sm, 1.5rem);padding-bottom:var(--global-kb-spacing-sm, 1.5rem);grid-template-columns:minmax(0, 1fr);}#kt-layout-id_848834-c2 > .kt-row-layout-overlay{opacity:0.30;}@media all and (max-width: 1024px){#kt-layout-id_848834-c2 > .kt-row-column-wrap{grid-template-columns:minmax(0, 1fr);}}@media all and (max-width: 767px){#kt-layout-id_848834-c2 > .kt-row-column-wrap{grid-template-columns:minmax(0, 1fr);}}<\/style>\n<div class=\"wp-block-kadence-rowlayout alignnone\"><div id=\"kt-layout-id_848834-c2\" class=\"kt-row-layout-inner kt-layout-id_848834-c2\"><div class=\"kt-row-column-wrap kt-has-1-columns kt-gutter-default kt-v-gutter-default kt-row-valign-top kt-row-layout-equal kt-tab-layout-inherit kt-m-colapse-left-to-right kt-mobile-layout-row\"><style>.kadence-column_b1bbde-23 > .kt-inside-inner-col{border-top-width:0px;border-right-width:0px;border-bottom-width:0px;border-left-width:0px;}.kadence-column_b1bbde-23 > .kt-inside-inner-col,.kadence-column_b1bbde-23 > .kt-inside-inner-col:before{border-top-left-radius:0px;border-top-right-radius:0px;border-bottom-right-radius:0px;border-bottom-left-radius:0px;}.kadence-column_b1bbde-23 > .kt-inside-inner-col{column-gap:var(--global-kb-gap-sm, 1rem);}.kadence-column_b1bbde-23 > .kt-inside-inner-col{flex-direction:column;}.kadence-column_b1bbde-23 > .kt-inside-inner-col > .aligncenter{width:100%;}.kadence-column_b1bbde-23 > .kt-inside-inner-col:before{opacity:0.3;}.kadence-column_b1bbde-23{position:relative;}@media all and (max-width: 1024px){.kadence-column_b1bbde-23 > .kt-inside-inner-col{flex-direction:column;justify-content:center;}}@media all and (max-width: 767px){.kadence-column_b1bbde-23 > .kt-inside-inner-col{flex-direction:column;justify-content:center;}}<\/style>\n<div class=\"wp-block-kadence-column inner-column-1 kadence-column_b1bbde-23\"><div class=\"kt-inside-inner-col\"><style>.wp-block-kadence-advancedheading.kt-adv-heading_8e6a96-a3, .wp-block-kadence-advancedheading.kt-adv-heading_8e6a96-a3[data-kb-block=\"kb-adv-heading_8e6a96-a3\"]{text-align:center;font-style:normal;}.wp-block-kadence-advancedheading.kt-adv-heading_8e6a96-a3 mark.kt-highlight, .wp-block-kadence-advancedheading.kt-adv-heading_8e6a96-a3[data-kb-block=\"kb-adv-heading_8e6a96-a3\"] mark.kt-highlight{font-style:normal;color:#f76a0c;-webkit-box-decoration-break:clone;box-decoration-break:clone;padding-top:0px;padding-right:0px;padding-bottom:0px;padding-left:0px;}<\/style>\n<h6 class=\"kt-adv-heading_8e6a96-a3 wp-block-kadence-advancedheading\" data-kb-block=\"kb-adv-heading_8e6a96-a3\"><em><em><em><em>Rezilio le ayuda a reducir el riesgo, a eliminar los da\u00f1os evitables y a gestionar las cat\u00e1strofes (desastre, aver\u00eda, falta de agua, interrupci\u00f3n de la actividad).<\/em><\/em><\/em><\/em><\/h6>\n<\/div><\/div>\n<\/div><\/div><\/div>\n\n\n<style>#kt-layout-id_0848fa-bb > .kt-row-column-wrap{align-content:start;}:where(#kt-layout-id_0848fa-bb > .kt-row-column-wrap) > .wp-block-kadence-column{justify-content:start;}#kt-layout-id_0848fa-bb > .kt-row-column-wrap{column-gap:var(--global-kb-gap-md, 2rem);row-gap:var(--global-kb-gap-md, 2rem);padding-top:var( --global-kb-row-default-top, 25px );padding-bottom:var( --global-kb-row-default-bottom, 25px );padding-top:75px;grid-template-columns:minmax(0, calc(50% - ((var(--global-kb-gap-md, 2rem) * 1 )\/2)))minmax(0, calc(50% - ((var(--global-kb-gap-md, 2rem) * 1 )\/2)));}#kt-layout-id_0848fa-bb > .kt-row-layout-overlay{opacity:0.30;}@media all and (max-width: 1024px){#kt-layout-id_0848fa-bb > .kt-row-column-wrap{grid-template-columns:repeat(2, minmax(0, 1fr));}}@media all and (max-width: 767px){#kt-layout-id_0848fa-bb > .kt-row-column-wrap{grid-template-columns:minmax(0, 1fr);}}<\/style>\n<div class=\"wp-block-kadence-rowlayout alignnone\"><div id=\"kt-layout-id_0848fa-bb\" class=\"kt-row-layout-inner kt-layout-id_0848fa-bb\"><div class=\"kt-row-column-wrap kt-has-2-columns kt-gutter-default kt-v-gutter-default kt-row-valign-top kt-row-layout-equal kt-tab-layout-inherit kt-m-colapse-left-to-right kt-mobile-layout-row  kt-custom-first-width-50  kt-custom-second-width-50\"><style>.kadence-column_a194ac-3a > .kt-inside-inner-col{border-top-width:0px;border-right-width:0px;border-bottom-width:0px;border-left-width:0px;}.kadence-column_a194ac-3a > .kt-inside-inner-col,.kadence-column_a194ac-3a > .kt-inside-inner-col:before{border-top-left-radius:0px;border-top-right-radius:0px;border-bottom-right-radius:0px;border-bottom-left-radius:0px;}.kadence-column_a194ac-3a > .kt-inside-inner-col{column-gap:var(--global-kb-gap-sm, 1rem);}.kadence-column_a194ac-3a > .kt-inside-inner-col{flex-direction:column;}.kadence-column_a194ac-3a > .kt-inside-inner-col > .aligncenter{width:100%;}.kadence-column_a194ac-3a > .kt-inside-inner-col:before{opacity:0.3;}.kadence-column_a194ac-3a{position:relative;}@media all and (max-width: 1024px){.kadence-column_a194ac-3a > .kt-inside-inner-col{flex-direction:column;justify-content:center;}}@media all and (max-width: 767px){.kadence-column_a194ac-3a > .kt-inside-inner-col{flex-direction:column;justify-content:center;}}<\/style>\n<div class=\"wp-block-kadence-column inner-column-1 kadence-column_a194ac-3a\"><div class=\"kt-inside-inner-col\">\n<p>M\u00e1s que un software de respuesta, Rezilio le permite salvaguardar sus instalaciones, proteger su imagen, mantener a sus clientes y acelerar la vuelta a la actividad normal, entre otras cosas.<\/p>\n\n\n\n<p>Mejore su capacidad de recuperaci\u00f3n en caso de un incidente grave para proteger mejor a sus empleados, a sus clientes y as\u00ed preservar su valor. Su asegurabilidad es un reto que a veces se subestima dentro de un sector o una empresa.<\/p>\n\n\n\n<p>Rezilio le ayuda a reducir el riesgo, a eliminar los da\u00f1os evitables y a gestionar las cat\u00e1strofes (cat\u00e1strofe, aver\u00eda, falta de agua, interrupci\u00f3n de la actividad). M\u00e1s que un software de respuesta, Rezilio le permite salvaguardar sus instalaciones, proteger su imagen, mantener a sus clientes y acelerar la vuelta a la normalidad, entre otras cosas.<\/p>\n<\/div><\/div>\n\n\n<style>.kadence-column_3fa8a9-21 > .kt-inside-inner-col{border-top-width:0px;border-right-width:0px;border-bottom-width:0px;border-left-width:0px;}.kadence-column_3fa8a9-21 > .kt-inside-inner-col,.kadence-column_3fa8a9-21 > .kt-inside-inner-col:before{border-top-left-radius:0px;border-top-right-radius:0px;border-bottom-right-radius:0px;border-bottom-left-radius:0px;}.kadence-column_3fa8a9-21 > .kt-inside-inner-col{column-gap:var(--global-kb-gap-sm, 1rem);}.kadence-column_3fa8a9-21 > .kt-inside-inner-col{flex-direction:column;}.kadence-column_3fa8a9-21 > .kt-inside-inner-col > .aligncenter{width:100%;}.kadence-column_3fa8a9-21 > .kt-inside-inner-col:before{opacity:0.3;}.kadence-column_3fa8a9-21{position:relative;}@media all and (max-width: 1024px){.kadence-column_3fa8a9-21 > .kt-inside-inner-col{flex-direction:column;justify-content:center;}}@media all and (max-width: 767px){.kadence-column_3fa8a9-21 > .kt-inside-inner-col{flex-direction:column;justify-content:center;}}<\/style>\n<div class=\"wp-block-kadence-column inner-column-2 kadence-column_3fa8a9-21\"><div class=\"kt-inside-inner-col\">\n<div class=\"wp-block-image\"><figure class=\"aligncenter size-full\"><img decoding=\"async\" width=\"457\" height=\"432\" src=\"https:\/\/www.rezilio.com\/wp-content\/uploads\/2020\/03\/icn-industriel.png\" alt=\"\" class=\"wp-image-1461\"\/><\/figure><\/div>\n<\/div><\/div>\n<\/div><\/div><\/div>\n<span class=\"kt-load-after-post\"><\/span>","protected":false},"excerpt":{"rendered":"<p>Rezilio le ayuda a reducir el riesgo, a eliminar los da\u00f1os evitables y a gestionar las cat\u00e1strofes (desastre, aver\u00eda, falta de agua, interrupci\u00f3n de la actividad). M\u00e1s que un software de respuesta, Rezilio le permite salvaguardar sus instalaciones, proteger su imagen, mantener a sus clientes y acelerar la vuelta a la actividad normal, entre otras&#8230;<\/p>\n","protected":false},"author":2,"featured_media":3922,"parent":3698,"menu_order":0,"comment_status":"closed","ping_status":"closed","template":"","meta":{"_kad_blocks_custom_css":"","_kad_blocks_head_custom_js":"","_kad_blocks_body_custom_js":"","_kad_blocks_footer_custom_js":"","_kad_post_transparent":"","_kad_post_title":"","_kad_post_layout":"","_kad_post_sidebar_id":"","_kad_post_content_style":"","_kad_post_vertical_padding":"","_kad_post_feature":"","_kad_post_feature_position":"","_kad_post_header":false,"_kad_post_footer":false,"footnotes":""},"class_list":["post-3921","page","type-page","status-publish","has-post-thumbnail","hentry"],"yoast_head":"<!-- This site is optimized with the Yoast SEO plugin v17.4 - https:\/\/yoast.com\/wordpress\/plugins\/seo\/ -->\n<title>Industrias - Rezilio Technology Inc.<\/title>\n<meta name=\"description\" content=\"C\u00f3mo reducir los riesgos al m\u00e1ximo para que los empleados y el p\u00fablico no se vean afectados. Descubra c\u00f3mo puede ayudarle Rezilio.\" \/>\n<meta name=\"robots\" content=\"index, follow, max-snippet:-1, max-image-preview:large, max-video-preview:-1\" \/>\n<link rel=\"canonical\" href=\"https:\/\/www.rezilio.com\/es\/sectores\/industrias-y-comercios\/\" \/>\n<meta property=\"og:locale\" content=\"es_ES\" \/>\n<meta property=\"og:type\" content=\"article\" \/>\n<meta property=\"og:title\" content=\"Industrias - Rezilio Technology Inc.\" \/>\n<meta property=\"og:description\" content=\"C\u00f3mo reducir los riesgos al m\u00e1ximo para que los empleados y el p\u00fablico no se vean afectados. Descubra c\u00f3mo puede ayudarle Rezilio.\" \/>\n<meta property=\"og:url\" content=\"https:\/\/www.rezilio.com\/es\/sectores\/industrias-y-comercios\/\" \/>\n<meta property=\"og:site_name\" content=\"Rezilio Technologie Inc.\" \/>\n<meta property=\"article:modified_time\" content=\"2022-05-30T18:34:17+00:00\" \/>\n<meta property=\"og:image\" content=\"https:\/\/www.rezilio.com\/wp-content\/uploads\/2020\/04\/rezilio-industries-commeces-entreprises.png\" \/>\n\t<meta property=\"og:image:width\" content=\"1046\" \/>\n\t<meta property=\"og:image:height\" content=\"669\" \/>\n<meta name=\"twitter:card\" content=\"summary_large_image\" \/>\n<meta name=\"twitter:label1\" content=\"Est. reading time\" \/>\n\t<meta name=\"twitter:data1\" content=\"1 minute\" \/>\n<script type=\"application\/ld+json\" class=\"yoast-schema-graph\">{\"@context\":\"https:\/\/schema.org\",\"@graph\":[{\"@type\":\"Organization\",\"@id\":\"https:\/\/www.rezilio.com\/#organization\",\"name\":\"Rezilio\",\"url\":\"https:\/\/www.rezilio.com\/\",\"sameAs\":[],\"logo\":{\"@type\":\"ImageObject\",\"@id\":\"https:\/\/www.rezilio.com\/#logo\",\"inLanguage\":\"es\",\"url\":\"https:\/\/www.rezilio.com\/wp-content\/uploads\/2020\/03\/rezilio-logo.png\",\"contentUrl\":\"https:\/\/www.rezilio.com\/wp-content\/uploads\/2020\/03\/rezilio-logo.png\",\"width\":201,\"height\":45,\"caption\":\"Rezilio\"},\"image\":{\"@id\":\"https:\/\/www.rezilio.com\/#logo\"}},{\"@type\":\"WebSite\",\"@id\":\"https:\/\/www.rezilio.com\/#website\",\"url\":\"https:\/\/www.rezilio.com\/\",\"name\":\"Rezilio Technologie Inc.\",\"description\":\"\",\"publisher\":{\"@id\":\"https:\/\/www.rezilio.com\/#organization\"},\"potentialAction\":[{\"@type\":\"SearchAction\",\"target\":{\"@type\":\"EntryPoint\",\"urlTemplate\":\"https:\/\/www.rezilio.com\/?s={search_term_string}\"},\"query-input\":\"required name=search_term_string\"}],\"inLanguage\":\"es\"},{\"@type\":\"ImageObject\",\"@id\":\"https:\/\/www.rezilio.com\/es\/sectores\/industrias-y-comercios\/#primaryimage\",\"inLanguage\":\"es\",\"url\":\"https:\/\/www.rezilio.com\/wp-content\/uploads\/2020\/04\/rezilio-industries-commeces-entreprises.png\",\"contentUrl\":\"https:\/\/www.rezilio.com\/wp-content\/uploads\/2020\/04\/rezilio-industries-commeces-entreprises.png\",\"width\":1046,\"height\":669},{\"@type\":\"WebPage\",\"@id\":\"https:\/\/www.rezilio.com\/es\/sectores\/industrias-y-comercios\/#webpage\",\"url\":\"https:\/\/www.rezilio.com\/es\/sectores\/industrias-y-comercios\/\",\"name\":\"Industrias - Rezilio Technology Inc.\",\"isPartOf\":{\"@id\":\"https:\/\/www.rezilio.com\/#website\"},\"primaryImageOfPage\":{\"@id\":\"https:\/\/www.rezilio.com\/es\/sectores\/industrias-y-comercios\/#primaryimage\"},\"datePublished\":\"2020-03-12T13:30:44+00:00\",\"dateModified\":\"2022-05-30T18:34:17+00:00\",\"description\":\"C\\u00f3mo reducir los riesgos al m\\u00e1ximo para que los empleados y el p\\u00fablico no se vean afectados. Descubra c\\u00f3mo puede ayudarle Rezilio.\",\"breadcrumb\":{\"@id\":\"https:\/\/www.rezilio.com\/es\/sectores\/industrias-y-comercios\/#breadcrumb\"},\"inLanguage\":\"es\",\"potentialAction\":[{\"@type\":\"ReadAction\",\"target\":[\"https:\/\/www.rezilio.com\/es\/sectores\/industrias-y-comercios\/\"]}]},{\"@type\":\"BreadcrumbList\",\"@id\":\"https:\/\/www.rezilio.com\/es\/sectores\/industrias-y-comercios\/#breadcrumb\",\"itemListElement\":[{\"@type\":\"ListItem\",\"position\":1,\"name\":\"Accueil\",\"item\":\"https:\/\/www.rezilio.com\/es\/\"},{\"@type\":\"ListItem\",\"position\":2,\"name\":\"\\u00c1reas de servicio\",\"item\":\"https:\/\/www.rezilio.com\/es\/sectores\/\"},{\"@type\":\"ListItem\",\"position\":3,\"name\":\"Industrias\"}]}]}<\/script>\n<!-- \/ Yoast SEO plugin. -->","yoast_head_json":{"title":"Industrias - Rezilio Technology Inc.","description":"C\u00f3mo reducir los riesgos al m\u00e1ximo para que los empleados y el p\u00fablico no se vean afectados. Descubra c\u00f3mo puede ayudarle Rezilio.","robots":{"index":"index","follow":"follow","max-snippet":"max-snippet:-1","max-image-preview":"max-image-preview:large","max-video-preview":"max-video-preview:-1"},"canonical":"https:\/\/www.rezilio.com\/es\/sectores\/industrias-y-comercios\/","og_locale":"es_ES","og_type":"article","og_title":"Industrias - Rezilio Technology Inc.","og_description":"C\u00f3mo reducir los riesgos al m\u00e1ximo para que los empleados y el p\u00fablico no se vean afectados. Descubra c\u00f3mo puede ayudarle Rezilio.","og_url":"https:\/\/www.rezilio.com\/es\/sectores\/industrias-y-comercios\/","og_site_name":"Rezilio Technologie Inc.","article_modified_time":"2022-05-30T18:34:17+00:00","og_image":[{"width":1046,"height":669,"url":"https:\/\/www.rezilio.com\/wp-content\/uploads\/2020\/04\/rezilio-industries-commeces-entreprises.png","type":"image\/png"}],"twitter_card":"summary_large_image","twitter_misc":{"Est. reading time":"1 minute"},"schema":{"@context":"https:\/\/schema.org","@graph":[{"@type":"Organization","@id":"https:\/\/www.rezilio.com\/#organization","name":"Rezilio","url":"https:\/\/www.rezilio.com\/","sameAs":[],"logo":{"@type":"ImageObject","@id":"https:\/\/www.rezilio.com\/#logo","inLanguage":"es","url":"https:\/\/www.rezilio.com\/wp-content\/uploads\/2020\/03\/rezilio-logo.png","contentUrl":"https:\/\/www.rezilio.com\/wp-content\/uploads\/2020\/03\/rezilio-logo.png","width":201,"height":45,"caption":"Rezilio"},"image":{"@id":"https:\/\/www.rezilio.com\/#logo"}},{"@type":"WebSite","@id":"https:\/\/www.rezilio.com\/#website","url":"https:\/\/www.rezilio.com\/","name":"Rezilio Technologie Inc.","description":"","publisher":{"@id":"https:\/\/www.rezilio.com\/#organization"},"potentialAction":[{"@type":"SearchAction","target":{"@type":"EntryPoint","urlTemplate":"https:\/\/www.rezilio.com\/?s={search_term_string}"},"query-input":"required name=search_term_string"}],"inLanguage":"es"},{"@type":"ImageObject","@id":"https:\/\/www.rezilio.com\/es\/sectores\/industrias-y-comercios\/#primaryimage","inLanguage":"es","url":"https:\/\/www.rezilio.com\/wp-content\/uploads\/2020\/04\/rezilio-industries-commeces-entreprises.png","contentUrl":"https:\/\/www.rezilio.com\/wp-content\/uploads\/2020\/04\/rezilio-industries-commeces-entreprises.png","width":1046,"height":669},{"@type":"WebPage","@id":"https:\/\/www.rezilio.com\/es\/sectores\/industrias-y-comercios\/#webpage","url":"https:\/\/www.rezilio.com\/es\/sectores\/industrias-y-comercios\/","name":"Industrias - Rezilio Technology Inc.","isPartOf":{"@id":"https:\/\/www.rezilio.com\/#website"},"primaryImageOfPage":{"@id":"https:\/\/www.rezilio.com\/es\/sectores\/industrias-y-comercios\/#primaryimage"},"datePublished":"2020-03-12T13:30:44+00:00","dateModified":"2022-05-30T18:34:17+00:00","description":"C\u00f3mo reducir los riesgos al m\u00e1ximo para que los empleados y el p\u00fablico no se vean afectados. Descubra c\u00f3mo puede ayudarle Rezilio.","breadcrumb":{"@id":"https:\/\/www.rezilio.com\/es\/sectores\/industrias-y-comercios\/#breadcrumb"},"inLanguage":"es","potentialAction":[{"@type":"ReadAction","target":["https:\/\/www.rezilio.com\/es\/sectores\/industrias-y-comercios\/"]}]},{"@type":"BreadcrumbList","@id":"https:\/\/www.rezilio.com\/es\/sectores\/industrias-y-comercios\/#breadcrumb","itemListElement":[{"@type":"ListItem","position":1,"name":"Accueil","item":"https:\/\/www.rezilio.com\/es\/"},{"@type":"ListItem","position":2,"name":"\u00c1reas de servicio","item":"https:\/\/www.rezilio.com\/es\/sectores\/"},{"@type":"ListItem","position":3,"name":"Industrias"}]}]}},"taxonomy_info":[],"featured_image_src_large":["https:\/\/www.rezilio.com\/wp-content\/uploads\/2020\/04\/rezilio-industries-commeces-entreprises.png",1046,669,false],"author_info":{"display_name":"Web Standish","author_link":"https:\/\/www.rezilio.com\/es\/author\/standish\/"},"comment_info":0,"_links":{"self":[{"href":"https:\/\/www.rezilio.com\/es\/wp-json\/wp\/v2\/pages\/3921","targetHints":{"allow":["GET"]}}],"collection":[{"href":"https:\/\/www.rezilio.com\/es\/wp-json\/wp\/v2\/pages"}],"about":[{"href":"https:\/\/www.rezilio.com\/es\/wp-json\/wp\/v2\/types\/page"}],"author":[{"embeddable":true,"href":"https:\/\/www.rezilio.com\/es\/wp-json\/wp\/v2\/users\/2"}],"replies":[{"embeddable":true,"href":"https:\/\/www.rezilio.com\/es\/wp-json\/wp\/v2\/comments?post=3921"}],"version-history":[{"count":2,"href":"https:\/\/www.rezilio.com\/es\/wp-json\/wp\/v2\/pages\/3921\/revisions"}],"predecessor-version":[{"id":4198,"href":"https:\/\/www.rezilio.com\/es\/wp-json\/wp\/v2\/pages\/3921\/revisions\/4198"}],"up":[{"embeddable":true,"href":"https:\/\/www.rezilio.com\/es\/wp-json\/wp\/v2\/pages\/3698"}],"wp:featuredmedia":[{"embeddable":true,"href":"https:\/\/www.rezilio.com\/es\/wp-json\/wp\/v2\/media\/3922"}],"wp:attachment":[{"href":"https:\/\/www.rezilio.com\/es\/wp-json\/wp\/v2\/media?parent=3921"}],"curies":[{"name":"wp","href":"https:\/\/api.w.org\/{rel}","templated":true}]}}