{"id":4138,"date":"2021-11-02T15:52:03","date_gmt":"2021-11-02T15:52:03","guid":{"rendered":"https:\/\/www.rezilio.com\/?page_id=4138"},"modified":"2022-05-30T18:42:13","modified_gmt":"2022-05-30T18:42:13","slug":"terminos-y-condiciones","status":"publish","type":"page","link":"https:\/\/www.rezilio.com\/es\/terminos-y-condiciones\/","title":{"rendered":"T\u00e9rminos y condiciones"},"content":{"rendered":"\n<p>\u00daltima actualizaci\u00f3n : 1 de febrero de 2020<\/p>\n\n\n\n<h3 class=\"wp-block-heading\">LEA LOS T\u00c9RMINOS Y CONDICIONES ANTES DE UTILIZAR ESTE SITIO WEB<\/h3>\n\n\n\n<p>Los siguientes t\u00e9rminos y condiciones rigen y se aplican a su uso o confianza en el sitio web mantenido por Rezilio Technology Inc. (&#8220;el sitio&#8221;). <\/p>\n\n\n\n<p>Al acceder o navegar por el sitio, usted declara que ha le\u00eddo y comprendido las Condiciones de Uso y que est\u00e1 obligado a cumplirlas. Tenga en cuenta que podemos cambiar las condiciones de uso en cualquier momento sin previo aviso. El uso continuado del sitio se considerar\u00e1 como una aceptaci\u00f3n de los t\u00e9rminos y condiciones revisados.<\/p>\n\n\n\n<h4 class=\"wp-block-heading\">1. PROPIEDAD INTELECTUAL<\/h4>\n\n\n\n<p>Toda la propiedad intelectual del Sitio, a excepci\u00f3n del contenido generado por el usuario, tal y como se define a continuaci\u00f3n, es propiedad nuestra o de nuestros licenciantes e incluye cualquier material con derechos de autor, marcas comerciales o patentes. Todas las marcas son de nuestra propiedad, est\u00e1n registradas y\/o tienen licencia. Todo el contenido del sitio, excepto el contenido generado por el usuario como se define a continuaci\u00f3n, incluyendo pero no limitado a texto, software, c\u00f3digo, dise\u00f1o, gr\u00e1ficos, fotos, sonidos, m\u00fasica, videos, aplicaciones, caracter\u00edsticas interactivas y otros contenidos, es un trabajo colectivo bajo la ley de derechos de autor canadiense o de otro tipo y es propiedad de Rezilio Technology Inc.<\/p>\n\n\n\n<p>Todos los derechos reservados.<\/p>\n\n\n\n<h4 class=\"wp-block-heading\">2. USO DE CONTENIDOS DE LA EMPRESA<\/h4>\n\n\n\n<p>Podemos proporcionarle cierta informaci\u00f3n como resultado de su uso del Sitio, incluyendo, pero sin limitarse a, materiales, datos o informaci\u00f3n desarrollados por nosotros, o cualquier otro elemento que pueda ayudarle a utilizar el Sitio o los Servicios (el &#8220;Contenido de la Compa\u00f1\u00eda&#8221;). El contenido de la empresa no puede utilizarse para ning\u00fan otro fin que no sea el uso del sitio y de los servicios ofrecidos en \u00e9l. Nada de lo aqu\u00ed expuesto se interpretar\u00e1 como la concesi\u00f3n de una licencia o derecho de propiedad intelectual.<\/p>\n\n\n\n<h4 class=\"wp-block-heading\">3. CONTENIDO GENERADO POR EL USUARIO<\/h4>\n\n\n\n<p>El &#8220;Contenido generado por el usuario&#8221; incluye comunicaciones, materiales, informaci\u00f3n, datos, opiniones, fotos, perfiles, mensajes, notas, hiperv\u00ednculos, informaci\u00f3n textual, dise\u00f1os, gr\u00e1ficos, sonidos u otros contenidos que usted y\/u otros usuarios del Sitio publiquen o pongan a disposici\u00f3n en el Sitio o a trav\u00e9s de \u00e9l, excepto los contenidos que sean de nuestra propiedad.<\/p>\n\n\n\n<h4 class=\"wp-block-heading\">4. CUENTA DE USUARIO Y USO DE LA CUENTA<\/h4>\n\n\n\n<p>Si su uso del Sitio requiere una cuenta que le identifique como usuario del Sitio (una &#8220;Cuenta de Usuario&#8221;) :<\/p>\n\n\n\n<p>a) usted es el \u00fanico responsable de su cuenta de usuario, de mantener la confidencialidad y la seguridad de su cuenta de usuario y de cualquier contrase\u00f1a asociada a su cuenta de usuario, y de la actividad de cualquier persona que acceda a su cuenta con o sin su permiso ;<\/p>\n\n\n\n<p>b) usted se compromete a notificarnos inmediatamente cualquier uso no autorizado de su cuenta de usuario, de los servicios prestados a trav\u00e9s de su cuenta de usuario, de cualquier contrase\u00f1a vinculada a su cuenta de usuario o de cualquier otra violaci\u00f3n de la seguridad de su cuenta de usuario o de los servicios prestados a trav\u00e9s de su cuenta de usuario, y se compromete a ayudarnos, si se le solicita, a detener o remediar cualquier violaci\u00f3n de la seguridad relacionada con su cuenta ; y<\/p>\n\n\n\n<p>c) usted se compromete a proporcionar informaci\u00f3n de usuario veraz, precisa y actualizada, de la manera y forma que le solicitemos de vez en cuando, y se compromete a notificarnos cualquier cambio en su informaci\u00f3n de usuario seg\u00fan sea necesario para mantener la informaci\u00f3n que tenemos veraz, precisa y actualizada.<\/p>\n\n\n\n<h4 class=\"wp-block-heading\">5. USO ACEPTABLE DEL SITIO<\/h4>\n\n\n\n<p>Vous acceptez de ne pas utiliser le site pour des fins illicites ou toute autre fin interdite en vertu de la pr\u00e9sente clause. Vous acceptez de ne pas utiliser le site de quelconque fa\u00e7on qui pourrait nuire au site, aux services ou \u00e0 l&#8217;activit\u00e9 commerciale de Rezilio Technology Inc.<\/p>\n\n\n\n<p>Tambi\u00e9n se compromete a no utilizar el sitio para los siguientes fines :<\/p>\n\n\n\n<p>a) acosar, abusar o amenazar a otros o violar de otro modo los derechos de cualquier persona ;<\/p>\n\n\n\n<p>b) infringir la propiedad intelectual de Rezilio Technology Inc. o de cualquier otro tercero ;<\/p>\n\n\n\n<p>c) descargar o transmitir virus inform\u00e1ticos o cualquier otro software que pueda da\u00f1ar la propiedad de Rezilio Technology Inc. u otros ;<\/p>\n\n\n\n<p>d) cometer un fraude ;<\/p>\n\n\n\n<p>e) crear o participar en actividades de juego, loter\u00edas o esquemas piramidales ilegales ;<\/p>\n\n\n\n<p>f) publicar o distribuir material obsceno o difamatorio ;<\/p>\n\n\n\n<p>g) publicar o distribuir cualquier material que incite a la violencia, el odio o la discriminaci\u00f3n contra cualquier grupo ; y\/o <\/p>\n\n\n\n<p>h) recoger ilegalmente informaci\u00f3n sobre otros.<\/p>\n\n\n\n<h4 class=\"wp-block-heading\">6. PROTECCI\u00d3N DE LA INTIMIDAD<\/h4>\n\n\n\n<p>Al utilizar nuestro sitio, puede proporcionarnos cierta informaci\u00f3n. Al utilizar el sitio, usted nos autoriza a utilizar su informaci\u00f3n en Canad\u00e1 y en cualquier pa\u00eds en el que podamos operar.<\/p>\n\n\n\n<p>Cuando se registra para obtener una cuenta de usuario, nos proporciona una direcci\u00f3n de correo electr\u00f3nico v\u00e1lida y tambi\u00e9n puede proporcionarnos cierta informaci\u00f3n adicional, como su nombre y\/o informaci\u00f3n de facturaci\u00f3n. Dependiendo de c\u00f3mo utilice nuestro sitio, tambi\u00e9n podemos recibir informaci\u00f3n de aplicaciones externas que utilice para acceder a nuestro sitio o podemos recibir informaci\u00f3n sobre usted a trav\u00e9s de diversas tecnolog\u00edas web como cookies, registros, balizas web (tambi\u00e9n conocidas como &#8220;clear gifs&#8221;), etiquetas y similares.<\/p>\n\n\n\n<p>Utilizamos la informaci\u00f3n que recopilamos de usted para asegurarnos de que tenga una buena experiencia en el sitio. Tambi\u00e9n podemos rastrear parte de la informaci\u00f3n pasiva que recibimos para mejorar nuestro marketing y an\u00e1lisis, y podemos trabajar con proveedores externos para hacerlo. <\/p>\n\n\n\n<p>Si desea bloquear nuestro acceso a la informaci\u00f3n pasiva que recibimos por el uso de diversas tecnolog\u00edas, puede optar por desactivar las cookies en su navegador web. Tenga en cuenta que seguiremos recibiendo la informaci\u00f3n sobre usted que nos proporcione, como su direcci\u00f3n de correo electr\u00f3nico. <\/p>\n\n\n\n<h4 class=\"wp-block-heading\">7. INGENIER\u00cdA INVERSA Y SEGURIDAD<\/h4>\n\n\n\n<p>No puede hacer nada de lo siguiente :<\/p>\n\n\n\n<p>a) realizar ingenier\u00eda inversa o desensamblar cualquier c\u00f3digo o software en o desde este sitio ;<\/p>\n\n\n\n<p>b) violar o intentar violar la seguridad del Sitio mediante cualquier acceso no autorizado, la elusi\u00f3n del cifrado u otras herramientas de seguridad, la extracci\u00f3n de datos o la interferencia con cualquier host, usuario o red.<\/p>\n\n\n\n<h4 class=\"wp-block-heading\">8. P\u00c9RDIDA DE DATOS<\/h4>\n\n\n\n<p>No somos responsables de la seguridad de su cuenta de usuario ni del contenido de su cuenta. El uso del sitio es bajo su propio riesgo.<\/p>\n\n\n\n<h4 class=\"wp-block-heading\">9. INDEMNIZACI\u00d3N<\/h4>\n\n\n\n<p>Usted se compromete a defender, indemnizar y mantener indemne a Rezilio Technology Inc. y sus afiliados de y contra cualquier reclamo, juicio o demanda, incluyendo los honorarios de abogados, que surjan de o en relaci\u00f3n con su uso o mal uso del sitio, su violaci\u00f3n de este Acuerdo, o su conducta y acciones. Si decidimos hacerlo, seleccionaremos nuestro propio abogado y participaremos en nuestra propia defensa.<\/p>\n\n\n\n<h4 class=\"wp-block-heading\">10. POL\u00cdTICA DE SPAM<\/h4>\n\n\n\n<p>Se proh\u00edbe estrictamente el uso del Sitio o de cualquiera de los servicios ofrecidos en el Sitio para actividades ilegales de spam, incluyendo la recopilaci\u00f3n de direcciones e informaci\u00f3n personal de otros o el env\u00edo masivo de correo electr\u00f3nico comercial.<\/p>\n\n\n\n<h4 class=\"wp-block-heading\">11. ENLACES Y CONTENIDOS DE TERCEROS<\/h4>\n\n\n\n<p>Podemos publicar enlaces a sitios o servicios de terceros. No somos responsables de ning\u00fan da\u00f1o o p\u00e9rdida relacionada con el uso de servicios de terceros vinculados a nuestro sitio.<\/p>\n\n\n\n<h4 class=\"wp-block-heading\">12. INDEPENDENCIA DE LAS CL\u00c1USULAS<\/h4>\n\n\n\n<p>Si se determina que alguna disposici\u00f3n del presente Acuerdo es ilegal, nula o inaplicable, en su totalidad o en parte, la parte inaplicable no afectar\u00e1 a la validez y aplicabilidad de las restantes disposiciones del presente Acuerdo.<\/p>\n\n\n\n<h4 class=\"wp-block-heading\">13. INTERRUPCIONES DEL SERVICIO<\/h4>\n\n\n\n<p>Es posible que tengamos que interrumpir su acceso al Sitio para llevar a cabo trabajos de mantenimiento no programados o de emergencia. Usted acepta que su acceso al Sitio puede verse afectado por un tiempo de inactividad no planificado o imprevisto por cualquier motivo y que no seremos responsables de ning\u00fan da\u00f1o o p\u00e9rdida que se derive de dicho tiempo de inactividad.<\/p>\n\n\n\n<h4 class=\"wp-block-heading\">14. TERMINACI\u00d3N DE LA CUENTA DE USUARIO<\/h4>\n\n\n\n<p>Podemos suspender, limitar o cancelar su cuenta de usuario y su uso del Sitio a nuestra entera discreci\u00f3n, en cualquier momento, sin previo aviso y por cualquier motivo, incluido el funcionamiento o la eficacia del Sitio o de cualquier equipo o red de nuestra propiedad o de un tercero que se vea interferido por su uso o mal uso del Sitio o si ha incumplido o est\u00e1 incumpliendo cualquiera de los t\u00e9rminos del presente documento. No tendremos ninguna responsabilidad ante terceros, incluidos los proveedores de terceros, por la suspensi\u00f3n, limitaci\u00f3n o terminaci\u00f3n de su acceso al Sitio.<\/p>\n\n\n\n<h4 class=\"wp-block-heading\">15. SIN GARANT\u00cdAS<\/h4>\n\n\n\n<p>Aunque hemos hecho esfuerzos razonables para asegurar que el contenido de este sitio sea preciso, no garantizamos que dicho contenido est\u00e9 libre de errores, actualizado o completo. En ning\u00fan caso seremos responsables de los da\u00f1os y perjuicios derivados de cualquier error en el sitio.<\/p>\n\n\n\n<p>No asumimos ninguna responsabilidad por los da\u00f1os derivados del mal uso del contenido del sitio. Tampoco podemos garantizar que el sitio est\u00e9 disponible sin interrupci\u00f3n, sin errores u omisiones, o que se corrijan los defectos. Tampoco podemos garantizar que el sitio y los servidores que lo ponen a disposici\u00f3n est\u00e9n libres de virus o componentes da\u00f1inos. El sitio y sus contenidos se proporcionan &#8220;tal cual&#8221; y &#8220;seg\u00fan disponibilidad&#8221;, sin representaciones, garant\u00edas o condiciones de ning\u00fan tipo, ni expresas ni impl\u00edcitas.<\/p>\n\n\n\n<p>Si decide suscribirse a cualquier servicio o funci\u00f3nalidad del Sitio que requiera una suscripci\u00f3n, se compromete a proporcionar informaci\u00f3n precisa y actualizada sobre usted, tal y como se requiere en el proceso de registro o suscripci\u00f3n correspondiente, y a garantizar su exactitud realizando las actualizaciones necesarias lo antes posible. Usted se compromete a mantener la confidencialidad de las contrase\u00f1as u otros identificadores de cuenta que usted elija o se le asigne en el momento del registro o la suscripci\u00f3n en Rezilio Technology Inc. o sus socios y aceptar la responsabilidad de todas las actividades que se producen en virtud de dichas contrase\u00f1as o cuentas. Adem\u00e1s, se compromete a notificarnos cualquier uso no autorizado de su contrase\u00f1a o cuenta de miembro. No seremos responsables, directa o indirectamente, de cualquier p\u00e9rdida o da\u00f1o de cualquier tipo que se produzca como resultado de, o en relaci\u00f3n con, su incumplimiento de esta disposici\u00f3n.<\/p>\n\n\n\n<p>Usted reconoce que podemos, a nuestra \u00fanica y absoluta discreci\u00f3n, y sin previo aviso, suspender, cancelar o dar por terminada su cuenta, el uso o el acceso al Sitio o a cualquiera de sus servicios, y eliminar y descartar cualquier informaci\u00f3n o contenido relacionado con el Sitio o cualquiera de sus servicios (y poner fin a su uso), por cualquier motivo, incluso si creemos que usted ha violado estos T\u00e9rminos. Adem\u00e1s, acepta que no seremos responsables ante usted ni ante nadie como resultado de dicha suspensi\u00f3n, cancelaci\u00f3n o finalizaci\u00f3n. Si usted no est\u00e1 satisfecho con Rezilio Technology Inc. o cualquiera de sus servicios, o con cualquiera de estos t\u00e9rminos, reglas, pol\u00edticas, directrices o nuestras pr\u00e1cticas relacionadas con el funcionamiento de Rezilio Technology Inc. o cualquiera de sus servicios, su \u00fanico recurso es dejar de usar el sitio o servicio en cuesti\u00f3n.<\/p>\n\n\n\n<h4 class=\"wp-block-heading\">16. PRIVACIDAD<\/h4>\n\n\n\n<p>Adem\u00e1s de estas condiciones, el sitio tiene una pol\u00edtica de privacidad que describe c\u00f3mo se maneja la informaci\u00f3n personal cuando usted visita el sitio y c\u00f3mo se utilizan las cookies.<\/p>\n\n\n\n<p>Para m\u00e1s informaci\u00f3n, consulte nuestra Pol\u00edtica de Privacidad, disponible en nuestro sitio.<\/p>\n\n\n\n<p>Al navegar por el sitio, tambi\u00e9n declara haber le\u00eddo la pol\u00edtica de privacidad mencionada.<\/p>\n\n\n\n<h4 class=\"wp-block-heading\">17. LIMITACI\u00d3N DE LA RESPONSABILIDAD<\/h4>\n\n\n\n<p>No seremos responsables de ning\u00fan da\u00f1o que pueda sufrir como resultado de su uso del Sitio, en la medida en que lo permita la ley. <\/p>\n\n\n\n<h4 class=\"wp-block-heading\">18. PREGUNTAS E INFORMACI\u00d3N ADICIONAL <\/h4>\n\n\n\n<p>Si tiene alguna pregunta o necesita m\u00e1s informaci\u00f3n, p\u00f3ngase en contacto con nosotros en <a href=\"&#x6d;&#x61;&#x69;&#x6c;&#x74;&#x6f;&#x3a;&#x69;&#x6e;&#x66;&#x6f;&#x40;&#x72;&#x65;&#x7a;&#x69;&#x6c;&#x69;&#x6f;&#x2e;&#x63;&#x6f;&#x6d;\">&#105;&#x6e;&#x66;o&#64;&#x72;e&#122;&#x69;&#x6c;i&#111;&#x2e;c&#111;&#x6d;<\/a><\/p>\n<span class=\"kt-load-after-post\"><\/span>","protected":false},"excerpt":{"rendered":"<p>\u00daltima actualizaci\u00f3n : 1 de febrero de 2020 LEA LOS T\u00c9RMINOS Y CONDICIONES ANTES DE UTILIZAR ESTE SITIO WEB Los siguientes t\u00e9rminos y condiciones rigen y se aplican a su uso o confianza en el sitio web mantenido por Rezilio Technology Inc. (&#8220;el sitio&#8221;). Al acceder o navegar por el sitio, usted declara que ha&#8230;<\/p>\n","protected":false},"author":95,"featured_media":0,"parent":0,"menu_order":0,"comment_status":"closed","ping_status":"closed","template":"","meta":{"_kad_blocks_custom_css":"","_kad_blocks_head_custom_js":"","_kad_blocks_body_custom_js":"","_kad_blocks_footer_custom_js":"","_kad_post_transparent":"","_kad_post_title":"","_kad_post_layout":"","_kad_post_sidebar_id":"","_kad_post_content_style":"","_kad_post_vertical_padding":"","_kad_post_feature":"","_kad_post_feature_position":"","_kad_post_header":false,"_kad_post_footer":false,"footnotes":""},"class_list":["post-4138","page","type-page","status-publish","hentry"],"yoast_head":"<!-- This site is optimized with the Yoast SEO plugin v17.4 - https:\/\/yoast.com\/wordpress\/plugins\/seo\/ -->\n<title>T\u00e9rminos y condiciones - Rezilio Technology Inc.<\/title>\n<meta name=\"description\" content=\"Los t\u00e9rminos y condiciones que rigen y se aplican a su uso o confianza en el sitio mantenido por Rezilio Technology Inc.\" \/>\n<meta name=\"robots\" content=\"index, follow, max-snippet:-1, max-image-preview:large, max-video-preview:-1\" \/>\n<link rel=\"canonical\" href=\"https:\/\/www.rezilio.com\/es\/terminos-y-condiciones\/\" \/>\n<meta property=\"og:locale\" content=\"es_ES\" \/>\n<meta property=\"og:type\" content=\"article\" \/>\n<meta property=\"og:title\" content=\"T\u00e9rminos y condiciones - Rezilio Technology Inc.\" \/>\n<meta property=\"og:description\" content=\"Los t\u00e9rminos y condiciones que rigen y se aplican a su uso o confianza en el sitio mantenido por Rezilio Technology Inc.\" \/>\n<meta property=\"og:url\" content=\"https:\/\/www.rezilio.com\/es\/terminos-y-condiciones\/\" \/>\n<meta property=\"og:site_name\" content=\"Rezilio Technologie Inc.\" \/>\n<meta property=\"article:modified_time\" content=\"2022-05-30T18:42:13+00:00\" \/>\n<meta name=\"twitter:card\" content=\"summary_large_image\" \/>\n<meta name=\"twitter:label1\" content=\"Est. reading time\" \/>\n\t<meta name=\"twitter:data1\" content=\"9 minutes\" \/>\n<script type=\"application\/ld+json\" class=\"yoast-schema-graph\">{\"@context\":\"https:\/\/schema.org\",\"@graph\":[{\"@type\":\"Organization\",\"@id\":\"https:\/\/www.rezilio.com\/#organization\",\"name\":\"Rezilio\",\"url\":\"https:\/\/www.rezilio.com\/\",\"sameAs\":[],\"logo\":{\"@type\":\"ImageObject\",\"@id\":\"https:\/\/www.rezilio.com\/#logo\",\"inLanguage\":\"es\",\"url\":\"https:\/\/www.rezilio.com\/wp-content\/uploads\/2020\/03\/rezilio-logo.png\",\"contentUrl\":\"https:\/\/www.rezilio.com\/wp-content\/uploads\/2020\/03\/rezilio-logo.png\",\"width\":201,\"height\":45,\"caption\":\"Rezilio\"},\"image\":{\"@id\":\"https:\/\/www.rezilio.com\/#logo\"}},{\"@type\":\"WebSite\",\"@id\":\"https:\/\/www.rezilio.com\/#website\",\"url\":\"https:\/\/www.rezilio.com\/\",\"name\":\"Rezilio Technologie Inc.\",\"description\":\"\",\"publisher\":{\"@id\":\"https:\/\/www.rezilio.com\/#organization\"},\"potentialAction\":[{\"@type\":\"SearchAction\",\"target\":{\"@type\":\"EntryPoint\",\"urlTemplate\":\"https:\/\/www.rezilio.com\/?s={search_term_string}\"},\"query-input\":\"required name=search_term_string\"}],\"inLanguage\":\"es\"},{\"@type\":\"WebPage\",\"@id\":\"https:\/\/www.rezilio.com\/es\/terminos-y-condiciones\/#webpage\",\"url\":\"https:\/\/www.rezilio.com\/es\/terminos-y-condiciones\/\",\"name\":\"T\\u00e9rminos y condiciones - Rezilio Technology Inc.\",\"isPartOf\":{\"@id\":\"https:\/\/www.rezilio.com\/#website\"},\"datePublished\":\"2021-11-02T15:52:03+00:00\",\"dateModified\":\"2022-05-30T18:42:13+00:00\",\"description\":\"Los t\\u00e9rminos y condiciones que rigen y se aplican a su uso o confianza en el sitio mantenido por Rezilio Technology Inc.\",\"breadcrumb\":{\"@id\":\"https:\/\/www.rezilio.com\/es\/terminos-y-condiciones\/#breadcrumb\"},\"inLanguage\":\"es\",\"potentialAction\":[{\"@type\":\"ReadAction\",\"target\":[\"https:\/\/www.rezilio.com\/es\/terminos-y-condiciones\/\"]}]},{\"@type\":\"BreadcrumbList\",\"@id\":\"https:\/\/www.rezilio.com\/es\/terminos-y-condiciones\/#breadcrumb\",\"itemListElement\":[{\"@type\":\"ListItem\",\"position\":1,\"name\":\"Accueil\",\"item\":\"https:\/\/www.rezilio.com\/es\/\"},{\"@type\":\"ListItem\",\"position\":2,\"name\":\"T\\u00e9rminos y condiciones\"}]}]}<\/script>\n<!-- \/ Yoast SEO plugin. -->","yoast_head_json":{"title":"T\u00e9rminos y condiciones - Rezilio Technology Inc.","description":"Los t\u00e9rminos y condiciones que rigen y se aplican a su uso o confianza en el sitio mantenido por Rezilio Technology Inc.","robots":{"index":"index","follow":"follow","max-snippet":"max-snippet:-1","max-image-preview":"max-image-preview:large","max-video-preview":"max-video-preview:-1"},"canonical":"https:\/\/www.rezilio.com\/es\/terminos-y-condiciones\/","og_locale":"es_ES","og_type":"article","og_title":"T\u00e9rminos y condiciones - Rezilio Technology Inc.","og_description":"Los t\u00e9rminos y condiciones que rigen y se aplican a su uso o confianza en el sitio mantenido por Rezilio Technology Inc.","og_url":"https:\/\/www.rezilio.com\/es\/terminos-y-condiciones\/","og_site_name":"Rezilio Technologie Inc.","article_modified_time":"2022-05-30T18:42:13+00:00","twitter_card":"summary_large_image","twitter_misc":{"Est. reading time":"9 minutes"},"schema":{"@context":"https:\/\/schema.org","@graph":[{"@type":"Organization","@id":"https:\/\/www.rezilio.com\/#organization","name":"Rezilio","url":"https:\/\/www.rezilio.com\/","sameAs":[],"logo":{"@type":"ImageObject","@id":"https:\/\/www.rezilio.com\/#logo","inLanguage":"es","url":"https:\/\/www.rezilio.com\/wp-content\/uploads\/2020\/03\/rezilio-logo.png","contentUrl":"https:\/\/www.rezilio.com\/wp-content\/uploads\/2020\/03\/rezilio-logo.png","width":201,"height":45,"caption":"Rezilio"},"image":{"@id":"https:\/\/www.rezilio.com\/#logo"}},{"@type":"WebSite","@id":"https:\/\/www.rezilio.com\/#website","url":"https:\/\/www.rezilio.com\/","name":"Rezilio Technologie Inc.","description":"","publisher":{"@id":"https:\/\/www.rezilio.com\/#organization"},"potentialAction":[{"@type":"SearchAction","target":{"@type":"EntryPoint","urlTemplate":"https:\/\/www.rezilio.com\/?s={search_term_string}"},"query-input":"required name=search_term_string"}],"inLanguage":"es"},{"@type":"WebPage","@id":"https:\/\/www.rezilio.com\/es\/terminos-y-condiciones\/#webpage","url":"https:\/\/www.rezilio.com\/es\/terminos-y-condiciones\/","name":"T\u00e9rminos y condiciones - Rezilio Technology Inc.","isPartOf":{"@id":"https:\/\/www.rezilio.com\/#website"},"datePublished":"2021-11-02T15:52:03+00:00","dateModified":"2022-05-30T18:42:13+00:00","description":"Los t\u00e9rminos y condiciones que rigen y se aplican a su uso o confianza en el sitio mantenido por Rezilio Technology Inc.","breadcrumb":{"@id":"https:\/\/www.rezilio.com\/es\/terminos-y-condiciones\/#breadcrumb"},"inLanguage":"es","potentialAction":[{"@type":"ReadAction","target":["https:\/\/www.rezilio.com\/es\/terminos-y-condiciones\/"]}]},{"@type":"BreadcrumbList","@id":"https:\/\/www.rezilio.com\/es\/terminos-y-condiciones\/#breadcrumb","itemListElement":[{"@type":"ListItem","position":1,"name":"Accueil","item":"https:\/\/www.rezilio.com\/es\/"},{"@type":"ListItem","position":2,"name":"T\u00e9rminos y condiciones"}]}]}},"taxonomy_info":[],"featured_image_src_large":false,"author_info":{"display_name":"Michel Fortin","author_link":"https:\/\/www.rezilio.com\/es\/author\/michel-fortinrezilio-com\/"},"comment_info":0,"_links":{"self":[{"href":"https:\/\/www.rezilio.com\/es\/wp-json\/wp\/v2\/pages\/4138","targetHints":{"allow":["GET"]}}],"collection":[{"href":"https:\/\/www.rezilio.com\/es\/wp-json\/wp\/v2\/pages"}],"about":[{"href":"https:\/\/www.rezilio.com\/es\/wp-json\/wp\/v2\/types\/page"}],"author":[{"embeddable":true,"href":"https:\/\/www.rezilio.com\/es\/wp-json\/wp\/v2\/users\/95"}],"replies":[{"embeddable":true,"href":"https:\/\/www.rezilio.com\/es\/wp-json\/wp\/v2\/comments?post=4138"}],"version-history":[{"count":5,"href":"https:\/\/www.rezilio.com\/es\/wp-json\/wp\/v2\/pages\/4138\/revisions"}],"predecessor-version":[{"id":4218,"href":"https:\/\/www.rezilio.com\/es\/wp-json\/wp\/v2\/pages\/4138\/revisions\/4218"}],"wp:attachment":[{"href":"https:\/\/www.rezilio.com\/es\/wp-json\/wp\/v2\/media?parent=4138"}],"curies":[{"name":"wp","href":"https:\/\/api.w.org\/{rel}","templated":true}]}}